{"id":2334,"date":"2021-04-15T13:35:19","date_gmt":"2021-04-15T13:35:19","guid":{"rendered":"http:\/\/epass24.uncleserj.com\/automatisk-betalning\/"},"modified":"2024-06-24T13:32:30","modified_gmt":"2024-06-24T13:32:30","slug":"automatisk-betalning","status":"publish","type":"page","link":"https:\/\/wordpress-epass24-test.azurewebsites.net\/sv\/automatisk-betalning\/","title":{"rendered":"Automatisk betalning"},"content":{"rendered":"\t\t<div data-elementor-type=\"wp-page\" data-elementor-id=\"2334\" class=\"elementor elementor-2334 elementor-491\">\n\t\t\t\t\t\t\t\t\t<section class=\"elementor-section elementor-top-section elementor-element elementor-element-e2902d8 elementor-section-content-middle elementor-section-boxed elementor-section-height-default elementor-section-height-default\" data-id=\"e2902d8\" data-element_type=\"section\" id=\"hero\" data-settings=\"{&quot;background_background&quot;:&quot;classic&quot;}\">\n\t\t\t\t\t\t<div class=\"elementor-container elementor-column-gap-default\">\n\t\t\t\t\t<div class=\"elementor-column elementor-col-100 elementor-top-column elementor-element elementor-element-6d569b3d hero-wrapper\" data-id=\"6d569b3d\" data-element_type=\"column\">\n\t\t\t<div class=\"elementor-widget-wrap elementor-element-populated\">\n\t\t\t\t\t\t\t\t<div class=\"elementor-element elementor-element-58295d1b elementor-widget elementor-widget-heading\" data-id=\"58295d1b\" data-element_type=\"widget\" data-widget_type=\"heading.default\">\n\t\t\t\t<div class=\"elementor-widget-container\">\n\t\t\t<h1 class=\"elementor-heading-title elementor-size-xl\">Betala dina v\u00e4gavgifter med Epass24<\/h1>\t\t<\/div>\n\t\t\t\t<\/div>\n\t\t\t\t\t<\/div>\n\t\t<\/div>\n\t\t\t\t\t\t\t<\/div>\n\t\t<\/section>\n\t\t\t\t<section class=\"elementor-section elementor-top-section elementor-element elementor-element-9c013ac elementor-section-content-middle elementor-section-boxed elementor-section-height-default elementor-section-height-default\" data-id=\"9c013ac\" data-element_type=\"section\" data-settings=\"{&quot;background_background&quot;:&quot;classic&quot;}\">\n\t\t\t\t\t\t<div class=\"elementor-container elementor-column-gap-default\">\n\t\t\t\t\t<div class=\"elementor-column elementor-col-100 elementor-top-column elementor-element elementor-element-529c879\" data-id=\"529c879\" data-element_type=\"column\">\n\t\t\t<div class=\"elementor-widget-wrap elementor-element-populated\">\n\t\t\t\t\t\t\t\t<section class=\"elementor-section elementor-inner-section elementor-element elementor-element-9953b1f entry-content elementor-section-content-middle elementor-section-boxed elementor-section-height-default elementor-section-height-default\" data-id=\"9953b1f\" data-element_type=\"section\" data-settings=\"{&quot;background_background&quot;:&quot;classic&quot;}\">\n\t\t\t\t\t\t<div class=\"elementor-container elementor-column-gap-default\">\n\t\t\t\t\t<div class=\"elementor-column elementor-col-50 elementor-inner-column elementor-element elementor-element-4cb041a\" data-id=\"4cb041a\" data-element_type=\"column\">\n\t\t\t<div class=\"elementor-widget-wrap elementor-element-populated\">\n\t\t\t\t\t\t\t\t<div class=\"elementor-element elementor-element-76a1e55 elementor-widget elementor-widget-heading\" data-id=\"76a1e55\" data-element_type=\"widget\" data-widget_type=\"heading.default\">\n\t\t\t\t<div class=\"elementor-widget-container\">\n\t\t\t<h2 class=\"elementor-heading-title elementor-size-default\">V\u00e4gavgifter i Sverige &amp; Norge<\/h2>\t\t<\/div>\n\t\t\t\t<\/div>\n\t\t\t\t<div class=\"elementor-element elementor-element-5704159 elementor-widget elementor-widget-text-editor\" data-id=\"5704159\" data-element_type=\"widget\" data-widget_type=\"text-editor.default\">\n\t\t\t\t<div class=\"elementor-widget-container\">\n\t\t\t\t\t\t\t<p>I Sverige och Norge m\u00e5ste alla fordon, inklusive utlandsregistrerade fordon, betala v\u00e4gavgift. ANPR systemet (Automatic Number Plate Recognition System) registrera automatiskt fordon som passerar genom v\u00e4gn\u00e4tet.<\/p>\n<div class=\"elementor-element elementor-element-1f069e5 elementor-widget elementor-widget-text-editor\" data-id=\"1f069e5\" data-element_type=\"widget\" data-widget_type=\"text-editor.default\">\n<div class=\"elementor-widget-container\">\n<p>Epass24 anv\u00e4nds av alla v\u00e4goperat\u00f6rer i Sverige och Norge f\u00f6r att underl\u00e4tta betalning av v\u00e4gavgifter. Om ditt fordon \u00e4r registrerat i Sverige kan du betala alla dina norska v\u00e4gavgifter automatiskt med Epass24. D\u00e4remot kan du inte anv\u00e4nda ett Epass24 konto f\u00f6r att betala svenska v\u00e4gavgifter, om ditt fordon \u00e4r registrerat i Sverige. Har du ett fordon registrerat i Norge, kan du anv\u00e4nda Epass24 f\u00f6r att betala dina svenska v\u00e4gavgifter automatiskt.<\/p>\n<p>\u00c4gare till fordon registrerade utanf\u00f6r Sverige eller Norge kan anv\u00e4nda Epass24 f\u00f6r att betala alla avgifter.<\/p>\n<\/div>\n<\/div>\n<div class=\"elementor-element elementor-element-b59239c elementor-widget elementor-widget-text-editor\" data-id=\"b59239c\" data-element_type=\"widget\" data-widget_type=\"text-editor.default\">\n<div class=\"elementor-widget-container\">\n<p>Ett konto hos Epass24 s\u00e4kerst\u00e4ller att du betalar r\u00e4tt belopp i r\u00e4tt tid. Detta hj\u00e4lper dig att undvika att betala f\u00f6r sent, vilket kan medf\u00f6ra att ber\u00f6rd v\u00e4goperat\u00f6r kan p\u00e5l\u00e4gga extra avgifter f\u00f6r sen betalning.<\/p>\n<\/div>\n<\/div>\n<div class=\"elementor-element elementor-element-e6fe4e9 elementor-widget elementor-widget-text-editor\" data-id=\"e6fe4e9\" data-element_type=\"widget\" data-widget_type=\"text-editor.default\">\n<div class=\"elementor-widget-container\">\n<p>Du kan registrera flera fordon f\u00f6r enklare administration och kontroll.<\/p>\n<\/div>\n<\/div>\n<div class=\"elementor-element elementor-element-59330d8 elementor-widget elementor-widget-text-editor\" data-id=\"59330d8\" data-element_type=\"widget\" data-widget_type=\"text-editor.default\">\n<div class=\"elementor-widget-container\">\n<p>Epass24 \u00e4r gratis, du betalar bara f\u00f6r v\u00e4ganv\u00e4ndningen.<\/p>\n<\/div>\n<\/div>\n\t\t\t\t\t\t<\/div>\n\t\t\t\t<\/div>\n\t\t\t\t<div class=\"elementor-element elementor-element-211076e elementor-widget elementor-widget-text-editor\" data-id=\"211076e\" data-element_type=\"widget\" data-widget_type=\"text-editor.default\">\n\t\t\t\t<div class=\"elementor-widget-container\">\n\t\t\t\t\t\t\t<p><a class=\"btn btn-primary\" href=\"https:\/\/account.epass24.com\/sv\/create\/step1\" target=\"_blank\" rel=\"noopener\">Skapa konto<\/a><\/p>\n\t\t\t\t\t\t<\/div>\n\t\t\t\t<\/div>\n\t\t\t\t\t<\/div>\n\t\t<\/div>\n\t\t\t\t<div class=\"elementor-column elementor-col-50 elementor-inner-column elementor-element elementor-element-af7b5bd\" data-id=\"af7b5bd\" data-element_type=\"column\" data-settings=\"{&quot;background_background&quot;:&quot;classic&quot;}\">\n\t\t\t<div class=\"elementor-widget-wrap elementor-element-populated\">\n\t\t\t\t\t\t\t\t<div class=\"elementor-element elementor-element-9001d68 elementor-widget elementor-widget-text-editor\" data-id=\"9001d68\" data-element_type=\"widget\" data-widget_type=\"text-editor.default\">\n\t\t\t\t<div class=\"elementor-widget-container\">\n\t\t\t\t\t\t\t<figure><i>\u201dEn till\u00e4ggsavgift p\u00e5 500 sek utf\u00e4rdas om du betalar tr\u00e4ngselskatt i Sverige f\u00f6rsent.<\/i><\/p>\n<p><i>Med mitt Epass24 konto s\u00e4kerst\u00e4ller jag att betalningen alltid g\u00f6rs i r\u00e4tt tid. Tack Epass!\u201d<\/i><figcaption class=\"blockquote-footer\">Maximilian Herrmann, Dusselsdorf<\/figcaption><\/figure>\n\t\t\t\t\t\t<\/div>\n\t\t\t\t<\/div>\n\t\t\t\t<div class=\"elementor-element elementor-element-1f186f6 elementor-widget elementor-widget-text-editor\" data-id=\"1f186f6\" data-element_type=\"widget\" data-widget_type=\"text-editor.default\">\n\t\t\t\t<div class=\"elementor-widget-container\">\n\t\t\t\t\t\t\t<figure><i>\u201dVar p\u00e5 en underbar semester i Norge och k\u00f6rde genom Sverige.<\/i><\/p>\n<p><i>Under resan, registrerade jag mig p\u00e5 Epass24 och b\u00e5de mina svenska och norska v\u00e4gtullavgifter drogs p\u00e5 mitt kort helt automatiskt.<\/i><\/p>\n<p><i>Superenkelt och inte alls s\u00e5 som man \u00e4r van vid att betala v\u00e4gavgifter i Italien, d\u00e4r man beh\u00f6ver stanna vid tullstationen.&#8221;\u00a0<\/i><figcaption class=\"blockquote-footer\">Michaela Ponzio, Milano<\/figcaption><\/figure>\n\t\t\t\t\t\t<\/div>\n\t\t\t\t<\/div>\n\t\t\t\t\t<\/div>\n\t\t<\/div>\n\t\t\t\t\t\t\t<\/div>\n\t\t<\/section>\n\t\t\t\t\t<\/div>\n\t\t<\/div>\n\t\t\t\t\t\t\t<\/div>\n\t\t<\/section>\n\t\t\t\t<section class=\"elementor-section elementor-top-section elementor-element elementor-element-cecc4f2 has-padding elementor-section-content-middle elementor-section-boxed elementor-section-height-default elementor-section-height-default\" data-id=\"cecc4f2\" data-element_type=\"section\" data-settings=\"{&quot;background_background&quot;:&quot;classic&quot;}\">\n\t\t\t\t\t\t<div class=\"elementor-container elementor-column-gap-default\">\n\t\t\t\t\t<div class=\"elementor-column elementor-col-50 elementor-top-column elementor-element elementor-element-1ce27260 min-height border-top-left-radius\" data-id=\"1ce27260\" data-element_type=\"column\" data-settings=\"{&quot;background_background&quot;:&quot;classic&quot;}\">\n\t\t\t<div class=\"elementor-widget-wrap\">\n\t\t\t\t\t\t\t\t\t<\/div>\n\t\t<\/div>\n\t\t\t\t<div class=\"elementor-column elementor-col-50 elementor-top-column elementor-element elementor-element-2060727e border-top-right-radius\" data-id=\"2060727e\" data-element_type=\"column\" data-settings=\"{&quot;background_background&quot;:&quot;classic&quot;}\">\n\t\t\t<div class=\"elementor-widget-wrap elementor-element-populated\">\n\t\t\t\t\t\t\t\t<div class=\"elementor-element elementor-element-164788cb elementor-widget elementor-widget-heading\" data-id=\"164788cb\" data-element_type=\"widget\" data-widget_type=\"heading.default\">\n\t\t\t\t<div class=\"elementor-widget-container\">\n\t\t\t<h3 class=\"elementor-heading-title elementor-size-xl\">V\u00e4gavgifter<\/h3>\t\t<\/div>\n\t\t\t\t<\/div>\n\t\t\t\t<div class=\"elementor-element elementor-element-6f624989 part elementor-widget elementor-widget-text-editor\" data-id=\"6f624989\" data-element_type=\"widget\" data-widget_type=\"text-editor.default\">\n\t\t\t\t<div class=\"elementor-widget-container\">\n\t\t\t\t\t\t\t<p>V\u00e4gavgifter inf\u00f6rs i syfte att f\u00f6rb\u00e4ttra infrastruktur, h\u00e4lsa och milj\u00f6n i samh\u00e4llet.<\/p>\n\t\t\t\t\t\t<\/div>\n\t\t\t\t<\/div>\n\t\t\t\t<div class=\"elementor-element elementor-element-410c1ab5 bottom elementor-widget elementor-widget-text-editor\" data-id=\"410c1ab5\" data-element_type=\"widget\" data-widget_type=\"text-editor.default\">\n\t\t\t\t<div class=\"elementor-widget-container\">\n\t\t\t\t\t\t\t<p><a class=\"btn btn-primary\" title=\"Read More\" href=\"https:\/\/www.epass24.com\/sv\/vagavgifter\/\">Read more<\/a><\/p>\n\t\t\t\t\t\t<\/div>\n\t\t\t\t<\/div>\n\t\t\t\t\t<\/div>\n\t\t<\/div>\n\t\t\t\t\t\t\t<\/div>\n\t\t<\/section>\n\t\t\t\t<section class=\"elementor-section elementor-top-section elementor-element elementor-element-5af6a7ea has-padding elementor-section-content-middle elementor-section-boxed elementor-section-height-default elementor-section-height-default\" data-id=\"5af6a7ea\" data-element_type=\"section\" data-settings=\"{&quot;background_background&quot;:&quot;classic&quot;}\">\n\t\t\t\t\t\t<div class=\"elementor-container elementor-column-gap-default\">\n\t\t\t\t\t<div class=\"elementor-column elementor-col-50 elementor-top-column elementor-element elementor-element-69a07202 border-bottom-left-radius\" data-id=\"69a07202\" data-element_type=\"column\" data-settings=\"{&quot;background_background&quot;:&quot;classic&quot;}\">\n\t\t\t<div class=\"elementor-widget-wrap elementor-element-populated\">\n\t\t\t\t\t\t\t\t<div class=\"elementor-element elementor-element-45c6c1ee elementor-widget elementor-widget-heading\" data-id=\"45c6c1ee\" data-element_type=\"widget\" data-widget_type=\"heading.default\">\n\t\t\t\t<div class=\"elementor-widget-container\">\n\t\t\t<h3 class=\"elementor-heading-title elementor-size-large\">Anslutna operat\u00f6rer<\/h3>\t\t<\/div>\n\t\t\t\t<\/div>\n\t\t\t\t<div class=\"elementor-element elementor-element-49136d06 part elementor-widget elementor-widget-text-editor\" data-id=\"49136d06\" data-element_type=\"widget\" data-widget_type=\"text-editor.default\">\n\t\t\t\t<div class=\"elementor-widget-container\">\n\t\t\t\t\t\t\t<p>V\u00e4gavgifter \u00e5terfinns i olika former i de allra flesta Europiska l\u00e4nder. De hanteras och sk\u00f6ts av nationella och internationella v\u00e4goperat\u00f6rer.<\/p>\n\t\t\t\t\t\t<\/div>\n\t\t\t\t<\/div>\n\t\t\t\t<div class=\"elementor-element elementor-element-5aaa0691 bottom elementor-widget elementor-widget-text-editor\" data-id=\"5aaa0691\" data-element_type=\"widget\" data-widget_type=\"text-editor.default\">\n\t\t\t\t<div class=\"elementor-widget-container\">\n\t\t\t\t\t\t\t<p><a class=\"btn btn-primary\" title=\"L\u00e4s mer\" href=\"https:\/\/www.epass24.com\/sv\/operatorer\/\">L\u00e4s mer<\/a><\/p>\n\t\t\t\t\t\t<\/div>\n\t\t\t\t<\/div>\n\t\t\t\t\t<\/div>\n\t\t<\/div>\n\t\t\t\t<div class=\"elementor-column elementor-col-50 elementor-top-column elementor-element elementor-element-16706438 order min-height border-bottom-right-radius\" data-id=\"16706438\" data-element_type=\"column\" data-settings=\"{&quot;background_background&quot;:&quot;classic&quot;}\">\n\t\t\t<div class=\"elementor-widget-wrap\">\n\t\t\t\t\t\t\t\t\t<\/div>\n\t\t<\/div>\n\t\t\t\t\t\t\t<\/div>\n\t\t<\/section>\n\t\t\t\t\t\t\t<\/div>\n\t\t","protected":false},"excerpt":{"rendered":"<p>Betala dina v\u00e4gavgifter med Epass24 V\u00e4gavgifter i Sverige &amp; Norge I Sverige och Norge m\u00e5ste alla fordon, inklusive utlandsregistrerade fordon, betala v\u00e4gavgift. ANPR systemet (Automatic Number Plate Recognition System) registrera automatiskt fordon som passerar genom v\u00e4gn\u00e4tet. Epass24 anv\u00e4nds av alla v\u00e4goperat\u00f6rer i Sverige och Norge f\u00f6r att underl\u00e4tta betalning av v\u00e4gavgifter. Om ditt fordon \u00e4r [&hellip;]<\/p>\n","protected":false},"author":1,"featured_media":0,"parent":0,"menu_order":0,"comment_status":"closed","ping_status":"closed","template":"","meta":{"inline_featured_image":false},"acf":[],"_links":{"self":[{"href":"https:\/\/wordpress-epass24-test.azurewebsites.net\/sv\/wp-json\/wp\/v2\/pages\/2334"}],"collection":[{"href":"https:\/\/wordpress-epass24-test.azurewebsites.net\/sv\/wp-json\/wp\/v2\/pages"}],"about":[{"href":"https:\/\/wordpress-epass24-test.azurewebsites.net\/sv\/wp-json\/wp\/v2\/types\/page"}],"author":[{"embeddable":true,"href":"https:\/\/wordpress-epass24-test.azurewebsites.net\/sv\/wp-json\/wp\/v2\/users\/1"}],"replies":[{"embeddable":true,"href":"https:\/\/wordpress-epass24-test.azurewebsites.net\/sv\/wp-json\/wp\/v2\/comments?post=2334"}],"version-history":[{"count":46,"href":"https:\/\/wordpress-epass24-test.azurewebsites.net\/sv\/wp-json\/wp\/v2\/pages\/2334\/revisions"}],"predecessor-version":[{"id":6945,"href":"https:\/\/wordpress-epass24-test.azurewebsites.net\/sv\/wp-json\/wp\/v2\/pages\/2334\/revisions\/6945"}],"wp:attachment":[{"href":"https:\/\/wordpress-epass24-test.azurewebsites.net\/sv\/wp-json\/wp\/v2\/media?parent=2334"}],"curies":[{"name":"wp","href":"https:\/\/api.w.org\/{rel}","templated":true}]}}