{"id":2232,"date":"2021-04-15T09:56:58","date_gmt":"2021-04-15T09:56:58","guid":{"rendered":"http:\/\/epass24.uncleserj.com\/inkasso\/"},"modified":"2021-05-01T10:28:25","modified_gmt":"2021-05-01T10:28:25","slug":"inkasso","status":"publish","type":"page","link":"https:\/\/wordpress-epass24-test.azurewebsites.net\/sv\/inkasso\/","title":{"rendered":"Inkasso"},"content":{"rendered":"\t\t<div data-elementor-type=\"wp-page\" data-elementor-id=\"2232\" class=\"elementor elementor-2232 elementor-869\">\n\t\t\t\t\t\t\t\t\t<section class=\"elementor-section elementor-top-section elementor-element elementor-element-38b7d139 elementor-section-content-middle elementor-section-boxed elementor-section-height-default elementor-section-height-default\" data-id=\"38b7d139\" data-element_type=\"section\" id=\"hero\" data-settings=\"{&quot;background_background&quot;:&quot;classic&quot;}\">\n\t\t\t\t\t\t<div class=\"elementor-container elementor-column-gap-default\">\n\t\t\t\t\t<div class=\"elementor-column elementor-col-100 elementor-top-column elementor-element elementor-element-761cd94f hero-wrapper\" data-id=\"761cd94f\" data-element_type=\"column\">\n\t\t\t<div class=\"elementor-widget-wrap elementor-element-populated\">\n\t\t\t\t\t\t\t\t<div class=\"elementor-element elementor-element-7b26849d elementor-widget elementor-widget-heading\" data-id=\"7b26849d\" data-element_type=\"widget\" data-widget_type=\"heading.default\">\n\t\t\t\t<div class=\"elementor-widget-container\">\n\t\t\t<h1 class=\"elementor-heading-title elementor-size-default\">Inkassohantering i Europa <\/h1>\t\t<\/div>\n\t\t\t\t<\/div>\n\t\t\t\t\t<\/div>\n\t\t<\/div>\n\t\t\t\t\t\t\t<\/div>\n\t\t<\/section>\n\t\t\t\t<section class=\"elementor-section elementor-top-section elementor-element elementor-element-76db789a elementor-section-boxed elementor-section-height-default elementor-section-height-default\" data-id=\"76db789a\" data-element_type=\"section\" data-settings=\"{&quot;background_background&quot;:&quot;classic&quot;}\">\n\t\t\t\t\t\t<div class=\"elementor-container elementor-column-gap-default\">\n\t\t\t\t\t<div class=\"elementor-column elementor-col-100 elementor-top-column elementor-element elementor-element-5be0f583\" data-id=\"5be0f583\" data-element_type=\"column\">\n\t\t\t<div class=\"elementor-widget-wrap elementor-element-populated\">\n\t\t\t\t\t\t\t\t<section class=\"elementor-section elementor-inner-section elementor-element elementor-element-41a0c53 entry-content elementor-section-boxed elementor-section-height-default elementor-section-height-default\" data-id=\"41a0c53\" data-element_type=\"section\" data-settings=\"{&quot;background_background&quot;:&quot;classic&quot;}\">\n\t\t\t\t\t\t<div class=\"elementor-container elementor-column-gap-default\">\n\t\t\t\t\t<div class=\"elementor-column elementor-col-50 elementor-inner-column elementor-element elementor-element-732d823c\" data-id=\"732d823c\" data-element_type=\"column\">\n\t\t\t<div class=\"elementor-widget-wrap elementor-element-populated\">\n\t\t\t\t\t\t\t\t<div class=\"elementor-element elementor-element-73fc0214 elementor-widget elementor-widget-heading\" data-id=\"73fc0214\" data-element_type=\"widget\" data-widget_type=\"heading.default\">\n\t\t\t\t<div class=\"elementor-widget-container\">\n\t\t\t<h2 class=\"elementor-heading-title elementor-size-default\">Vi v\u00e4rnar likaprincipen<\/h2>\t\t<\/div>\n\t\t\t\t<\/div>\n\t\t\t\t<div class=\"elementor-element elementor-element-b132dcd elementor-widget elementor-widget-text-editor\" data-id=\"b132dcd\" data-element_type=\"widget\" data-widget_type=\"text-editor.default\">\n\t\t\t\t<div class=\"elementor-widget-container\">\n\t\t\t\t\t\t\t<p>Tanken med v\u00e4gavgift \u00e4r att den som anv\u00e4nder en v\u00e4g, bro eller parkeringsplats ocks\u00e5 ska vara den som betalar f\u00f6r anv\u00e4ndningen.<\/p>\n<p>N\u00e4stan alla \u00e4r \u00f6verens om denna princip och betalar s\u00e5ledes f\u00f6r sin anv\u00e4ndning. Men tyv\u00e4rr s\u00e5 struntar en liten del i detta.<\/p>\n<p>Det \u00e4r bara r\u00e4ttvist mot alla de som betalar att vi s\u00e4tter in inkasso\u00e5tg\u00e4rder mot de som, trots avisering och p\u00e5minnelse om betalning, v\u00e4ljer att \u00e4nd\u00e5 inte betala.<\/p>\n<p>Om en avgift l\u00e4mnas obetald kan den l\u00e4mnas vidare f\u00f6r inkasso\u00e5tg\u00e4rd i det land d\u00e4r fordons\u00e4garen \u00e4r bosatt.<\/p>\n<p>Den slutgiltiga kostnaden f\u00f6r den som inte betalar sina avgifter i tid kan d\u00e4rf\u00f6r \u00f6ka kraftigt. V\u00e4nligen notera ocks\u00e5 att om ett \u00e4rende har g\u00e5tt till inkasso beh\u00f6ver man som fordons\u00e4gare betala avgift direkt till inkassoombudet.<\/p>\n<p>Epass24 har utvecklat ett n\u00e4tverk av inkassopartners med ombud i samtliga europeiska l\u00e4nder. Om du har f\u00e5tt ett kravbrev fr\u00e5n n\u00e5gon av v\u00e5ra partners och har fr\u00e5gor s\u00e5 ska du kontakta dem direkt.<\/p>\n\t\t\t\t\t\t<\/div>\n\t\t\t\t<\/div>\n\t\t\t\t\t<\/div>\n\t\t<\/div>\n\t\t\t\t<div class=\"elementor-column elementor-col-50 elementor-inner-column elementor-element elementor-element-34760ff\" data-id=\"34760ff\" data-element_type=\"column\">\n\t\t\t<div class=\"elementor-widget-wrap elementor-element-populated\">\n\t\t\t\t\t\t\t\t<div class=\"elementor-element elementor-element-022cf7f elementor-widget elementor-widget-image\" data-id=\"022cf7f\" data-element_type=\"widget\" data-widget_type=\"image.default\">\n\t\t\t\t<div class=\"elementor-widget-container\">\n\t\t\t\t\t\t\t\t\t\t\t\t\t\t\t<img width=\"868\" height=\"748\" src=\"\/wp-content\/uploads\/map.png\" class=\"attachment-large size-large wp-image-1949\" alt=\"\" loading=\"lazy\" srcset=\"\/wp-content\/uploads\/map.png 868w, \/wp-content\/uploads\/map-300x259.png 300w, \/wp-content\/uploads\/map-768x662.png 768w\" sizes=\"(max-width: 868px) 100vw, 868px\" \/>\t\t\t\t\t\t\t\t\t\t\t\t\t\t\t<\/div>\n\t\t\t\t<\/div>\n\t\t\t\t\t<\/div>\n\t\t<\/div>\n\t\t\t\t\t\t\t<\/div>\n\t\t<\/section>\n\t\t\t\t\t<\/div>\n\t\t<\/div>\n\t\t\t\t\t\t\t<\/div>\n\t\t<\/section>\n\t\t\t\t\t\t\t<\/div>\n\t\t","protected":false},"excerpt":{"rendered":"<p>Inkassohantering i Europa Vi v\u00e4rnar likaprincipen Tanken med v\u00e4gavgift \u00e4r att den som anv\u00e4nder en v\u00e4g, bro eller parkeringsplats ocks\u00e5 ska vara den som betalar f\u00f6r anv\u00e4ndningen. N\u00e4stan alla \u00e4r \u00f6verens om denna princip och betalar s\u00e5ledes f\u00f6r sin anv\u00e4ndning. Men tyv\u00e4rr s\u00e5 struntar en liten del i detta. Det \u00e4r bara r\u00e4ttvist mot alla [&hellip;]<\/p>\n","protected":false},"author":1,"featured_media":0,"parent":0,"menu_order":0,"comment_status":"closed","ping_status":"closed","template":"","meta":{"inline_featured_image":false},"acf":[],"_links":{"self":[{"href":"https:\/\/wordpress-epass24-test.azurewebsites.net\/sv\/wp-json\/wp\/v2\/pages\/2232"}],"collection":[{"href":"https:\/\/wordpress-epass24-test.azurewebsites.net\/sv\/wp-json\/wp\/v2\/pages"}],"about":[{"href":"https:\/\/wordpress-epass24-test.azurewebsites.net\/sv\/wp-json\/wp\/v2\/types\/page"}],"author":[{"embeddable":true,"href":"https:\/\/wordpress-epass24-test.azurewebsites.net\/sv\/wp-json\/wp\/v2\/users\/1"}],"replies":[{"embeddable":true,"href":"https:\/\/wordpress-epass24-test.azurewebsites.net\/sv\/wp-json\/wp\/v2\/comments?post=2232"}],"version-history":[{"count":17,"href":"https:\/\/wordpress-epass24-test.azurewebsites.net\/sv\/wp-json\/wp\/v2\/pages\/2232\/revisions"}],"predecessor-version":[{"id":3245,"href":"https:\/\/wordpress-epass24-test.azurewebsites.net\/sv\/wp-json\/wp\/v2\/pages\/2232\/revisions\/3245"}],"wp:attachment":[{"href":"https:\/\/wordpress-epass24-test.azurewebsites.net\/sv\/wp-json\/wp\/v2\/media?parent=2232"}],"curies":[{"name":"wp","href":"https:\/\/api.w.org\/{rel}","templated":true}]}}