{"id":2740,"date":"2021-04-29T07:54:41","date_gmt":"2021-04-29T07:54:41","guid":{"rendered":"http:\/\/epass24.uncleserj.com\/handling-of-personal-data\/"},"modified":"2021-04-29T07:54:41","modified_gmt":"2021-04-29T07:54:41","slug":"handling-of-personal-data","status":"publish","type":"page","link":"https:\/\/wordpress-epass24-test.azurewebsites.net\/ro\/handling-of-personal-data\/","title":{"rendered":"Handling of personal data"},"content":{"rendered":"\t\t<div data-elementor-type=\"wp-page\" data-elementor-id=\"2740\" class=\"elementor elementor-2740 elementor-882\">\n\t\t\t\t\t\t\t\t\t<section class=\"elementor-section elementor-top-section elementor-element elementor-element-7c9050e4 elementor-section-content-middle elementor-section-boxed elementor-section-height-default elementor-section-height-default\" data-id=\"7c9050e4\" data-element_type=\"section\" id=\"hero\" data-settings=\"{&quot;background_background&quot;:&quot;classic&quot;}\">\n\t\t\t\t\t\t<div class=\"elementor-container elementor-column-gap-default\">\n\t\t\t\t\t<div class=\"elementor-column elementor-col-100 elementor-top-column elementor-element elementor-element-344d68ce hero-wrapper\" data-id=\"344d68ce\" data-element_type=\"column\">\n\t\t\t<div class=\"elementor-widget-wrap elementor-element-populated\">\n\t\t\t\t\t\t\t\t<div class=\"elementor-element elementor-element-6cd7fb23 elementor-widget elementor-widget-heading\" data-id=\"6cd7fb23\" data-element_type=\"widget\" data-widget_type=\"heading.default\">\n\t\t\t\t<div class=\"elementor-widget-container\">\n\t\t\t<h1 class=\"elementor-heading-title elementor-size-default\">Limit\u0103m strict orice acces la datele dvs. personale \u015fi le protej\u0103m \u00een cel mai bun mod posibil.<\/h1>\t\t<\/div>\n\t\t\t\t<\/div>\n\t\t\t\t\t<\/div>\n\t\t<\/div>\n\t\t\t\t\t\t\t<\/div>\n\t\t<\/section>\n\t\t\t\t<section class=\"elementor-section elementor-top-section elementor-element elementor-element-704d7dfa elementor-section-boxed elementor-section-height-default elementor-section-height-default\" data-id=\"704d7dfa\" data-element_type=\"section\" data-settings=\"{&quot;background_background&quot;:&quot;classic&quot;}\">\n\t\t\t\t\t\t<div class=\"elementor-container elementor-column-gap-default\">\n\t\t\t\t\t<div class=\"elementor-column elementor-col-100 elementor-top-column elementor-element elementor-element-2ea26c61\" data-id=\"2ea26c61\" data-element_type=\"column\">\n\t\t\t<div class=\"elementor-widget-wrap elementor-element-populated\">\n\t\t\t\t\t\t\t\t<section class=\"elementor-section elementor-inner-section elementor-element elementor-element-462e640 entry-content elementor-section-boxed elementor-section-height-default elementor-section-height-default\" data-id=\"462e640\" data-element_type=\"section\" data-settings=\"{&quot;background_background&quot;:&quot;classic&quot;}\">\n\t\t\t\t\t\t<div class=\"elementor-container elementor-column-gap-default\">\n\t\t\t\t\t<div class=\"elementor-column elementor-col-50 elementor-inner-column elementor-element elementor-element-a0ca64f\" data-id=\"a0ca64f\" data-element_type=\"column\">\n\t\t\t<div class=\"elementor-widget-wrap elementor-element-populated\">\n\t\t\t\t\t\t\t\t<div class=\"elementor-element elementor-element-7eb6f5a elementor-widget elementor-widget-heading\" data-id=\"7eb6f5a\" data-element_type=\"widget\" data-widget_type=\"heading.default\">\n\t\t\t\t<div class=\"elementor-widget-container\">\n\t\t\t<h4 class=\"elementor-heading-title elementor-size-large\">Ce sunt datele cu caracter personal?<\/h4>\t\t<\/div>\n\t\t\t\t<\/div>\n\t\t\t\t<div class=\"elementor-element elementor-element-bc605b8 elementor-widget elementor-widget-text-editor\" data-id=\"bc605b8\" data-element_type=\"widget\" data-widget_type=\"text-editor.default\">\n\t\t\t\t<div class=\"elementor-widget-container\">\n\t\t\t\t\t\t\t<p>Datele cu caracter personal sunt informa\u0163ii legate de o persoan\u0103. Acestea pot include, de exemplu, numele, adresa, adresa de e-mail, detaliile contului bancar \u015fi detaliile cardului de plat\u0103 ale unei persoane.<\/p>\n<p>\u00a0<\/p>\n\t\t\t\t\t\t<\/div>\n\t\t\t\t<\/div>\n\t\t\t\t\t<\/div>\n\t\t<\/div>\n\t\t\t\t<div class=\"elementor-column elementor-col-50 elementor-inner-column elementor-element elementor-element-2590d6c\" data-id=\"2590d6c\" data-element_type=\"column\">\n\t\t\t<div class=\"elementor-widget-wrap elementor-element-populated\">\n\t\t\t\t\t\t\t\t<div class=\"elementor-element elementor-element-d7cdd6b elementor-widget elementor-widget-heading\" data-id=\"d7cdd6b\" data-element_type=\"widget\" data-widget_type=\"heading.default\">\n\t\t\t\t<div class=\"elementor-widget-container\">\n\t\t\t<h4 class=\"elementor-heading-title elementor-size-large\">C\u00e2t timp sunt stocate datele?<\/h4>\t\t<\/div>\n\t\t\t\t<\/div>\n\t\t\t\t<div class=\"elementor-element elementor-element-1a2952d elementor-widget elementor-widget-text-editor\" data-id=\"1a2952d\" data-element_type=\"widget\" data-widget_type=\"text-editor.default\">\n\t\t\t\t<div class=\"elementor-widget-container\">\n\t\t\t\t\t\t\t<p>P\u0103str\u0103m datele cu caracter personal numai pentru o perioad\u0103 specificat\u0103 de Utilizator (Proprietarul vehiculului \/ utilizatorul contului Epass24), Client (Operatorul de taxare rutier\u0103) \u015fi \u00een conformitate cu legisla\u0163ia relevant\u0103, cum ar fi, dar f\u0103r\u0103 a se limita la, Regulamentul general privind protec\u0163ia datelor (GDPR).<\/p><\/p>\n\t\t\t\t\t\t<\/div>\n\t\t\t\t<\/div>\n\t\t\t\t\t<\/div>\n\t\t<\/div>\n\t\t\t\t\t\t\t<\/div>\n\t\t<\/section>\n\t\t\t\t<section class=\"elementor-section elementor-inner-section elementor-element elementor-element-208feef inner-content elementor-section-boxed elementor-section-height-default elementor-section-height-default\" data-id=\"208feef\" data-element_type=\"section\" data-settings=\"{&quot;background_background&quot;:&quot;classic&quot;}\">\n\t\t\t\t\t\t<div class=\"elementor-container elementor-column-gap-default\">\n\t\t\t\t\t<div class=\"elementor-column elementor-col-50 elementor-inner-column elementor-element elementor-element-73b3354\" data-id=\"73b3354\" data-element_type=\"column\">\n\t\t\t<div class=\"elementor-widget-wrap elementor-element-populated\">\n\t\t\t\t\t\t\t\t<div class=\"elementor-element elementor-element-a1b0cfd elementor-widget elementor-widget-heading\" data-id=\"a1b0cfd\" data-element_type=\"widget\" data-widget_type=\"heading.default\">\n\t\t\t\t<div class=\"elementor-widget-container\">\n\t\t\t<h4 class=\"elementor-heading-title elementor-size-large\">Ce date prelucr\u0103m?<\/h4>\t\t<\/div>\n\t\t\t\t<\/div>\n\t\t\t\t<div class=\"elementor-element elementor-element-47ddbce elementor-widget elementor-widget-text-editor\" data-id=\"47ddbce\" data-element_type=\"widget\" data-widget_type=\"text-editor.default\">\n\t\t\t\t<div class=\"elementor-widget-container\">\n\t\t\t\t\t\t\t<p>Prelucr\u0103m urm\u0103toarele categorii de date cu caracter personal: (i) numele (de ex. al de\u0163in\u0103torului \u00eenregistrat al unui vehicul), (ii) adresa (de ex. al de\u0163in\u0103torului \u00eenregistrat al unui vehicul), (iii) adresa de e-mail, (iv) detaliile cardului de plat\u0103, (v) modelul \u015fi num\u0103rul de \u00eenmatriculare ale vehiculului, \u015fi (vi) detalii privind taxele de utilizator de drum (inclusiv fotografiile).<\/p><\/p>\n\t\t\t\t\t\t<\/div>\n\t\t\t\t<\/div>\n\t\t\t\t\t<\/div>\n\t\t<\/div>\n\t\t\t\t<div class=\"elementor-column elementor-col-50 elementor-inner-column elementor-element elementor-element-dfa3b88\" data-id=\"dfa3b88\" data-element_type=\"column\">\n\t\t\t<div class=\"elementor-widget-wrap elementor-element-populated\">\n\t\t\t\t\t\t\t\t<div class=\"elementor-element elementor-element-eaa1499 elementor-widget elementor-widget-heading\" data-id=\"eaa1499\" data-element_type=\"widget\" data-widget_type=\"heading.default\">\n\t\t\t\t<div class=\"elementor-widget-container\">\n\t\t\t<h4 class=\"elementor-heading-title elementor-size-large\">Datele pot fi \u00eemp\u0103rt\u0103\u015fite?<\/h4>\t\t<\/div>\n\t\t\t\t<\/div>\n\t\t\t\t<div class=\"elementor-element elementor-element-c6ac4a1 elementor-widget elementor-widget-text-editor\" data-id=\"c6ac4a1\" data-element_type=\"widget\" data-widget_type=\"text-editor.default\">\n\t\t\t\t<div class=\"elementor-widget-container\">\n\t\t\t\t\t\t\t<p>Folosim subprocesori pentru a efectua o parte din prelucrarea datelor cu caracter personal. Exemple de subprocesori sunt distribuitorii po\u015ftali \u015fi partenerii de recuperare a datoriilor care ac\u0163ioneaz\u0103 \u00een numele nostru pentru a ob\u0163ine sumele datorate restante.<\/p>\n\t\t\t\t\t\t<\/div>\n\t\t\t\t<\/div>\n\t\t\t\t\t<\/div>\n\t\t<\/div>\n\t\t\t\t\t\t\t<\/div>\n\t\t<\/section>\n\t\t\t\t<section class=\"elementor-section elementor-inner-section elementor-element elementor-element-d206618 inner-content elementor-section-boxed elementor-section-height-default elementor-section-height-default\" data-id=\"d206618\" data-element_type=\"section\" data-settings=\"{&quot;background_background&quot;:&quot;classic&quot;}\">\n\t\t\t\t\t\t<div class=\"elementor-container elementor-column-gap-default\">\n\t\t\t\t\t<div class=\"elementor-column elementor-col-100 elementor-inner-column elementor-element elementor-element-fdf6423\" data-id=\"fdf6423\" data-element_type=\"column\">\n\t\t\t<div class=\"elementor-widget-wrap elementor-element-populated\">\n\t\t\t\t\t\t\t\t<div class=\"elementor-element elementor-element-eaf5bdd elementor-widget elementor-widget-text-editor\" data-id=\"eaf5bdd\" data-element_type=\"widget\" data-widget_type=\"text-editor.default\">\n\t\t\t\t<div class=\"elementor-widget-container\">\n\t\t\t\t\t\t\t<p style=\"text-align: center;\"><i>Dac\u0103 ave\u0163i \u00eentreb\u0103ri suplimentare cu privire la modul \u00een care gestion\u0103m datele cu caracter personal, v\u0103 rug\u0103m s\u0103 consulta\u0163i Politica noastr\u0103 de protec\u0163ie a datelor sau s\u0103 ne trimite\u0163i un e-mail la support@epass24.com<\/i><\/p>\n\t\t\t\t\t\t<\/div>\n\t\t\t\t<\/div>\n\t\t\t\t\t<\/div>\n\t\t<\/div>\n\t\t\t\t\t\t\t<\/div>\n\t\t<\/section>\n\t\t\t\t\t<\/div>\n\t\t<\/div>\n\t\t\t\t\t\t\t<\/div>\n\t\t<\/section>\n\t\t\t\t\t\t\t<\/div>\n\t\t","protected":false},"excerpt":{"rendered":"<p>Limit\u0103m strict orice acces la datele dvs. personale \u015fi le protej\u0103m \u00een cel mai bun mod posibil. Ce sunt datele cu caracter personal? Datele cu caracter personal sunt informa\u0163ii legate de o persoan\u0103. Acestea pot include, de exemplu, numele, adresa, adresa de e-mail, detaliile contului bancar \u015fi detaliile cardului de plat\u0103 ale unei persoane. \u00a0 [&hellip;]<\/p>\n","protected":false},"author":1,"featured_media":0,"parent":0,"menu_order":0,"comment_status":"closed","ping_status":"closed","template":"","meta":{"inline_featured_image":false},"acf":[],"_links":{"self":[{"href":"https:\/\/wordpress-epass24-test.azurewebsites.net\/ro\/wp-json\/wp\/v2\/pages\/2740"}],"collection":[{"href":"https:\/\/wordpress-epass24-test.azurewebsites.net\/ro\/wp-json\/wp\/v2\/pages"}],"about":[{"href":"https:\/\/wordpress-epass24-test.azurewebsites.net\/ro\/wp-json\/wp\/v2\/types\/page"}],"author":[{"embeddable":true,"href":"https:\/\/wordpress-epass24-test.azurewebsites.net\/ro\/wp-json\/wp\/v2\/users\/1"}],"replies":[{"embeddable":true,"href":"https:\/\/wordpress-epass24-test.azurewebsites.net\/ro\/wp-json\/wp\/v2\/comments?post=2740"}],"version-history":[{"count":1,"href":"https:\/\/wordpress-epass24-test.azurewebsites.net\/ro\/wp-json\/wp\/v2\/pages\/2740\/revisions"}],"predecessor-version":[{"id":2741,"href":"https:\/\/wordpress-epass24-test.azurewebsites.net\/ro\/wp-json\/wp\/v2\/pages\/2740\/revisions\/2741"}],"wp:attachment":[{"href":"https:\/\/wordpress-epass24-test.azurewebsites.net\/ro\/wp-json\/wp\/v2\/media?parent=2740"}],"curies":[{"name":"wp","href":"https:\/\/api.w.org\/{rel}","templated":true}]}}