{"id":2738,"date":"2021-04-29T07:52:46","date_gmt":"2021-04-29T07:52:46","guid":{"rendered":"http:\/\/epass24.uncleserj.com\/debt-collection\/"},"modified":"2021-04-29T07:52:46","modified_gmt":"2021-04-29T07:52:46","slug":"debt-collection","status":"publish","type":"page","link":"https:\/\/wordpress-epass24-test.azurewebsites.net\/ro\/debt-collection\/","title":{"rendered":"Debt Collection"},"content":{"rendered":"\t\t<div data-elementor-type=\"wp-page\" data-elementor-id=\"2738\" class=\"elementor elementor-2738 elementor-869\">\n\t\t\t\t\t\t\t\t\t<section class=\"elementor-section elementor-top-section elementor-element elementor-element-38b7d139 elementor-section-content-middle elementor-section-boxed elementor-section-height-default elementor-section-height-default\" data-id=\"38b7d139\" data-element_type=\"section\" id=\"hero\" data-settings=\"{&quot;background_background&quot;:&quot;classic&quot;}\">\n\t\t\t\t\t\t<div class=\"elementor-container elementor-column-gap-default\">\n\t\t\t\t\t<div class=\"elementor-column elementor-col-100 elementor-top-column elementor-element elementor-element-761cd94f hero-wrapper\" data-id=\"761cd94f\" data-element_type=\"column\">\n\t\t\t<div class=\"elementor-widget-wrap elementor-element-populated\">\n\t\t\t\t\t\t\t\t<div class=\"elementor-element elementor-element-7b26849d elementor-widget elementor-widget-heading\" data-id=\"7b26849d\" data-element_type=\"widget\" data-widget_type=\"heading.default\">\n\t\t\t\t<div class=\"elementor-widget-container\">\n\t\t\t<h1 class=\"elementor-heading-title elementor-size-default\">Tratament egal pentru to\u0163i proprietarii de vehicule<\/h1>\t\t<\/div>\n\t\t\t\t<\/div>\n\t\t\t\t\t<\/div>\n\t\t<\/div>\n\t\t\t\t\t\t\t<\/div>\n\t\t<\/section>\n\t\t\t\t<section class=\"elementor-section elementor-top-section elementor-element elementor-element-76db789a elementor-section-boxed elementor-section-height-default elementor-section-height-default\" data-id=\"76db789a\" data-element_type=\"section\" data-settings=\"{&quot;background_background&quot;:&quot;classic&quot;}\">\n\t\t\t\t\t\t<div class=\"elementor-container elementor-column-gap-default\">\n\t\t\t\t\t<div class=\"elementor-column elementor-col-100 elementor-top-column elementor-element elementor-element-5be0f583\" data-id=\"5be0f583\" data-element_type=\"column\">\n\t\t\t<div class=\"elementor-widget-wrap elementor-element-populated\">\n\t\t\t\t\t\t\t\t<section class=\"elementor-section elementor-inner-section elementor-element elementor-element-41a0c53 entry-content elementor-section-boxed elementor-section-height-default elementor-section-height-default\" data-id=\"41a0c53\" data-element_type=\"section\" data-settings=\"{&quot;background_background&quot;:&quot;classic&quot;}\">\n\t\t\t\t\t\t<div class=\"elementor-container elementor-column-gap-default\">\n\t\t\t\t\t<div class=\"elementor-column elementor-col-50 elementor-inner-column elementor-element elementor-element-732d823c\" data-id=\"732d823c\" data-element_type=\"column\">\n\t\t\t<div class=\"elementor-widget-wrap elementor-element-populated\">\n\t\t\t\t\t\t\t\t<div class=\"elementor-element elementor-element-73fc0214 elementor-widget elementor-widget-heading\" data-id=\"73fc0214\" data-element_type=\"widget\" data-widget_type=\"heading.default\">\n\t\t\t\t<div class=\"elementor-widget-container\">\n\t\t\t<h2 class=\"elementor-heading-title elementor-size-default\">Colectarea datoriilor europene<\/h2>\t\t<\/div>\n\t\t\t\t<\/div>\n\t\t\t\t<div class=\"elementor-element elementor-element-b132dcd elementor-widget elementor-widget-text-editor\" data-id=\"b132dcd\" data-element_type=\"widget\" data-widget_type=\"text-editor.default\">\n\t\t\t\t<div class=\"elementor-widget-container\">\n\t\t\t\t\t\t\t<p>Ideea tax\u0103rii utilizatorilor drumurilor este de a taxa persoanele care utilizeaz\u0103 poduri, autostr\u0103zi, re\u0163ele rutiere sau locuri de parcare specifice.<\/p>\n<p>Din p\u0103cate, o mic\u0103 minoritate de oameni, mai pu\u0163in de 0,5% din to\u0163i utilizatorii, nu \u00ee\u015fi pl\u0103tesc la timp taxele sau reamintirile.<\/p>\n<p>Ar fi corect fa\u0163\u0103 de marea majoritate a persoanelor care pl\u0103tesc la timp s\u0103 colect\u0103m aceast\u0103 datorie de la cei care nu pl\u0103tesc \u00een mod persistent.<\/p>\n<p>Dac\u0103 un proprietar de vehicul \u00eenc\u0103 nu a pl\u0103tit p\u00e2n\u0103 la data scaden\u0163ei, datoria va fi transmis\u0103 partenerului nostru de executare a datoriilor desemnat, care va ac\u0163iona pentru recuperarea datoriei.<\/p>\n<p>Costurile pot cre\u015fte semnificativ pentru oricine nu a pl\u0103tit la timp. V\u0103 rug\u0103m s\u0103 re\u0163ine\u0163i c\u0103 datoria \u00een acest stadiu este gestionat\u0103 de agen\u0163ia noastr\u0103 partener\u0103 \u015fi oricine prime\u015fte o notificare de executare \u00een po\u015ft\u0103 va trebui s\u0103 \u00ee\u015fi achite datoria fa\u0163\u0103 de ei.<\/p>\n<p>Epass24 a desemnat parteneri de recuperare a datoriilor din toate \u0163\u0103rile europene pentru a ac\u0163iona \u00een numele operatorilor de taxare rutier\u0103.<\/p>\n<p>Dac\u0103 a\u0163i primit o notificare de la oricare dintre partenerii no\u015ftri, v\u0103 rug\u0103m s\u0103 \u00eei contacta\u0163i direct dac\u0103 ave\u0163i \u00eentreb\u0103ri.<\/p>\n\t\t\t\t\t\t<\/div>\n\t\t\t\t<\/div>\n\t\t\t\t\t<\/div>\n\t\t<\/div>\n\t\t\t\t<div class=\"elementor-column elementor-col-50 elementor-inner-column elementor-element elementor-element-34760ff\" data-id=\"34760ff\" data-element_type=\"column\">\n\t\t\t<div class=\"elementor-widget-wrap elementor-element-populated\">\n\t\t\t\t\t\t\t\t<div class=\"elementor-element elementor-element-022cf7f elementor-widget elementor-widget-image\" data-id=\"022cf7f\" data-element_type=\"widget\" data-widget_type=\"image.default\">\n\t\t\t\t<div class=\"elementor-widget-container\">\n\t\t\t\t\t\t\t\t\t\t\t\t\t\t\t<img width=\"868\" height=\"748\" src=\"\/wp-content\/uploads\/map.png\" class=\"attachment-large size-large wp-image-1949\" alt=\"\" loading=\"lazy\" srcset=\"\/wp-content\/uploads\/map.png 868w, \/wp-content\/uploads\/map-300x259.png 300w, \/wp-content\/uploads\/map-768x662.png 768w\" sizes=\"(max-width: 868px) 100vw, 868px\" \/>\t\t\t\t\t\t\t\t\t\t\t\t\t\t\t<\/div>\n\t\t\t\t<\/div>\n\t\t\t\t\t<\/div>\n\t\t<\/div>\n\t\t\t\t\t\t\t<\/div>\n\t\t<\/section>\n\t\t\t\t\t<\/div>\n\t\t<\/div>\n\t\t\t\t\t\t\t<\/div>\n\t\t<\/section>\n\t\t\t\t\t\t\t<\/div>\n\t\t","protected":false},"excerpt":{"rendered":"<p>Tratament egal pentru to\u0163i proprietarii de vehicule Colectarea datoriilor europene Ideea tax\u0103rii utilizatorilor drumurilor este de a taxa persoanele care utilizeaz\u0103 poduri, autostr\u0103zi, re\u0163ele rutiere sau locuri de parcare specifice. Din p\u0103cate, o mic\u0103 minoritate de oameni, mai pu\u0163in de 0,5% din to\u0163i utilizatorii, nu \u00ee\u015fi pl\u0103tesc la timp taxele sau reamintirile. Ar fi corect [&hellip;]<\/p>\n","protected":false},"author":1,"featured_media":0,"parent":0,"menu_order":0,"comment_status":"closed","ping_status":"closed","template":"","meta":{"inline_featured_image":false},"acf":[],"_links":{"self":[{"href":"https:\/\/wordpress-epass24-test.azurewebsites.net\/ro\/wp-json\/wp\/v2\/pages\/2738"}],"collection":[{"href":"https:\/\/wordpress-epass24-test.azurewebsites.net\/ro\/wp-json\/wp\/v2\/pages"}],"about":[{"href":"https:\/\/wordpress-epass24-test.azurewebsites.net\/ro\/wp-json\/wp\/v2\/types\/page"}],"author":[{"embeddable":true,"href":"https:\/\/wordpress-epass24-test.azurewebsites.net\/ro\/wp-json\/wp\/v2\/users\/1"}],"replies":[{"embeddable":true,"href":"https:\/\/wordpress-epass24-test.azurewebsites.net\/ro\/wp-json\/wp\/v2\/comments?post=2738"}],"version-history":[{"count":1,"href":"https:\/\/wordpress-epass24-test.azurewebsites.net\/ro\/wp-json\/wp\/v2\/pages\/2738\/revisions"}],"predecessor-version":[{"id":2739,"href":"https:\/\/wordpress-epass24-test.azurewebsites.net\/ro\/wp-json\/wp\/v2\/pages\/2738\/revisions\/2739"}],"wp:attachment":[{"href":"https:\/\/wordpress-epass24-test.azurewebsites.net\/ro\/wp-json\/wp\/v2\/media?parent=2738"}],"curies":[{"name":"wp","href":"https:\/\/api.w.org\/{rel}","templated":true}]}}