{"id":2736,"date":"2021-04-29T07:50:39","date_gmt":"2021-04-29T07:50:39","guid":{"rendered":"http:\/\/epass24.uncleserj.com\/customer-support\/"},"modified":"2022-09-19T14:36:24","modified_gmt":"2022-09-19T14:36:24","slug":"customer-support","status":"publish","type":"page","link":"https:\/\/wordpress-epass24-test.azurewebsites.net\/ro\/customer-support\/","title":{"rendered":"Serviciu Clien\u0163i"},"content":{"rendered":"\t\t<div data-elementor-type=\"wp-page\" data-elementor-id=\"2736\" class=\"elementor elementor-2736 elementor-618\">\n\t\t\t\t\t\t\t\t\t<section class=\"elementor-section elementor-top-section elementor-element elementor-element-66aaa548 elementor-section-content-middle elementor-section-boxed elementor-section-height-default elementor-section-height-default\" data-id=\"66aaa548\" data-element_type=\"section\" id=\"hero\" data-settings=\"{&quot;background_background&quot;:&quot;classic&quot;}\">\n\t\t\t\t\t\t<div class=\"elementor-container elementor-column-gap-default\">\n\t\t\t\t\t<div class=\"elementor-column elementor-col-100 elementor-top-column elementor-element elementor-element-7ca94152 hero-wrapper\" data-id=\"7ca94152\" data-element_type=\"column\">\n\t\t\t<div class=\"elementor-widget-wrap elementor-element-populated\">\n\t\t\t\t\t\t\t\t<div class=\"elementor-element elementor-element-4619b79 elementor-widget elementor-widget-heading\" data-id=\"4619b79\" data-element_type=\"widget\" data-widget_type=\"heading.default\">\n\t\t\t\t<div class=\"elementor-widget-container\">\n\t\t\t<h1 class=\"elementor-heading-title elementor-size-xl\">Bine a\u0163i venit la pagina noastr\u0103 de asisten\u0163\u0103 pentru clien\u0163i, cum v\u0103 putem ajuta?<\/h1>\t\t<\/div>\n\t\t\t\t<\/div>\n\t\t\t\t\t<\/div>\n\t\t<\/div>\n\t\t\t\t\t\t\t<\/div>\n\t\t<\/section>\n\t\t\t\t<section class=\"elementor-section elementor-top-section elementor-element elementor-element-5e2a19b8 elementor-section-boxed elementor-section-height-default elementor-section-height-default\" data-id=\"5e2a19b8\" data-element_type=\"section\" data-settings=\"{&quot;background_background&quot;:&quot;classic&quot;}\">\n\t\t\t\t\t\t<div class=\"elementor-container elementor-column-gap-default\">\n\t\t\t\t\t<div class=\"elementor-column elementor-col-50 elementor-top-column elementor-element elementor-element-e4dab77 inner\" data-id=\"e4dab77\" data-element_type=\"column\">\n\t\t\t<div class=\"elementor-widget-wrap elementor-element-populated\">\n\t\t\t\t\t\t\t\t<div class=\"elementor-element elementor-element-7e57681a elementor-widget elementor-widget-heading\" data-id=\"7e57681a\" data-element_type=\"widget\" data-widget_type=\"heading.default\">\n\t\t\t\t<div class=\"elementor-widget-container\">\n\t\t\t<h2 class=\"elementor-heading-title elementor-size-large\">Detalii despre taxa rutier\u0103?<\/h2>\t\t<\/div>\n\t\t\t\t<\/div>\n\t\t\t\t<div class=\"elementor-element elementor-element-1b61642d elementor-widget elementor-widget-text-editor\" data-id=\"1b61642d\" data-element_type=\"widget\" data-widget_type=\"text-editor.default\">\n\t\t\t\t<div class=\"elementor-widget-container\">\n\t\t\t\t\t\t\t<p><span style=\"color: var( --e-global-color-secondary );\">Deoarece sistemul este complet automatizat, se poate \u00eent\u00e2mpla detectarea \u015fi \u00eenregistrarea incorect\u0103 a vehiculelor care trec printr-o sta\u0163ie de taxare.<\/span><\/p>\n<p>Dac\u0103 a\u0163i primit o factur\u0103 pentru o tax\u0103 rutier\u0103 aferent\u0103 unei c\u0103l\u0103torii pe care nu a\u0163i f\u0103cut-o, pute\u0163i solicita o revizuire manual\u0103. Taxele rutiere vor fi apoi verificate pe baza de fotografiile disponibile.<\/p>\n\t\t\t\t\t\t<\/div>\n\t\t\t\t<\/div>\n\t\t\t\t<div class=\"elementor-element elementor-element-167ee89 bottom elementor-widget elementor-widget-text-editor\" data-id=\"167ee89\" data-element_type=\"widget\" data-widget_type=\"text-editor.default\">\n\t\t\t\t<div class=\"elementor-widget-container\">\n\t\t\t\t\t\t\t<p><a class=\"btn btn-primary\" title=\"Solicita\u0163i o revizuire manual\u0103\" href=\"https:\/\/www.epass24.com\/ro\/appeal\/\" data-wplink-edit=\"true\">Cerere de verificare<\/a><\/p>\n\t\t\t\t\t\t<\/div>\n\t\t\t\t<\/div>\n\t\t\t\t\t<\/div>\n\t\t<\/div>\n\t\t\t\t<div class=\"elementor-column elementor-col-50 elementor-top-column elementor-element elementor-element-1c8a9eed inner\" data-id=\"1c8a9eed\" data-element_type=\"column\">\n\t\t\t<div class=\"elementor-widget-wrap elementor-element-populated\">\n\t\t\t\t\t\t\t\t<div class=\"elementor-element elementor-element-224670dd elementor-widget elementor-widget-heading\" data-id=\"224670dd\" data-element_type=\"widget\" data-widget_type=\"heading.default\">\n\t\t\t\t<div class=\"elementor-widget-container\">\n\t\t\t<h2 class=\"elementor-heading-title elementor-size-large\">Proprietatea vehiculului?<\/h2>\t\t<\/div>\n\t\t\t\t<\/div>\n\t\t\t\t<div class=\"elementor-element elementor-element-12ca1e9e elementor-widget elementor-widget-text-editor\" data-id=\"12ca1e9e\" data-element_type=\"widget\" data-widget_type=\"text-editor.default\">\n\t\t\t\t<div class=\"elementor-widget-container\">\n\t\t\t\t\t\t\t<p>Poate nu era\u0163i proprietarul \u00eenregistrat al vehiculului c\u00e2nd a fost suportat\u0103 aceast\u0103 tax\u0103 rutier\u0103?<\/p>\n<p>Epass24 ob\u0163ine automat detaliile proprietarului vehiculului din registrul na\u0163ional local al vehiculelor. Uneori, acest registru nu este complet actualizat \u015fi trebuie s\u0103 gestion\u0103m cazul manual.<\/p>\n\t\t\t\t\t\t<\/div>\n\t\t\t\t<\/div>\n\t\t\t\t<div class=\"elementor-element elementor-element-d930991 bottom elementor-widget elementor-widget-text-editor\" data-id=\"d930991\" data-element_type=\"widget\" data-widget_type=\"text-editor.default\">\n\t\t\t\t<div class=\"elementor-widget-container\">\n\t\t\t\t\t\t\t<p><a class=\"btn btn-primary\" title=\"Furniza\u0163i detaliile proprietarului vehiculului\" href=\"https:\/\/www.epass24.com\/ro\/appeal\/\">Cerere de verificare<\/a><\/p>\n\t\t\t\t\t\t<\/div>\n\t\t\t\t<\/div>\n\t\t\t\t\t<\/div>\n\t\t<\/div>\n\t\t\t\t\t\t\t<\/div>\n\t\t<\/section>\n\t\t\t\t<section class=\"elementor-section elementor-top-section elementor-element elementor-element-5e9b67c2 has-padding elementor-section-content-middle elementor-section-boxed elementor-section-height-default elementor-section-height-default\" data-id=\"5e9b67c2\" data-element_type=\"section\" data-settings=\"{&quot;background_background&quot;:&quot;classic&quot;}\">\n\t\t\t\t\t\t<div class=\"elementor-container elementor-column-gap-default\">\n\t\t\t\t\t<div class=\"elementor-column elementor-col-50 elementor-top-column elementor-element elementor-element-6c778942 min-height border-top-left-radius\" data-id=\"6c778942\" data-element_type=\"column\" data-settings=\"{&quot;background_background&quot;:&quot;classic&quot;}\">\n\t\t\t<div class=\"elementor-widget-wrap elementor-element-populated\">\n\t\t\t\t\t\t\t\t<div class=\"elementor-element elementor-element-7d10b57 overlinkfull elementor-widget elementor-widget-html\" data-id=\"7d10b57\" data-element_type=\"widget\" data-widget_type=\"html.default\">\n\t\t\t\t<div class=\"elementor-widget-container\">\n\t\t\t<a href=\"https:\/\/www.epass24.com\/ro\/debt-collection\/\"><\/a>\t\t<\/div>\n\t\t\t\t<\/div>\n\t\t\t\t\t<\/div>\n\t\t<\/div>\n\t\t\t\t<div class=\"elementor-column elementor-col-50 elementor-top-column elementor-element elementor-element-1725b0b5 border-top-right-radius\" data-id=\"1725b0b5\" data-element_type=\"column\" data-settings=\"{&quot;background_background&quot;:&quot;classic&quot;}\">\n\t\t\t<div class=\"elementor-widget-wrap elementor-element-populated\">\n\t\t\t\t\t\t\t\t<div class=\"elementor-element elementor-element-2e697547 overlink elementor-widget elementor-widget-heading\" data-id=\"2e697547\" data-element_type=\"widget\" data-widget_type=\"heading.default\">\n\t\t\t\t<div class=\"elementor-widget-container\">\n\t\t\t<h3 class=\"elementor-heading-title elementor-size-xl\"><a href=\"https:\/\/www.epass24.com\/ro\/debt-collection\/\">Abordarea noastr\u0103 privind colectarea datoriilor<\/a><\/h3>\t\t<\/div>\n\t\t\t\t<\/div>\n\t\t\t\t\t<\/div>\n\t\t<\/div>\n\t\t\t\t\t\t\t<\/div>\n\t\t<\/section>\n\t\t\t\t<section class=\"elementor-section elementor-top-section elementor-element elementor-element-6e8a4d09 has-padding elementor-section-content-middle elementor-section-boxed elementor-section-height-default elementor-section-height-default\" data-id=\"6e8a4d09\" data-element_type=\"section\" data-settings=\"{&quot;background_background&quot;:&quot;classic&quot;}\">\n\t\t\t\t\t\t<div class=\"elementor-container elementor-column-gap-default\">\n\t\t\t\t\t<div class=\"elementor-column elementor-col-50 elementor-top-column elementor-element elementor-element-54506f64 border-bottom-left-radius\" data-id=\"54506f64\" data-element_type=\"column\" data-settings=\"{&quot;background_background&quot;:&quot;classic&quot;}\">\n\t\t\t<div class=\"elementor-widget-wrap elementor-element-populated\">\n\t\t\t\t\t\t\t\t<div class=\"elementor-element elementor-element-2ca92c4c overlink elementor-widget elementor-widget-heading\" data-id=\"2ca92c4c\" data-element_type=\"widget\" data-widget_type=\"heading.default\">\n\t\t\t\t<div class=\"elementor-widget-container\">\n\t\t\t<h3 class=\"elementor-heading-title elementor-size-xl\"><a href=\"https:\/\/www.epass24.com\/ro\/handling-of-personal-data\/\">Cum gestion\u0103m datele dvs. personale<\/a><\/h3>\t\t<\/div>\n\t\t\t\t<\/div>\n\t\t\t\t\t<\/div>\n\t\t<\/div>\n\t\t\t\t<div class=\"elementor-column elementor-col-50 elementor-top-column elementor-element elementor-element-783563c8 order min-height border-bottom-right-radius\" data-id=\"783563c8\" data-element_type=\"column\" data-settings=\"{&quot;background_background&quot;:&quot;classic&quot;}\">\n\t\t\t<div class=\"elementor-widget-wrap elementor-element-populated\">\n\t\t\t\t\t\t\t\t<div class=\"elementor-element elementor-element-5f5c76f overlinkfull elementor-widget elementor-widget-html\" data-id=\"5f5c76f\" data-element_type=\"widget\" data-widget_type=\"html.default\">\n\t\t\t\t<div class=\"elementor-widget-container\">\n\t\t\t<a href=\"https:\/\/www.epass24.com\/ro\/handling-of-personal-data\/\"><\/a>\t\t<\/div>\n\t\t\t\t<\/div>\n\t\t\t\t\t<\/div>\n\t\t<\/div>\n\t\t\t\t\t\t\t<\/div>\n\t\t<\/section>\n\t\t\t\t<section class=\"elementor-section elementor-top-section elementor-element elementor-element-3695199 elementor-section-boxed elementor-section-height-default elementor-section-height-default\" data-id=\"3695199\" data-element_type=\"section\" data-settings=\"{&quot;background_background&quot;:&quot;classic&quot;}\">\n\t\t\t\t\t\t<div class=\"elementor-container elementor-column-gap-default\">\n\t\t\t\t\t<div class=\"elementor-column elementor-col-50 elementor-top-column elementor-element elementor-element-c6190b1 inner\" data-id=\"c6190b1\" data-element_type=\"column\">\n\t\t\t<div class=\"elementor-widget-wrap elementor-element-populated\">\n\t\t\t\t\t\t\t\t<div class=\"elementor-element elementor-element-3eb0e59 elementor-widget elementor-widget-heading\" data-id=\"3eb0e59\" data-element_type=\"widget\" data-widget_type=\"heading.default\">\n\t\t\t\t<div class=\"elementor-widget-container\">\n\t\t\t<h2 class=\"elementor-heading-title elementor-size-large\">\u00cenc\u0103 crede\u0163i c\u0103 taxa rutier\u0103 a fost detectat\u0103 \u015fi \u00eenregistrat\u0103 incorect?<\/h2>\t\t<\/div>\n\t\t\t\t<\/div>\n\t\t\t\t<div class=\"elementor-element elementor-element-e885b92 mb-0 elementor-widget elementor-widget-text-editor\" data-id=\"e885b92\" data-element_type=\"widget\" data-widget_type=\"text-editor.default\">\n\t\t\t\t<div class=\"elementor-widget-container\">\n\t\t\t\t\t\t\t\t\t\t\t\t\t<\/div>\n\t\t\t\t<\/div>\n\t\t\t\t<div class=\"elementor-element elementor-element-263b0f7 bottom elementor-widget elementor-widget-text-editor\" data-id=\"263b0f7\" data-element_type=\"widget\" data-widget_type=\"text-editor.default\">\n\t\t\t\t<div class=\"elementor-widget-container\">\n\t\t\t\t\t\t\t<p><a class=\"btn btn-primary\" href=\"https:\/\/www.epass24.com\/ro\/appeal\/\"><strong>Cerere de verificare<\/strong><\/a><\/p>\n\t\t\t\t\t\t<\/div>\n\t\t\t\t<\/div>\n\t\t\t\t\t<\/div>\n\t\t<\/div>\n\t\t\t\t<div class=\"elementor-column elementor-col-50 elementor-top-column elementor-element elementor-element-8ca24ce inner\" data-id=\"8ca24ce\" data-element_type=\"column\">\n\t\t\t<div class=\"elementor-widget-wrap elementor-element-populated\">\n\t\t\t\t\t\t\t\t<div class=\"elementor-element elementor-element-0075f70 elementor-widget elementor-widget-heading\" data-id=\"0075f70\" data-element_type=\"widget\" data-widget_type=\"heading.default\">\n\t\t\t\t<div class=\"elementor-widget-container\">\n\t\t\t<h2 class=\"elementor-heading-title elementor-size-large\">SERVICIU CLIEN\u0162I <\/h2>\t\t<\/div>\n\t\t\t\t<\/div>\n\t\t\t\t<div class=\"elementor-element elementor-element-7ea3dca elementor-widget elementor-widget-text-editor\" data-id=\"7ea3dca\" data-element_type=\"widget\" data-widget_type=\"text-editor.default\">\n\t\t\t\t<div class=\"elementor-widget-container\">\n\t\t\t\t\t\t\t<div class=\"d-md-flex justify-content-between\">\n<div class=\"flex-grow-1\">\n<p class=\"d-flex justify-content-between\" style=\"max-width: 350px;\">Luni \u2013 joi<strong>9 &#8211; 17<\/strong><\/p>\n<p class=\"d-flex justify-content-between\" style=\"max-width: 350px;\">Vineri<strong>9 &#8211; 16<\/strong><\/p>\n<p class=\"d-flex justify-content-between\" style=\"max-width: 350px;\">S\u00e2mb\u0103t\u0103 \u015fi duminic\u0103<strong>\u00ceNCHIS<\/strong><\/p>\n<p class=\"d-flex justify-content-between\" style=\"max-width: 350px;\">S\u0103rb\u0103tori legale<strong>\u00ceNCHIS<\/strong><\/p>\n<\/div>\n<div class=\"flex-grow-1 text-md-center\">\n<h5 class=\"mb-0\"><a style=\"color: var(--e-global-color-primary);\" href=\"+46844680000\"><strong>+46 (0)8 44 68 00 00<br \/>\n<\/strong><\/a><\/h5>\n<h5 class=\"mb-3\"><a style=\"color: var(--e-global-color-primary);\" href=\"mailto:ro@epass24.com\"><strong>ro@epass24.com<\/strong><\/a><\/h5>\n<\/div>\n<\/div>\n\t\t\t\t\t\t<\/div>\n\t\t\t\t<\/div>\n\t\t\t\t\t<\/div>\n\t\t<\/div>\n\t\t\t\t\t\t\t<\/div>\n\t\t<\/section>\n\t\t\t\t\t\t\t<\/div>\n\t\t","protected":false},"excerpt":{"rendered":"<p>Bine a\u0163i venit la pagina noastr\u0103 de asisten\u0163\u0103 pentru clien\u0163i, cum v\u0103 putem ajuta? Detalii despre taxa rutier\u0103? Deoarece sistemul este complet automatizat, se poate \u00eent\u00e2mpla detectarea \u015fi \u00eenregistrarea incorect\u0103 a vehiculelor care trec printr-o sta\u0163ie de taxare. Dac\u0103 a\u0163i primit o factur\u0103 pentru o tax\u0103 rutier\u0103 aferent\u0103 unei c\u0103l\u0103torii pe care nu a\u0163i f\u0103cut-o, [&hellip;]<\/p>\n","protected":false},"author":1,"featured_media":0,"parent":0,"menu_order":0,"comment_status":"closed","ping_status":"closed","template":"","meta":{"inline_featured_image":false},"acf":[],"_links":{"self":[{"href":"https:\/\/wordpress-epass24-test.azurewebsites.net\/ro\/wp-json\/wp\/v2\/pages\/2736"}],"collection":[{"href":"https:\/\/wordpress-epass24-test.azurewebsites.net\/ro\/wp-json\/wp\/v2\/pages"}],"about":[{"href":"https:\/\/wordpress-epass24-test.azurewebsites.net\/ro\/wp-json\/wp\/v2\/types\/page"}],"author":[{"embeddable":true,"href":"https:\/\/wordpress-epass24-test.azurewebsites.net\/ro\/wp-json\/wp\/v2\/users\/1"}],"replies":[{"embeddable":true,"href":"https:\/\/wordpress-epass24-test.azurewebsites.net\/ro\/wp-json\/wp\/v2\/comments?post=2736"}],"version-history":[{"count":10,"href":"https:\/\/wordpress-epass24-test.azurewebsites.net\/ro\/wp-json\/wp\/v2\/pages\/2736\/revisions"}],"predecessor-version":[{"id":5092,"href":"https:\/\/wordpress-epass24-test.azurewebsites.net\/ro\/wp-json\/wp\/v2\/pages\/2736\/revisions\/5092"}],"wp:attachment":[{"href":"https:\/\/wordpress-epass24-test.azurewebsites.net\/ro\/wp-json\/wp\/v2\/media?parent=2736"}],"curies":[{"name":"wp","href":"https:\/\/api.w.org\/{rel}","templated":true}]}}