{"id":2730,"date":"2021-04-29T07:39:27","date_gmt":"2021-04-29T07:39:27","guid":{"rendered":"http:\/\/epass24.uncleserj.com\/taxe-de-utilizator-de-drum\/"},"modified":"2021-04-29T07:39:27","modified_gmt":"2021-04-29T07:39:27","slug":"taxe-de-utilizator-de-drum","status":"publish","type":"page","link":"https:\/\/wordpress-epass24-test.azurewebsites.net\/ro\/taxe-de-utilizator-de-drum\/","title":{"rendered":"Taxe de utilizator de drum"},"content":{"rendered":"\t\t<div data-elementor-type=\"wp-page\" data-elementor-id=\"2730\" class=\"elementor elementor-2730 elementor-754\">\n\t\t\t\t\t\t\t\t\t<section class=\"elementor-section elementor-top-section elementor-element elementor-element-28c921dc elementor-section-content-middle elementor-section-boxed elementor-section-height-default elementor-section-height-default\" data-id=\"28c921dc\" data-element_type=\"section\" id=\"hero\" data-settings=\"{&quot;background_background&quot;:&quot;classic&quot;}\">\n\t\t\t\t\t\t<div class=\"elementor-container elementor-column-gap-default\">\n\t\t\t\t\t<div class=\"elementor-column elementor-col-100 elementor-top-column elementor-element elementor-element-67173fed hero-wrapper\" data-id=\"67173fed\" data-element_type=\"column\">\n\t\t\t<div class=\"elementor-widget-wrap elementor-element-populated\">\n\t\t\t\t\t\t\t\t<div class=\"elementor-element elementor-element-4ed96da elementor-widget elementor-widget-heading\" data-id=\"4ed96da\" data-element_type=\"widget\" data-widget_type=\"heading.default\">\n\t\t\t\t<div class=\"elementor-widget-container\">\n\t\t\t<h1 class=\"elementor-heading-title elementor-size-default\">Infrastructur\u0103, s\u0103n\u0103tate public\u0103 \u015fi mediu<\/h1>\t\t<\/div>\n\t\t\t\t<\/div>\n\t\t\t\t<div class=\"elementor-element elementor-element-e795277 elementor-widget elementor-widget-text-editor\" data-id=\"e795277\" data-element_type=\"widget\" data-widget_type=\"text-editor.default\">\n\t\t\t\t<div class=\"elementor-widget-container\">\n\t\t\t\t\t\t\t\t\t\t\t\t\t<\/div>\n\t\t\t\t<\/div>\n\t\t\t\t\t<\/div>\n\t\t<\/div>\n\t\t\t\t\t\t\t<\/div>\n\t\t<\/section>\n\t\t\t\t<section class=\"elementor-section elementor-top-section elementor-element elementor-element-3b2d26c8 elementor-section-boxed elementor-section-height-default elementor-section-height-default\" data-id=\"3b2d26c8\" data-element_type=\"section\" data-settings=\"{&quot;background_background&quot;:&quot;classic&quot;}\">\n\t\t\t\t\t\t<div class=\"elementor-container elementor-column-gap-default\">\n\t\t\t\t\t<div class=\"elementor-column elementor-col-100 elementor-top-column elementor-element elementor-element-718039d3\" data-id=\"718039d3\" data-element_type=\"column\">\n\t\t\t<div class=\"elementor-widget-wrap elementor-element-populated\">\n\t\t\t\t\t\t\t\t<section class=\"elementor-section elementor-inner-section elementor-element elementor-element-750eaf80 entry-content elementor-section-content-top elementor-section-boxed elementor-section-height-default elementor-section-height-default\" data-id=\"750eaf80\" data-element_type=\"section\" data-settings=\"{&quot;background_background&quot;:&quot;classic&quot;}\">\n\t\t\t\t\t\t<div class=\"elementor-container elementor-column-gap-default\">\n\t\t\t\t\t<div class=\"elementor-column elementor-col-50 elementor-inner-column elementor-element elementor-element-8f8ecd0 road\" data-id=\"8f8ecd0\" data-element_type=\"column\">\n\t\t\t<div class=\"elementor-widget-wrap elementor-element-populated\">\n\t\t\t\t\t\t\t\t<div class=\"elementor-element elementor-element-1bacc71 elementor-widget elementor-widget-heading\" data-id=\"1bacc71\" data-element_type=\"widget\" data-widget_type=\"heading.default\">\n\t\t\t\t<div class=\"elementor-widget-container\">\n\t\t\t<h2 class=\"elementor-heading-title elementor-size-default\">De ce taxe de utilizator de drum?<\/h2>\t\t<\/div>\n\t\t\t\t<\/div>\n\t\t\t\t<div class=\"elementor-element elementor-element-759a5a8 elementor-widget elementor-widget-text-editor\" data-id=\"759a5a8\" data-element_type=\"widget\" data-widget_type=\"text-editor.default\">\n\t\t\t\t<div class=\"elementor-widget-container\">\n\t\t\t\t\t\t\t<p><span style=\"color: var( --e-global-color-secondary );\">Scopul principal al taxele de utilizator de drum este de a taxa \u015foferii pentru utilizarea drumurilor \u015fi a infrastructurii, astfel \u00eenc\u00e2t administra\u0163iile locale s\u0103 poat\u0103 continua s\u0103 construiasc\u0103 \u015fi s\u0103 \u00eentre\u0163in\u0103 drumuri, poduri \u015fi autostr\u0103zi de \u00eenalt\u0103 calitate.\u00a0<br \/><\/span><span style=\"color: var( --e-global-color-secondary );\"><br \/>Unele taxe, cum ar fi taxele de aglomerare \u015fi taxele legate de Zonele cu emisii reduse, sunt, de asemenea, utilizate pentru a reduce poluarea \u00een anumite zone pentru a \u00eembun\u0103t\u0103\u0163i calitatea aerului. Scopul este de a \u00eembun\u0103t\u0103\u0163i s\u0103n\u0103tatea public\u0103 \u015fi de a \u00eembun\u0103t\u0103\u0163i mediul.\u00a0<br \/><\/span><span style=\"color: var( --e-global-color-secondary );\"><br \/>Toate taxele de utilizator de drum gestionate de Epass24 sunt emise prin intermediul camerelor ANPR (Automatic Number Plate Recognition [Recunoa\u015fterea automat\u0103 a num\u0103rului de \u00eenmatriculare]). Toate taxele rutiere sunt \u00eenregistrate automat \u015fi facturate ulterior.<br \/><\/span><span style=\"color: var( --e-global-color-secondary );\"><br \/>Taxele de utilizator de drum nu sunt \u00eent\u00e2mpinate cu bucurie de toat\u0103 lumea, dar este important s\u0103 se ia \u00een considerare faptul c\u0103 acestea sunt puse \u00een aplicare pentru a face via\u0163a mai bun\u0103 pentru societate \u00een ansamblu.<\/span><\/p>\n<p>\u00a0<\/p>\n\t\t\t\t\t\t<\/div>\n\t\t\t\t<\/div>\n\t\t\t\t<div class=\"elementor-element elementor-element-9910f75 elementor-widget elementor-widget-text-editor\" data-id=\"9910f75\" data-element_type=\"widget\" data-widget_type=\"text-editor.default\">\n\t\t\t\t<div class=\"elementor-widget-container\">\n\t\t\t\t\t\t\t<ul>\n<li><i class=\"fas fa-chevron-right\"><\/i>Taxe de aglomerare<\/li>\n<li><i class=\"fas fa-chevron-right\"><\/i>Taxe de infrastructur\u0103<\/li>\n<li><i class=\"fas fa-chevron-right\"><\/i>Taxe rutiere<\/li>\n<li><i class=\"fas fa-chevron-right\"><\/i>Tarife de trecere a podurilor <\/li>\n<li><i class=\"fas fa-chevron-right\"><\/i>Zone cu emisii reduse<\/li>\n<li><i class=\"fas fa-chevron-right\"><\/i>Viniet\u0103 (tax\u0103 de drum)<\/li>\n<li><i class=\"fas fa-chevron-right\"><\/i>Bilete de feribot<\/li>\n<\/ul>\n<p><img loading=\"lazy\" class=\"size-medium wp-image-156 alignright\" src=\"https:\/\/www.epass24.com\/wp-content\/uploads\/part-2-300x200.jpg\" alt=\"\" width=\"250\" height=\"250\" \/><\/p>\n\t\t\t\t\t\t<\/div>\n\t\t\t\t<\/div>\n\t\t\t\t\t<\/div>\n\t\t<\/div>\n\t\t\t\t<div class=\"elementor-column elementor-col-50 elementor-inner-column elementor-element elementor-element-4ce275b\" data-id=\"4ce275b\" data-element_type=\"column\">\n\t\t\t<div class=\"elementor-widget-wrap elementor-element-populated\">\n\t\t\t\t\t\t\t\t<div class=\"elementor-element elementor-element-d3d3bce elementor-widget elementor-widget-image\" data-id=\"d3d3bce\" data-element_type=\"widget\" data-widget_type=\"image.default\">\n\t\t\t\t<div class=\"elementor-widget-container\">\n\t\t\t\t\t\t\t\t\t\t\t\t\t\t\t<img width=\"2500\" height=\"1820\" src=\"\/wp-content\/uploads\/road-1.svg\" class=\"attachment-full size-full wp-image-1583\" alt=\"\" loading=\"lazy\" \/>\t\t\t\t\t\t\t\t\t\t\t\t\t\t\t<\/div>\n\t\t\t\t<\/div>\n\t\t\t\t\t<\/div>\n\t\t<\/div>\n\t\t\t\t\t\t\t<\/div>\n\t\t<\/section>\n\t\t\t\t\t<\/div>\n\t\t<\/div>\n\t\t\t\t\t\t\t<\/div>\n\t\t<\/section>\n\t\t\t\t\t\t\t<\/div>\n\t\t","protected":false},"excerpt":{"rendered":"<p>Infrastructur\u0103, s\u0103n\u0103tate public\u0103 \u015fi mediu De ce taxe de utilizator de drum? Scopul principal al taxele de utilizator de drum este de a taxa \u015foferii pentru utilizarea drumurilor \u015fi a infrastructurii, astfel \u00eenc\u00e2t administra\u0163iile locale s\u0103 poat\u0103 continua s\u0103 construiasc\u0103 \u015fi s\u0103 \u00eentre\u0163in\u0103 drumuri, poduri \u015fi autostr\u0103zi de \u00eenalt\u0103 calitate.\u00a0 Unele taxe, cum ar fi [&hellip;]<\/p>\n","protected":false},"author":1,"featured_media":0,"parent":0,"menu_order":0,"comment_status":"closed","ping_status":"closed","template":"","meta":{"inline_featured_image":false},"acf":[],"_links":{"self":[{"href":"https:\/\/wordpress-epass24-test.azurewebsites.net\/ro\/wp-json\/wp\/v2\/pages\/2730"}],"collection":[{"href":"https:\/\/wordpress-epass24-test.azurewebsites.net\/ro\/wp-json\/wp\/v2\/pages"}],"about":[{"href":"https:\/\/wordpress-epass24-test.azurewebsites.net\/ro\/wp-json\/wp\/v2\/types\/page"}],"author":[{"embeddable":true,"href":"https:\/\/wordpress-epass24-test.azurewebsites.net\/ro\/wp-json\/wp\/v2\/users\/1"}],"replies":[{"embeddable":true,"href":"https:\/\/wordpress-epass24-test.azurewebsites.net\/ro\/wp-json\/wp\/v2\/comments?post=2730"}],"version-history":[{"count":1,"href":"https:\/\/wordpress-epass24-test.azurewebsites.net\/ro\/wp-json\/wp\/v2\/pages\/2730\/revisions"}],"predecessor-version":[{"id":2731,"href":"https:\/\/wordpress-epass24-test.azurewebsites.net\/ro\/wp-json\/wp\/v2\/pages\/2730\/revisions\/2731"}],"wp:attachment":[{"href":"https:\/\/wordpress-epass24-test.azurewebsites.net\/ro\/wp-json\/wp\/v2\/media?parent=2730"}],"curies":[{"name":"wp","href":"https:\/\/api.w.org\/{rel}","templated":true}]}}