{"id":2628,"date":"2021-04-28T08:50:49","date_gmt":"2021-04-28T08:50:49","guid":{"rendered":"http:\/\/epass24.uncleserj.com\/debt-collection\/"},"modified":"2021-04-28T12:53:26","modified_gmt":"2021-04-28T12:53:26","slug":"debt-collection","status":"publish","type":"page","link":"https:\/\/wordpress-epass24-test.azurewebsites.net\/pt-pt\/debt-collection\/","title":{"rendered":"Debt Collection"},"content":{"rendered":"\t\t<div data-elementor-type=\"wp-page\" data-elementor-id=\"2628\" class=\"elementor elementor-2628 elementor-869\">\n\t\t\t\t\t\t\t\t\t<section class=\"elementor-section elementor-top-section elementor-element elementor-element-38b7d139 elementor-section-content-middle elementor-section-boxed elementor-section-height-default elementor-section-height-default\" data-id=\"38b7d139\" data-element_type=\"section\" id=\"hero\" data-settings=\"{&quot;background_background&quot;:&quot;classic&quot;}\">\n\t\t\t\t\t\t<div class=\"elementor-container elementor-column-gap-default\">\n\t\t\t\t\t<div class=\"elementor-column elementor-col-100 elementor-top-column elementor-element elementor-element-761cd94f hero-wrapper\" data-id=\"761cd94f\" data-element_type=\"column\">\n\t\t\t<div class=\"elementor-widget-wrap elementor-element-populated\">\n\t\t\t\t\t\t\t\t<div class=\"elementor-element elementor-element-7b26849d elementor-widget elementor-widget-heading\" data-id=\"7b26849d\" data-element_type=\"widget\" data-widget_type=\"heading.default\">\n\t\t\t\t<div class=\"elementor-widget-container\">\n\t\t\t<h1 class=\"elementor-heading-title elementor-size-default\">Tratamento igual para todos os propriet\u00e1rios de ve\u00edculos<\/h1>\t\t<\/div>\n\t\t\t\t<\/div>\n\t\t\t\t\t<\/div>\n\t\t<\/div>\n\t\t\t\t\t\t\t<\/div>\n\t\t<\/section>\n\t\t\t\t<section class=\"elementor-section elementor-top-section elementor-element elementor-element-76db789a elementor-section-boxed elementor-section-height-default elementor-section-height-default\" data-id=\"76db789a\" data-element_type=\"section\" data-settings=\"{&quot;background_background&quot;:&quot;classic&quot;}\">\n\t\t\t\t\t\t<div class=\"elementor-container elementor-column-gap-default\">\n\t\t\t\t\t<div class=\"elementor-column elementor-col-100 elementor-top-column elementor-element elementor-element-5be0f583\" data-id=\"5be0f583\" data-element_type=\"column\">\n\t\t\t<div class=\"elementor-widget-wrap elementor-element-populated\">\n\t\t\t\t\t\t\t\t<section class=\"elementor-section elementor-inner-section elementor-element elementor-element-41a0c53 entry-content elementor-section-boxed elementor-section-height-default elementor-section-height-default\" data-id=\"41a0c53\" data-element_type=\"section\" data-settings=\"{&quot;background_background&quot;:&quot;classic&quot;}\">\n\t\t\t\t\t\t<div class=\"elementor-container elementor-column-gap-default\">\n\t\t\t\t\t<div class=\"elementor-column elementor-col-50 elementor-inner-column elementor-element elementor-element-732d823c\" data-id=\"732d823c\" data-element_type=\"column\">\n\t\t\t<div class=\"elementor-widget-wrap elementor-element-populated\">\n\t\t\t\t\t\t\t\t<div class=\"elementor-element elementor-element-73fc0214 elementor-widget elementor-widget-heading\" data-id=\"73fc0214\" data-element_type=\"widget\" data-widget_type=\"heading.default\">\n\t\t\t\t<div class=\"elementor-widget-container\">\n\t\t\t<h2 class=\"elementor-heading-title elementor-size-default\">Cobran\u00e7a de d\u00edvidas europeias<\/h2>\t\t<\/div>\n\t\t\t\t<\/div>\n\t\t\t\t<div class=\"elementor-element elementor-element-b132dcd elementor-widget elementor-widget-text-editor\" data-id=\"b132dcd\" data-element_type=\"widget\" data-widget_type=\"text-editor.default\">\n\t\t\t\t<div class=\"elementor-widget-container\">\n\t\t\t\t\t\t\t<p>A ideia da cobran\u00e7a de rodoviarias \u00e9 cobrar os individuos que usam pontes especificas, auto estradas, redes e estruturas rodoviarias incluindo estacionamentos.<\/p>\n<p>Infelizmente, uma pequena minoria de pessoas, menos de 0,5% de todos os clientes, n\u00e3o pagam as suas despesas rodovi\u00e1rias ou lembretes a tempo.<\/p>\n<p>\u00c9 justo para a maioria das pessoas que pagam pontualmente, que cobremos essa d\u00edvida aos que persistentemente n\u00e3o pagam. <\/p>\n<p>Se o propriet\u00e1rio de um ve\u00edculo ainda n\u00e3o tiver pago na data de vencimento, a d\u00edvida ser\u00e1 repassada ao nosso parceiro de execu\u00e7\u00e3o de d\u00edvidas local, que ir\u00e1 agir devidamente para recuperar a d\u00edvida.<\/p>\n<p>Os custos podem aumentar significativamente para quem n\u00e3o paga a tempo. Tenha em conta que a d\u00edvida nesta fase \u00e9 administrada por nossa ag\u00eancia parceira e qualquer pessoa que receber um aviso de execu\u00e7\u00e3o pelo correio dever\u00e1 pagar sua d\u00edvida para com eles.<\/p>\n<p>Epass24 nomeou parceiros de cobran\u00e7a de d\u00edvidas em todos os pa\u00edses europeus para agirem em nome das operadoras rodovi\u00e1rias.<\/p>\n<p>Se recebeu um aviso de qualquer um de nossos parceiros, entre em contato diretamente com eles se tiver alguma d\u00favida.<\/p>\n\t\t\t\t\t\t<\/div>\n\t\t\t\t<\/div>\n\t\t\t\t\t<\/div>\n\t\t<\/div>\n\t\t\t\t<div class=\"elementor-column elementor-col-50 elementor-inner-column elementor-element elementor-element-34760ff\" data-id=\"34760ff\" data-element_type=\"column\">\n\t\t\t<div class=\"elementor-widget-wrap elementor-element-populated\">\n\t\t\t\t\t\t\t\t<div class=\"elementor-element elementor-element-022cf7f elementor-widget elementor-widget-image\" data-id=\"022cf7f\" data-element_type=\"widget\" data-widget_type=\"image.default\">\n\t\t\t\t<div class=\"elementor-widget-container\">\n\t\t\t\t\t\t\t\t\t\t\t\t\t\t\t<img width=\"868\" height=\"748\" src=\"\/wp-content\/uploads\/map.png\" class=\"attachment-large size-large wp-image-1949\" alt=\"\" loading=\"lazy\" srcset=\"\/wp-content\/uploads\/map.png 868w, \/wp-content\/uploads\/map-300x259.png 300w, \/wp-content\/uploads\/map-768x662.png 768w\" sizes=\"(max-width: 868px) 100vw, 868px\" \/>\t\t\t\t\t\t\t\t\t\t\t\t\t\t\t<\/div>\n\t\t\t\t<\/div>\n\t\t\t\t\t<\/div>\n\t\t<\/div>\n\t\t\t\t\t\t\t<\/div>\n\t\t<\/section>\n\t\t\t\t\t<\/div>\n\t\t<\/div>\n\t\t\t\t\t\t\t<\/div>\n\t\t<\/section>\n\t\t\t\t\t\t\t<\/div>\n\t\t","protected":false},"excerpt":{"rendered":"<p>Tratamento igual para todos os propriet\u00e1rios de ve\u00edculos Cobran\u00e7a de d\u00edvidas europeias A ideia da cobran\u00e7a de rodoviarias \u00e9 cobrar os individuos que usam pontes especificas, auto estradas, redes e estruturas rodoviarias incluindo estacionamentos. Infelizmente, uma pequena minoria de pessoas, menos de 0,5% de todos os clientes, n\u00e3o pagam as suas despesas rodovi\u00e1rias ou lembretes [&hellip;]<\/p>\n","protected":false},"author":1,"featured_media":0,"parent":0,"menu_order":0,"comment_status":"closed","ping_status":"closed","template":"","meta":{"inline_featured_image":false},"acf":[],"_links":{"self":[{"href":"https:\/\/wordpress-epass24-test.azurewebsites.net\/pt-pt\/wp-json\/wp\/v2\/pages\/2628"}],"collection":[{"href":"https:\/\/wordpress-epass24-test.azurewebsites.net\/pt-pt\/wp-json\/wp\/v2\/pages"}],"about":[{"href":"https:\/\/wordpress-epass24-test.azurewebsites.net\/pt-pt\/wp-json\/wp\/v2\/types\/page"}],"author":[{"embeddable":true,"href":"https:\/\/wordpress-epass24-test.azurewebsites.net\/pt-pt\/wp-json\/wp\/v2\/users\/1"}],"replies":[{"embeddable":true,"href":"https:\/\/wordpress-epass24-test.azurewebsites.net\/pt-pt\/wp-json\/wp\/v2\/comments?post=2628"}],"version-history":[{"count":1,"href":"https:\/\/wordpress-epass24-test.azurewebsites.net\/pt-pt\/wp-json\/wp\/v2\/pages\/2628\/revisions"}],"predecessor-version":[{"id":2629,"href":"https:\/\/wordpress-epass24-test.azurewebsites.net\/pt-pt\/wp-json\/wp\/v2\/pages\/2628\/revisions\/2629"}],"wp:attachment":[{"href":"https:\/\/wordpress-epass24-test.azurewebsites.net\/pt-pt\/wp-json\/wp\/v2\/media?parent=2628"}],"curies":[{"name":"wp","href":"https:\/\/api.w.org\/{rel}","templated":true}]}}