{"id":2624,"date":"2021-04-28T08:41:18","date_gmt":"2021-04-28T08:41:18","guid":{"rendered":"http:\/\/epass24.uncleserj.com\/the-toll-operators\/"},"modified":"2023-11-06T09:29:25","modified_gmt":"2023-11-06T09:29:25","slug":"the-toll-operators","status":"publish","type":"page","link":"https:\/\/wordpress-epass24-test.azurewebsites.net\/pt-pt\/the-toll-operators\/","title":{"rendered":"Operador Rodovi\u00e0rio"},"content":{"rendered":"\t\t<div data-elementor-type=\"wp-page\" data-elementor-id=\"2624\" class=\"elementor elementor-2624 elementor-605\">\n\t\t\t\t\t\t\t\t\t<section class=\"elementor-section elementor-top-section elementor-element elementor-element-117baab8 elementor-section-content-middle elementor-section-boxed elementor-section-height-default elementor-section-height-default\" data-id=\"117baab8\" data-element_type=\"section\" id=\"hero\" data-settings=\"{&quot;background_background&quot;:&quot;classic&quot;}\">\n\t\t\t\t\t\t<div class=\"elementor-container elementor-column-gap-default\">\n\t\t\t\t\t<div class=\"elementor-column elementor-col-100 elementor-top-column elementor-element elementor-element-1c8d4f4f hero-wrapper\" data-id=\"1c8d4f4f\" data-element_type=\"column\">\n\t\t\t<div class=\"elementor-widget-wrap elementor-element-populated\">\n\t\t\t\t\t\t\t\t<div class=\"elementor-element elementor-element-2e153ed elementor-widget elementor-widget-heading\" data-id=\"2e153ed\" data-element_type=\"widget\" data-widget_type=\"heading.default\">\n\t\t\t\t<div class=\"elementor-widget-container\">\n\t\t\t<h1 class=\"elementor-heading-title elementor-size-xl\">Nomeado por operadoras rodovi\u00e1rias<\/h1>\t\t<\/div>\n\t\t\t\t<\/div>\n\t\t\t\t<div class=\"elementor-element elementor-element-983eb2d elementor-widget elementor-widget-text-editor\" data-id=\"983eb2d\" data-element_type=\"widget\" data-widget_type=\"text-editor.default\">\n\t\t\t\t<div class=\"elementor-widget-container\">\n\t\t\t\t\t\t\t\t\t\t\t\t\t<\/div>\n\t\t\t\t<\/div>\n\t\t\t\t\t<\/div>\n\t\t<\/div>\n\t\t\t\t\t\t\t<\/div>\n\t\t<\/section>\n\t\t\t\t<section class=\"elementor-section elementor-top-section elementor-element elementor-element-2d3a8ad4 elementor-section-boxed elementor-section-height-default elementor-section-height-default\" data-id=\"2d3a8ad4\" data-element_type=\"section\" data-settings=\"{&quot;background_background&quot;:&quot;classic&quot;}\">\n\t\t\t\t\t\t<div class=\"elementor-container elementor-column-gap-default\">\n\t\t\t\t\t<div class=\"elementor-column elementor-col-100 elementor-top-column elementor-element elementor-element-61c804d8\" data-id=\"61c804d8\" data-element_type=\"column\">\n\t\t\t<div class=\"elementor-widget-wrap elementor-element-populated\">\n\t\t\t\t\t\t\t\t<section class=\"elementor-section elementor-inner-section elementor-element elementor-element-1c6a2fac entry-content elementor-section-content-middle elementor-section-boxed elementor-section-height-default elementor-section-height-default\" data-id=\"1c6a2fac\" data-element_type=\"section\" data-settings=\"{&quot;background_background&quot;:&quot;classic&quot;}\">\n\t\t\t\t\t\t<div class=\"elementor-container elementor-column-gap-default\">\n\t\t\t\t\t<div class=\"elementor-column elementor-col-50 elementor-inner-column elementor-element elementor-element-125cbe0d\" data-id=\"125cbe0d\" data-element_type=\"column\">\n\t\t\t<div class=\"elementor-widget-wrap elementor-element-populated\">\n\t\t\t\t\t\t\t\t<div class=\"elementor-element elementor-element-759b6c9 elementor-widget elementor-widget-heading\" data-id=\"759b6c9\" data-element_type=\"widget\" data-widget_type=\"heading.default\">\n\t\t\t\t<div class=\"elementor-widget-container\">\n\t\t\t<h2 class=\"elementor-heading-title elementor-size-large\">Uni\u00e3o de Operadoras rodovi\u00e1rias<\/h2>\t\t<\/div>\n\t\t\t\t<\/div>\n\t\t\t\t<div class=\"elementor-element elementor-element-8824335 elementor-widget elementor-widget-text-editor\" data-id=\"8824335\" data-element_type=\"widget\" data-widget_type=\"text-editor.default\">\n\t\t\t\t<div class=\"elementor-widget-container\">\n\t\t\t\t\t\t\t<p><b>Su\u00e9cia <\/b>&#8211; A Ag\u00eancia Sueca nacional de Transporte \u00e9 a organiza\u00e7\u00e3o governamental respons\u00e1vel pelo sistema rodovi\u00e1rio da Su\u00e9cia. As taxas de congestionamento s\u00e3o emitidas em Estocolmo e Gotemburgo e as portagens das pontes s\u00e3o cobrados em Skuru, Motala e Sundsvall.<\/p>\n<p><b>Noruega <\/b>&#8211; Noruega &#8211; O sistema de taxa rodovi\u00e1rio na Noruega \u00e9 dividido em cinco regi\u00f5es com operadoras rodoviarias individuais; Fjellinjen, Ferde, Vegamot, Vegfinans e Bompengeselskap Nord. Eles agem sob o controle e supervis\u00e3o da Administra\u00e7\u00e3o P\u00fablica de Estradas da Noruega (Statens Vegvesen).<br \/>\n<span style=\"color: var( --e-global-color-secondary );\"><br \/>\nOs Ferryboats (autopassferje.no) s\u00e3o operadas por uma s\u00e9rie de empresas nacionais de Ferries sobre concess\u00e3o da Administra\u00e7\u00e3o P\u00fablica de Estradas da Noruega (Statens Vegvesen).<\/span><\/p>\n<p><b style=\"color: var( --e-global-color-secondary );\">Dinamarca <\/b><span style=\"color: var( --e-global-color-secondary );\">&#8211;\u00a0A\/S Storeb\u00e6lt opera uma ponte de 18 km de comprimento sobre Stora B\u00e4lt. \u00a0<\/span><span style=\"color: var( --e-global-color-secondary );\">A conex\u00e3o do Fjordforbindelsen Frederikssund \u00e9 respons\u00e1vel pelas taxas de infrastrutura sobre Roskilde Fjord atrav\u00e9s da ponte Crown Princess Marys.\u00a0<\/span><\/p>\n<p><b>Fran\u00e7a <\/b>&#8211; SANEF, a Soci\u00e9t\u00e9 des Autoroutes du Nord et de l&#8217;Est de la France opera autoestradas do norte e leste de Fran\u00e7a em nome do Estado franc\u00eas. No total, o SANEF \u00e9 respons\u00e1vel por 1743 km de autoestrada.<\/p>\n<p><b>Portugal <\/b>&#8211; A Ascendi opera um total de 672 km de estrada com as portagem por conta do Estado Portugu\u00eas.<\/p>\n<p>Todas as organiza\u00e7\u00f5es aqui descritas escolheram Epass24 para gerir as portagens emitidos principalmente por ve\u00edculos registrados no estrangeiro.<\/p>\n<p>Na Su\u00e9cia e na Noruega, o Epass24 tamb\u00e9m \u00e9 respons\u00e1vel por facilitar o pagamento de portagens, oferecendo aos propriet\u00e1rios de ve\u00edculos contas com pagamento autom\u00e1tico.<\/p>\n<p>Para obter mais informa\u00e7\u00f5es sobre cada operador rodovi\u00e1rio, clique no logotipo de cada operador.<\/p>\n<div><\/div>\n\t\t\t\t\t\t<\/div>\n\t\t\t\t<\/div>\n\t\t\t\t\t<\/div>\n\t\t<\/div>\n\t\t\t\t<div class=\"elementor-column elementor-col-50 elementor-inner-column elementor-element elementor-element-c0fe468\" data-id=\"c0fe468\" data-element_type=\"column\">\n\t\t\t<div class=\"elementor-widget-wrap elementor-element-populated\">\n\t\t\t\t\t\t\t\t<div class=\"elementor-element elementor-element-094c087 elementor-widget elementor-widget-shortcode\" data-id=\"094c087\" data-element_type=\"widget\" data-widget_type=\"shortcode.default\">\n\t\t\t\t<div class=\"elementor-widget-container\">\n\t\t\t\t\t<div class=\"elementor-shortcode\">\t<div class=\"operators row no-gutters align-items-center\">\r\n\t\t\t<div class=\"col-md-6\">\r\n\t\t\t<a class=\"operator\" href=\"https:\/\/autopassferje.no\" target=\"_blank\" rel=\"nofollow noreferrer noopener\" title=\"AutoPASS for ferje\">\r\n\t\t\t\t<img src=\"\/wp-content\/uploads\/autopass.svg\" alt=\"AutoPASS for ferje\">\r\n\t\t\t<\/a>\r\n\t\t<\/div>\r\n    \t\t<div class=\"col-md-6\">\r\n\t\t\t<a class=\"operator\" href=\"https:\/\/en.vegfinans.no\/\" target=\"_blank\" rel=\"nofollow noreferrer noopener\" title=\"Vegfinans\">\r\n\t\t\t\t<img src=\"\/wp-content\/uploads\/Vegfinans.png\" alt=\"Vegfinans\">\r\n\t\t\t<\/a>\r\n\t\t<\/div>\r\n    \t\t<div class=\"col-md-6\">\r\n\t\t\t<a class=\"operator\" href=\"https:\/\/www.vegamot.no\/\" target=\"_blank\" rel=\"nofollow noreferrer noopener\" title=\"Vegamot\">\r\n\t\t\t\t<img src=\"\/wp-content\/uploads\/Vegamot.png\" alt=\"Vegamot\">\r\n\t\t\t<\/a>\r\n\t\t<\/div>\r\n    \t\t<div class=\"col-md-6\">\r\n\t\t\t<a class=\"operator\" href=\"https:\/\/transportstyrelsen.se\" target=\"_blank\" rel=\"nofollow noreferrer noopener\" title=\"Transportstyrelsen\">\r\n\t\t\t\t<img src=\"\/wp-content\/uploads\/Transportstyrelsen-300x67.png\" alt=\"Transportstyrelsen\">\r\n\t\t\t<\/a>\r\n\t\t<\/div>\r\n    \t\t<div class=\"col-md-6\">\r\n\t\t\t<a class=\"operator\" href=\"https:\/\/sundogbaelt.dk\/\" target=\"_blank\" rel=\"nofollow noreferrer noopener\" title=\"Sund Baelt\">\r\n\t\t\t\t<img src=\"\/wp-content\/uploads\/Sund-Baelt.png\" alt=\"Sund Baelt\">\r\n\t\t\t<\/a>\r\n\t\t<\/div>\r\n    \t\t<div class=\"col-md-6\">\r\n\t\t\t<a class=\"operator\" href=\"https:\/\/storebaelt.dk\/\" target=\"_blank\" rel=\"nofollow noreferrer noopener\" title=\"Storebaelt\">\r\n\t\t\t\t<img src=\"\/wp-content\/uploads\/Storebaelt-300x76.png\" alt=\"Storebaelt\">\r\n\t\t\t<\/a>\r\n\t\t<\/div>\r\n    \t\t<div class=\"col-md-6\">\r\n\t\t\t<a class=\"operator\" href=\"https:\/\/www.fjellinjen.no\/\" target=\"_blank\" rel=\"nofollow noreferrer noopener\" title=\"Fjellinjen\">\r\n\t\t\t\t<img src=\"\/wp-content\/uploads\/Fjellinjen-300x124.jpg\" alt=\"Fjellinjen\">\r\n\t\t\t<\/a>\r\n\t\t<\/div>\r\n    \t\t<div class=\"col-md-6\">\r\n\t\t\t<a class=\"operator\" href=\"https:\/\/ferde.no\/\" target=\"_blank\" rel=\"nofollow noreferrer noopener\" title=\"Ferde\">\r\n\t\t\t\t<img src=\"\/wp-content\/uploads\/FerdeLogo.svg\" alt=\"Ferde\">\r\n\t\t\t<\/a>\r\n\t\t<\/div>\r\n    \t\t<div class=\"col-md-6\">\r\n\t\t\t<a class=\"operator\" href=\"https:\/\/bomveinord.no\/\" target=\"_blank\" rel=\"nofollow noreferrer noopener\" title=\"Bompengeselskap Nord\">\r\n\t\t\t\t<img src=\"\/wp-content\/uploads\/Nord-300x126.png\" alt=\"Bompengeselskap Nord\">\r\n\t\t\t<\/a>\r\n\t\t<\/div>\r\n    \t\t<div class=\"col-md-6\">\r\n\t\t\t<a class=\"operator\" href=\"https:\/\/www.ascendi.pt\/\" target=\"_blank\" rel=\"nofollow noreferrer noopener\" title=\"Ascendi\">\r\n\t\t\t\t<img src=\"\/wp-content\/uploads\/Ascendi.png\" alt=\"Ascendi\">\r\n\t\t\t<\/a>\r\n\t\t<\/div>\r\n    \t<\/div>\r\n\t<\/div>\n\t\t\t\t<\/div>\n\t\t\t\t<\/div>\n\t\t\t\t\t<\/div>\n\t\t<\/div>\n\t\t\t\t\t\t\t<\/div>\n\t\t<\/section>\n\t\t\t\t\t<\/div>\n\t\t<\/div>\n\t\t\t\t\t\t\t<\/div>\n\t\t<\/section>\n\t\t\t\t\t\t\t<\/div>\n\t\t","protected":false},"excerpt":{"rendered":"<p>Nomeado por operadoras rodovi\u00e1rias Uni\u00e3o de Operadoras rodovi\u00e1rias Su\u00e9cia &#8211; A Ag\u00eancia Sueca nacional de Transporte \u00e9 a organiza\u00e7\u00e3o governamental respons\u00e1vel pelo sistema rodovi\u00e1rio da Su\u00e9cia. As taxas de congestionamento s\u00e3o emitidas em Estocolmo e Gotemburgo e as portagens das pontes s\u00e3o cobrados em Skuru, Motala e Sundsvall. Noruega &#8211; Noruega &#8211; O sistema de [&hellip;]<\/p>\n","protected":false},"author":1,"featured_media":0,"parent":0,"menu_order":0,"comment_status":"closed","ping_status":"closed","template":"","meta":{"inline_featured_image":false},"acf":[],"_links":{"self":[{"href":"https:\/\/wordpress-epass24-test.azurewebsites.net\/pt-pt\/wp-json\/wp\/v2\/pages\/2624"}],"collection":[{"href":"https:\/\/wordpress-epass24-test.azurewebsites.net\/pt-pt\/wp-json\/wp\/v2\/pages"}],"about":[{"href":"https:\/\/wordpress-epass24-test.azurewebsites.net\/pt-pt\/wp-json\/wp\/v2\/types\/page"}],"author":[{"embeddable":true,"href":"https:\/\/wordpress-epass24-test.azurewebsites.net\/pt-pt\/wp-json\/wp\/v2\/users\/1"}],"replies":[{"embeddable":true,"href":"https:\/\/wordpress-epass24-test.azurewebsites.net\/pt-pt\/wp-json\/wp\/v2\/comments?post=2624"}],"version-history":[{"count":6,"href":"https:\/\/wordpress-epass24-test.azurewebsites.net\/pt-pt\/wp-json\/wp\/v2\/pages\/2624\/revisions"}],"predecessor-version":[{"id":6860,"href":"https:\/\/wordpress-epass24-test.azurewebsites.net\/pt-pt\/wp-json\/wp\/v2\/pages\/2624\/revisions\/6860"}],"wp:attachment":[{"href":"https:\/\/wordpress-epass24-test.azurewebsites.net\/pt-pt\/wp-json\/wp\/v2\/media?parent=2624"}],"curies":[{"name":"wp","href":"https:\/\/api.w.org\/{rel}","templated":true}]}}