{"id":2620,"date":"2021-04-28T08:34:37","date_gmt":"2021-04-28T08:34:37","guid":{"rendered":"http:\/\/epass24.uncleserj.com\/about\/"},"modified":"2022-10-17T15:59:52","modified_gmt":"2022-10-17T15:59:52","slug":"about","status":"publish","type":"page","link":"https:\/\/wordpress-epass24-test.azurewebsites.net\/pt-pt\/about\/","title":{"rendered":"Sobre N\u00f2s"},"content":{"rendered":"\t\t<div data-elementor-type=\"wp-page\" data-elementor-id=\"2620\" class=\"elementor elementor-2620 elementor-597\">\n\t\t\t\t\t\t\t\t\t<section class=\"elementor-section elementor-top-section elementor-element elementor-element-1323e51b elementor-section-content-middle elementor-section-boxed elementor-section-height-default elementor-section-height-default\" data-id=\"1323e51b\" data-element_type=\"section\" id=\"hero\" data-settings=\"{&quot;background_background&quot;:&quot;classic&quot;}\">\n\t\t\t\t\t\t<div class=\"elementor-container elementor-column-gap-default\">\n\t\t\t\t\t<div class=\"elementor-column elementor-col-100 elementor-top-column elementor-element elementor-element-76238f3f hero-wrapper\" data-id=\"76238f3f\" data-element_type=\"column\">\n\t\t\t<div class=\"elementor-widget-wrap elementor-element-populated\">\n\t\t\t\t\t\t\t\t<div class=\"elementor-element elementor-element-c191445 elementor-widget elementor-widget-heading\" data-id=\"c191445\" data-element_type=\"widget\" data-widget_type=\"heading.default\">\n\t\t\t\t<div class=\"elementor-widget-container\">\n\t\t\t<h1 class=\"elementor-heading-title elementor-size-xl\">Uma empresa tecnologica com sede na Su\u00e9cia<\/h1>\t\t<\/div>\n\t\t\t\t<\/div>\n\t\t\t\t\t<\/div>\n\t\t<\/div>\n\t\t\t\t\t\t\t<\/div>\n\t\t<\/section>\n\t\t\t\t<section class=\"elementor-section elementor-top-section elementor-element elementor-element-47658c1 elementor-section-boxed elementor-section-height-default elementor-section-height-default\" data-id=\"47658c1\" data-element_type=\"section\" data-settings=\"{&quot;background_background&quot;:&quot;classic&quot;}\">\n\t\t\t\t\t\t<div class=\"elementor-container elementor-column-gap-default\">\n\t\t\t\t\t<div class=\"elementor-column elementor-col-100 elementor-top-column elementor-element elementor-element-5fe55265\" data-id=\"5fe55265\" data-element_type=\"column\">\n\t\t\t<div class=\"elementor-widget-wrap elementor-element-populated\">\n\t\t\t\t\t\t\t\t<section class=\"elementor-section elementor-inner-section elementor-element elementor-element-62ab8fdb entry-content elementor-section-boxed elementor-section-height-default elementor-section-height-default\" data-id=\"62ab8fdb\" data-element_type=\"section\" data-settings=\"{&quot;background_background&quot;:&quot;classic&quot;}\">\n\t\t\t\t\t\t<div class=\"elementor-container elementor-column-gap-default\">\n\t\t\t\t\t<div class=\"elementor-column elementor-col-50 elementor-inner-column elementor-element elementor-element-1907f94f\" data-id=\"1907f94f\" data-element_type=\"column\">\n\t\t\t<div class=\"elementor-widget-wrap elementor-element-populated\">\n\t\t\t\t\t\t\t\t<div class=\"elementor-element elementor-element-b9dff67 elementor-widget elementor-widget-text-editor\" data-id=\"b9dff67\" data-element_type=\"widget\" data-widget_type=\"text-editor.default\">\n\t\t\t\t<div class=\"elementor-widget-container\">\n\t\t\t\t\t\t\t<blockquote><p><b>Sobre Epass24<\/b><\/p><\/blockquote>\n<p>O Epass24 foi lan\u00e7ado em 2015, estriando-se na colabora\u00e7\u00e3o com a Ag\u00eancia nacional de Transportes da Su\u00e9cia. O objetivo era facilitar o pagamento de portagens dentro da Su\u00e9cia, para propriet\u00e1rios de ve\u00edculos de outros pa\u00edses.<\/p>\n<p>Hoje, a plataforma \u00e9 compartilhada com outras operadoras e assiste com todos os tipos de cobran\u00e7as rodoviarias.<\/p>\n<p>Mais de 400.000 ve\u00edculos est\u00e3o registrados para pagamentos autom\u00e1ticos e lidamos com mais de 24 milh\u00f5es de portagens todos os anos.<\/p>\n<p>O sistema \u00e9 certificado de acordo com a ISO 9001 e ISO 27001 e totalmente compat\u00edvel com qualquer legisla\u00e7\u00e3o relevante, como o Regulamento Geral sobre Prote\u00e7\u00e3o de Dados 2016\/679 (\u201cRGPD\u201d).<\/p>\n<p>Epass24 pertence e \u00e9 operado pela ParkTrade Europe AB. Para obter mais informa\u00e7\u00f5es, por favor visite www.parktrade.com.<\/p>\n<p>Epass24<br \/>\n<span style=\"color: var( --e-global-color-text );\">ParkTrade Europe AB<br \/>\n<\/span><span style=\"color: var( --e-global-color-text );\">Sturegatan 16<br \/>\n<\/span><span style=\"color: var( --e-global-color-text );\">114 36 Stockholm<br \/>\n<\/span><span style=\"color: var( --e-global-color-text );\">Su\u00e9cia<\/span><\/p>\n<p>ParkTrade Europe AB \u00e9 uma entidade sueca com o numero de organiza\u00e7\u00e3o 5566730551<\/p>\n<p>&nbsp;<\/p>\n\t\t\t\t\t\t<\/div>\n\t\t\t\t<\/div>\n\t\t\t\t\t<\/div>\n\t\t<\/div>\n\t\t\t\t<div class=\"elementor-column elementor-col-50 elementor-inner-column elementor-element elementor-element-bca3b9a\" data-id=\"bca3b9a\" data-element_type=\"column\">\n\t\t\t<div class=\"elementor-widget-wrap elementor-element-populated\">\n\t\t\t\t\t\t\t\t<div class=\"elementor-element elementor-element-3b092aa elementor-widget elementor-widget-heading\" data-id=\"3b092aa\" data-element_type=\"widget\" data-widget_type=\"heading.default\">\n\t\t\t\t<div class=\"elementor-widget-container\">\n\t\t\t<h5 class=\"elementor-heading-title elementor-size-default\">+300 000 ve\u00edculos j\u00e1 est\u00e3o registados connosco<\/h5>\t\t<\/div>\n\t\t\t\t<\/div>\n\t\t\t\t<div class=\"elementor-element elementor-element-48af9ad elementor-widget elementor-widget-shortcode\" data-id=\"48af9ad\" data-element_type=\"widget\" data-widget_type=\"shortcode.default\">\n\t\t\t\t<div class=\"elementor-widget-container\">\n\t\t\t\t\t<div class=\"elementor-shortcode\">\t<div id=\"animation_container\" style=\"background-color:rgba(255, 255, 255, 1.00); width:530px; height:610px;max-width:100%;margin: 0 auto;transform: translateX(30px);\">\r\n\t\t<canvas id=\"canvas\" width=\"530\" height=\"610\" style=\"position: absolute; display: block; background-color:rgba(255, 255, 255, 1.00);max-width:100%\"><\/canvas>\r\n\t\t<div id=\"dom_overlay_container\" style=\"pointer-events:none; overflow:hidden; width:530px; height:610px; position: absolute; left: 0px; top: 0px; display: block;max-width:100%\">\r\n\t\t<\/div>\r\n\t<\/div>\r\n    <\/div>\n\t\t\t\t<\/div>\n\t\t\t\t<\/div>\n\t\t\t\t\t<\/div>\n\t\t<\/div>\n\t\t\t\t\t\t\t<\/div>\n\t\t<\/section>\n\t\t\t\t\t<\/div>\n\t\t<\/div>\n\t\t\t\t\t\t\t<\/div>\n\t\t<\/section>\n\t\t\t\t\t\t\t<\/div>\n\t\t","protected":false},"excerpt":{"rendered":"<p>Uma empresa tecnologica com sede na Su\u00e9cia Sobre Epass24 O Epass24 foi lan\u00e7ado em 2015, estriando-se na colabora\u00e7\u00e3o com a Ag\u00eancia nacional de Transportes da Su\u00e9cia. O objetivo era facilitar o pagamento de portagens dentro da Su\u00e9cia, para propriet\u00e1rios de ve\u00edculos de outros pa\u00edses. Hoje, a plataforma \u00e9 compartilhada com outras operadoras e assiste com [&hellip;]<\/p>\n","protected":false},"author":1,"featured_media":0,"parent":0,"menu_order":0,"comment_status":"closed","ping_status":"closed","template":"","meta":{"inline_featured_image":false},"acf":[],"_links":{"self":[{"href":"https:\/\/wordpress-epass24-test.azurewebsites.net\/pt-pt\/wp-json\/wp\/v2\/pages\/2620"}],"collection":[{"href":"https:\/\/wordpress-epass24-test.azurewebsites.net\/pt-pt\/wp-json\/wp\/v2\/pages"}],"about":[{"href":"https:\/\/wordpress-epass24-test.azurewebsites.net\/pt-pt\/wp-json\/wp\/v2\/types\/page"}],"author":[{"embeddable":true,"href":"https:\/\/wordpress-epass24-test.azurewebsites.net\/pt-pt\/wp-json\/wp\/v2\/users\/1"}],"replies":[{"embeddable":true,"href":"https:\/\/wordpress-epass24-test.azurewebsites.net\/pt-pt\/wp-json\/wp\/v2\/comments?post=2620"}],"version-history":[{"count":3,"href":"https:\/\/wordpress-epass24-test.azurewebsites.net\/pt-pt\/wp-json\/wp\/v2\/pages\/2620\/revisions"}],"predecessor-version":[{"id":5199,"href":"https:\/\/wordpress-epass24-test.azurewebsites.net\/pt-pt\/wp-json\/wp\/v2\/pages\/2620\/revisions\/5199"}],"wp:attachment":[{"href":"https:\/\/wordpress-epass24-test.azurewebsites.net\/pt-pt\/wp-json\/wp\/v2\/media?parent=2620"}],"curies":[{"name":"wp","href":"https:\/\/api.w.org\/{rel}","templated":true}]}}