{"id":2647,"date":"2021-04-28T10:26:27","date_gmt":"2021-04-28T10:26:27","guid":{"rendered":"http:\/\/epass24.uncleserj.com\/platnosc-automatyczna\/"},"modified":"2024-06-24T13:30:25","modified_gmt":"2024-06-24T13:30:25","slug":"platnosc-automatyczna","status":"publish","type":"page","link":"https:\/\/wordpress-epass24-test.azurewebsites.net\/pl\/platnosc-automatyczna\/","title":{"rendered":"P\u0142atno\u015b\u0107 automatyczna"},"content":{"rendered":"\t\t<div data-elementor-type=\"wp-page\" data-elementor-id=\"2647\" class=\"elementor elementor-2647 elementor-491\">\n\t\t\t\t\t\t\t\t\t<section class=\"elementor-section elementor-top-section elementor-element elementor-element-e2902d8 elementor-section-content-middle elementor-section-boxed elementor-section-height-default elementor-section-height-default\" data-id=\"e2902d8\" data-element_type=\"section\" id=\"hero\" data-settings=\"{&quot;background_background&quot;:&quot;classic&quot;}\">\n\t\t\t\t\t\t<div class=\"elementor-container elementor-column-gap-default\">\n\t\t\t\t\t<div class=\"elementor-column elementor-col-100 elementor-top-column elementor-element elementor-element-6d569b3d hero-wrapper\" data-id=\"6d569b3d\" data-element_type=\"column\">\n\t\t\t<div class=\"elementor-widget-wrap elementor-element-populated\">\n\t\t\t\t\t\t\t\t<div class=\"elementor-element elementor-element-58295d1b elementor-widget elementor-widget-heading\" data-id=\"58295d1b\" data-element_type=\"widget\" data-widget_type=\"heading.default\">\n\t\t\t\t<div class=\"elementor-widget-container\">\n\t\t\t<h1 class=\"elementor-heading-title elementor-size-xl\">Uiszczaj op\u0142aty drogowe za pomoc\u0105 Epass24<\/h1>\t\t<\/div>\n\t\t\t\t<\/div>\n\t\t\t\t\t<\/div>\n\t\t<\/div>\n\t\t\t\t\t\t\t<\/div>\n\t\t<\/section>\n\t\t\t\t<section class=\"elementor-section elementor-top-section elementor-element elementor-element-9c013ac elementor-section-content-middle elementor-section-boxed elementor-section-height-default elementor-section-height-default\" data-id=\"9c013ac\" data-element_type=\"section\" data-settings=\"{&quot;background_background&quot;:&quot;classic&quot;}\">\n\t\t\t\t\t\t<div class=\"elementor-container elementor-column-gap-default\">\n\t\t\t\t\t<div class=\"elementor-column elementor-col-100 elementor-top-column elementor-element elementor-element-529c879\" data-id=\"529c879\" data-element_type=\"column\">\n\t\t\t<div class=\"elementor-widget-wrap elementor-element-populated\">\n\t\t\t\t\t\t\t\t<section class=\"elementor-section elementor-inner-section elementor-element elementor-element-9953b1f entry-content elementor-section-content-middle elementor-section-boxed elementor-section-height-default elementor-section-height-default\" data-id=\"9953b1f\" data-element_type=\"section\" data-settings=\"{&quot;background_background&quot;:&quot;classic&quot;}\">\n\t\t\t\t\t\t<div class=\"elementor-container elementor-column-gap-default\">\n\t\t\t\t\t<div class=\"elementor-column elementor-col-50 elementor-inner-column elementor-element elementor-element-4cb041a\" data-id=\"4cb041a\" data-element_type=\"column\">\n\t\t\t<div class=\"elementor-widget-wrap elementor-element-populated\">\n\t\t\t\t\t\t\t\t<div class=\"elementor-element elementor-element-76a1e55 elementor-widget elementor-widget-heading\" data-id=\"76a1e55\" data-element_type=\"widget\" data-widget_type=\"heading.default\">\n\t\t\t\t<div class=\"elementor-widget-container\">\n\t\t\t<h2 class=\"elementor-heading-title elementor-size-default\">Op\u0142aty drogowe w Szwecji i Norwegii<\/h2>\t\t<\/div>\n\t\t\t\t<\/div>\n\t\t\t\t<div class=\"elementor-element elementor-element-5704159 elementor-widget elementor-widget-text-editor\" data-id=\"5704159\" data-element_type=\"widget\" data-widget_type=\"text-editor.default\">\n\t\t\t\t<div class=\"elementor-widget-container\">\n\t\t\t\t\t\t\t<p>W Szwecji i Norwegii wszystkie pojazdy, r\u00f3wnie\u017c te zarejestrowane za granic\u0105, musz\u0105 uiszcza\u0107 op\u0142aty drogowe. System wykorzystuje kamery ANPR (Automatic Number Plate Recognition), kt\u00f3re zapewniaj\u0105 bezproblemowe i w pe\u0142ni zautomatyzowane wykrywanie i rejestracj\u0119 pojazd\u00f3w przeje\u017cd\u017caj\u0105cych przez punkty poboru op\u0142at.<\/p>\n<p>System Epass24 zosta\u0142 wybrany przez wszystkich operator\u00f3w op\u0142at drogowych w Szwecji i Norwegii, aby u\u0142atwi\u0107 uiszczanie op\u0142at.<br \/><span style=\"color: var( --e-global-color-secondary );\"><br \/>Je\u015bli Tw\u00f3j pojazd jest zarejestrowany w Szwecji, mo\u017cesz uiszcza\u0107 op\u0142aty za przejazd w Norwegii za po\u015brednictwem konta Epass24. Je\u015bli Tw\u00f3j pojazd jest zarejestrowany w Norwegii, mo\u017cesz uiszcza\u0107 op\u0142aty za przejazd w Szwecji za po\u015brednictwem konta Epass24. W\u0142a\u015bciciele wszystkich innych pojazd\u00f3w mog\u0105 wnosi\u0107 op\u0142aty za przejazd automatycznie za pomoc\u0105 konta Epass24.<\/span><\/p>\n<p>Konto Epass24 umo\u017cliwia weryfikacj\u0119, czy u\u017cytkownik uiszcza prawid\u0142owe op\u0142aty drogowe i zapewnia ich terminowe regulowanie. Takie rozwi\u0105zanie pozwala unikn\u0105\u0107 dodatkowych op\u0142at z tytu\u0142u op\u00f3\u017anienia w p\u0142atno\u015bciach.<\/p>\n<p>Na koncie Epass24 mo\u017cesz zarejestrowa\u0107 wiele pojazd\u00f3w, a op\u0142aty drogowe dla wszystkich pojazd\u00f3w mo\u017cesz przegl\u0105da\u0107 online.<\/p>\n<p>Konta Epass24 s\u0105 bezp\u0142atne, p\u0142acisz tylko za op\u0142aty drogowe.<\/p>\n\t\t\t\t\t\t<\/div>\n\t\t\t\t<\/div>\n\t\t\t\t<div class=\"elementor-element elementor-element-211076e elementor-widget elementor-widget-text-editor\" data-id=\"211076e\" data-element_type=\"widget\" data-widget_type=\"text-editor.default\">\n\t\t\t\t<div class=\"elementor-widget-container\">\n\t\t\t\t\t\t\t<p><a class=\"btn btn-primary\" href=\"https:\/\/account.epass24.com\/pl\/create\/step1\" target=\"_blank\" rel=\"noopener\">Za\u0142\u00f3\u017c konto<\/a><\/p>\n\t\t\t\t\t\t<\/div>\n\t\t\t\t<\/div>\n\t\t\t\t\t<\/div>\n\t\t<\/div>\n\t\t\t\t<div class=\"elementor-column elementor-col-50 elementor-inner-column elementor-element elementor-element-af7b5bd\" data-id=\"af7b5bd\" data-element_type=\"column\" data-settings=\"{&quot;background_background&quot;:&quot;classic&quot;}\">\n\t\t\t<div class=\"elementor-widget-wrap elementor-element-populated\">\n\t\t\t\t\t\t\t\t<div class=\"elementor-element elementor-element-9001d68 elementor-widget elementor-widget-text-editor\" data-id=\"9001d68\" data-element_type=\"widget\" data-widget_type=\"text-editor.default\">\n\t\t\t\t<div class=\"elementor-widget-container\">\n\t\t\t\t\t\t\t<figure>\n<p><i>\u201dRz\u0105d szwedzki nak\u0142ada op\u0142at\u0119 w wysoko\u015bci 500 SEK na ka\u017cdego, kto nie p\u0142aci w terminie.<\/i><\/p>\n<p><i> <\/i><\/p>\n<p><i>Dzi\u0119ki kontu Epass24 zawsze p\u0142ac\u0119 swoje op\u0142aty na czas. Dzi\u0119kuj\u0119 Epass!\u201d<\/i><\/p><figcaption class=\"blockquote-footer\">Maximilian Herrmann, Dusselsdorf<\/figcaption><\/figure>\n\t\t\t\t\t\t<\/div>\n\t\t\t\t<\/div>\n\t\t\t\t<div class=\"elementor-element elementor-element-1f186f6 elementor-widget elementor-widget-text-editor\" data-id=\"1f186f6\" data-element_type=\"widget\" data-widget_type=\"text-editor.default\">\n\t\t\t\t<div class=\"elementor-widget-container\">\n\t\t\t\t\t\t\t<figure>\n<p><i>\u201dBy\u0142em na wspania\u0142ych wakacjach w Norwegii i jecha\u0142em przez Szwecj\u0119.<br \/>&nbsp;<br \/>Podczas podr\u00f3\u017cy zarejestrowa\u0142em si\u0119 w Epass24, a zar\u00f3wno moje szwedzkie, jak i norweskie op\u0142aty drogowe zosta\u0142y naliczone automatycznie. <\/p>\n<p>Super sprawna obs\u0142uga bez zatrzymywania si\u0119 na punktach poboru op\u0142at, do kt\u00f3rych jeste\u015bmy przyzwyczajeni we W\u0142oszech.&#8221;&nbsp;<\/i><\/p><figcaption class=\"blockquote-footer\">Michaela Ponzio, Milano<\/figcaption><\/figure>\n\t\t\t\t\t\t<\/div>\n\t\t\t\t<\/div>\n\t\t\t\t\t<\/div>\n\t\t<\/div>\n\t\t\t\t\t\t\t<\/div>\n\t\t<\/section>\n\t\t\t\t\t<\/div>\n\t\t<\/div>\n\t\t\t\t\t\t\t<\/div>\n\t\t<\/section>\n\t\t\t\t<section class=\"elementor-section elementor-top-section elementor-element elementor-element-cecc4f2 has-padding elementor-section-content-middle elementor-section-boxed elementor-section-height-default elementor-section-height-default\" data-id=\"cecc4f2\" data-element_type=\"section\" data-settings=\"{&quot;background_background&quot;:&quot;classic&quot;}\">\n\t\t\t\t\t\t<div class=\"elementor-container elementor-column-gap-default\">\n\t\t\t\t\t<div class=\"elementor-column elementor-col-50 elementor-top-column elementor-element elementor-element-1ce27260 min-height border-top-left-radius\" data-id=\"1ce27260\" data-element_type=\"column\" data-settings=\"{&quot;background_background&quot;:&quot;classic&quot;}\">\n\t\t\t<div class=\"elementor-widget-wrap\">\n\t\t\t\t\t\t\t\t\t<\/div>\n\t\t<\/div>\n\t\t\t\t<div class=\"elementor-column elementor-col-50 elementor-top-column elementor-element elementor-element-2060727e border-top-right-radius\" data-id=\"2060727e\" data-element_type=\"column\" data-settings=\"{&quot;background_background&quot;:&quot;classic&quot;}\">\n\t\t\t<div class=\"elementor-widget-wrap elementor-element-populated\">\n\t\t\t\t\t\t\t\t<div class=\"elementor-element elementor-element-164788cb elementor-widget elementor-widget-heading\" data-id=\"164788cb\" data-element_type=\"widget\" data-widget_type=\"heading.default\">\n\t\t\t\t<div class=\"elementor-widget-container\">\n\t\t\t<h3 class=\"elementor-heading-title elementor-size-xl\">Op\u0142aty drogowe<\/h3>\t\t<\/div>\n\t\t\t\t<\/div>\n\t\t\t\t<div class=\"elementor-element elementor-element-6f624989 part elementor-widget elementor-widget-text-editor\" data-id=\"6f624989\" data-element_type=\"widget\" data-widget_type=\"text-editor.default\">\n\t\t\t\t<div class=\"elementor-widget-container\">\n\t\t\t\t\t\t\t<p>Op\u0142aty drogowe s\u0105 wykorzystywane do sfinansowania poprawy infrastruktury, ochrony zdrowia publicznego i \u015brodowiska.<\/p>\n\t\t\t\t\t\t<\/div>\n\t\t\t\t<\/div>\n\t\t\t\t<div class=\"elementor-element elementor-element-410c1ab5 bottom elementor-widget elementor-widget-text-editor\" data-id=\"410c1ab5\" data-element_type=\"widget\" data-widget_type=\"text-editor.default\">\n\t\t\t\t<div class=\"elementor-widget-container\">\n\t\t\t\t\t\t\t<p><a class=\"btn btn-primary\" title=\"Dowiedz si\u0119 wi\u0119cej\" href=\"https:\/\/www.epass24.com\/pl\/oplaty-drogowe\/\">Dowiedz si\u0119 wi\u0119cej<\/a><\/p>\n\t\t\t\t\t\t<\/div>\n\t\t\t\t<\/div>\n\t\t\t\t\t<\/div>\n\t\t<\/div>\n\t\t\t\t\t\t\t<\/div>\n\t\t<\/section>\n\t\t\t\t<section class=\"elementor-section elementor-top-section elementor-element elementor-element-5af6a7ea has-padding elementor-section-content-middle elementor-section-boxed elementor-section-height-default elementor-section-height-default\" data-id=\"5af6a7ea\" data-element_type=\"section\" data-settings=\"{&quot;background_background&quot;:&quot;classic&quot;}\">\n\t\t\t\t\t\t<div class=\"elementor-container elementor-column-gap-default\">\n\t\t\t\t\t<div class=\"elementor-column elementor-col-50 elementor-top-column elementor-element elementor-element-69a07202 border-bottom-left-radius\" data-id=\"69a07202\" data-element_type=\"column\" data-settings=\"{&quot;background_background&quot;:&quot;classic&quot;}\">\n\t\t\t<div class=\"elementor-widget-wrap elementor-element-populated\">\n\t\t\t\t\t\t\t\t<div class=\"elementor-element elementor-element-45c6c1ee elementor-widget elementor-widget-heading\" data-id=\"45c6c1ee\" data-element_type=\"widget\" data-widget_type=\"heading.default\">\n\t\t\t\t<div class=\"elementor-widget-container\">\n\t\t\t<h3 class=\"elementor-heading-title elementor-size-large\">Operatorzy op\u0142at drogowych<\/h3>\t\t<\/div>\n\t\t\t\t<\/div>\n\t\t\t\t<div class=\"elementor-element elementor-element-49136d06 part elementor-widget elementor-widget-text-editor\" data-id=\"49136d06\" data-element_type=\"widget\" data-widget_type=\"text-editor.default\">\n\t\t\t\t<div class=\"elementor-widget-container\">\n\t\t\t\t\t\t\t<p>Op\u0142aty za korzystanie z dr\u00f3g zosta\u0142y wprowadzone w wi\u0119kszo\u015bci kraj\u00f3w europejskich i s\u0105 zarz\u0105dzane przez krajowych operator\u00f3w op\u0142at drogowych.<\/p>\n\t\t\t\t\t\t<\/div>\n\t\t\t\t<\/div>\n\t\t\t\t<div class=\"elementor-element elementor-element-5aaa0691 bottom elementor-widget elementor-widget-text-editor\" data-id=\"5aaa0691\" data-element_type=\"widget\" data-widget_type=\"text-editor.default\">\n\t\t\t\t<div class=\"elementor-widget-container\">\n\t\t\t\t\t\t\t<p><a class=\"btn btn-primary\" title=\"Dowiedz si\u0119 wi\u0119cej\" href=\"https:\/\/www.epass24.com\/pl\/the-toll-operators\/\">Dowiedz si\u0119 wi\u0119cej<\/a><\/p>\n\t\t\t\t\t\t<\/div>\n\t\t\t\t<\/div>\n\t\t\t\t\t<\/div>\n\t\t<\/div>\n\t\t\t\t<div class=\"elementor-column elementor-col-50 elementor-top-column elementor-element elementor-element-16706438 order min-height border-bottom-right-radius\" data-id=\"16706438\" data-element_type=\"column\" data-settings=\"{&quot;background_background&quot;:&quot;classic&quot;}\">\n\t\t\t<div class=\"elementor-widget-wrap\">\n\t\t\t\t\t\t\t\t\t<\/div>\n\t\t<\/div>\n\t\t\t\t\t\t\t<\/div>\n\t\t<\/section>\n\t\t\t\t\t\t\t<\/div>\n\t\t","protected":false},"excerpt":{"rendered":"<p>Uiszczaj op\u0142aty drogowe za pomoc\u0105 Epass24 Op\u0142aty drogowe w Szwecji i Norwegii W Szwecji i Norwegii wszystkie pojazdy, r\u00f3wnie\u017c te zarejestrowane za granic\u0105, musz\u0105 uiszcza\u0107 op\u0142aty drogowe. System wykorzystuje kamery ANPR (Automatic Number Plate Recognition), kt\u00f3re zapewniaj\u0105 bezproblemowe i w pe\u0142ni zautomatyzowane wykrywanie i rejestracj\u0119 pojazd\u00f3w przeje\u017cd\u017caj\u0105cych przez punkty poboru op\u0142at. System Epass24 zosta\u0142 wybrany [&hellip;]<\/p>\n","protected":false},"author":1,"featured_media":0,"parent":0,"menu_order":0,"comment_status":"closed","ping_status":"closed","template":"","meta":{"inline_featured_image":false},"acf":[],"_links":{"self":[{"href":"https:\/\/wordpress-epass24-test.azurewebsites.net\/pl\/wp-json\/wp\/v2\/pages\/2647"}],"collection":[{"href":"https:\/\/wordpress-epass24-test.azurewebsites.net\/pl\/wp-json\/wp\/v2\/pages"}],"about":[{"href":"https:\/\/wordpress-epass24-test.azurewebsites.net\/pl\/wp-json\/wp\/v2\/types\/page"}],"author":[{"embeddable":true,"href":"https:\/\/wordpress-epass24-test.azurewebsites.net\/pl\/wp-json\/wp\/v2\/users\/1"}],"replies":[{"embeddable":true,"href":"https:\/\/wordpress-epass24-test.azurewebsites.net\/pl\/wp-json\/wp\/v2\/comments?post=2647"}],"version-history":[{"count":8,"href":"https:\/\/wordpress-epass24-test.azurewebsites.net\/pl\/wp-json\/wp\/v2\/pages\/2647\/revisions"}],"predecessor-version":[{"id":6938,"href":"https:\/\/wordpress-epass24-test.azurewebsites.net\/pl\/wp-json\/wp\/v2\/pages\/2647\/revisions\/6938"}],"wp:attachment":[{"href":"https:\/\/wordpress-epass24-test.azurewebsites.net\/pl\/wp-json\/wp\/v2\/media?parent=2647"}],"curies":[{"name":"wp","href":"https:\/\/api.w.org\/{rel}","templated":true}]}}