{"id":2643,"date":"2021-04-28T10:18:44","date_gmt":"2021-04-28T10:18:44","guid":{"rendered":"http:\/\/epass24.uncleserj.com\/debt-collection\/"},"modified":"2021-04-28T12:53:36","modified_gmt":"2021-04-28T12:53:36","slug":"debt-collection","status":"publish","type":"page","link":"https:\/\/wordpress-epass24-test.azurewebsites.net\/pl\/debt-collection\/","title":{"rendered":"Debt Collection"},"content":{"rendered":"\t\t<div data-elementor-type=\"wp-page\" data-elementor-id=\"2643\" class=\"elementor elementor-2643 elementor-869\">\n\t\t\t\t\t\t\t\t\t<section class=\"elementor-section elementor-top-section elementor-element elementor-element-38b7d139 elementor-section-content-middle elementor-section-boxed elementor-section-height-default elementor-section-height-default\" data-id=\"38b7d139\" data-element_type=\"section\" id=\"hero\" data-settings=\"{&quot;background_background&quot;:&quot;classic&quot;}\">\n\t\t\t\t\t\t<div class=\"elementor-container elementor-column-gap-default\">\n\t\t\t\t\t<div class=\"elementor-column elementor-col-100 elementor-top-column elementor-element elementor-element-761cd94f hero-wrapper\" data-id=\"761cd94f\" data-element_type=\"column\">\n\t\t\t<div class=\"elementor-widget-wrap elementor-element-populated\">\n\t\t\t\t\t\t\t\t<div class=\"elementor-element elementor-element-7b26849d elementor-widget elementor-widget-heading\" data-id=\"7b26849d\" data-element_type=\"widget\" data-widget_type=\"heading.default\">\n\t\t\t\t<div class=\"elementor-widget-container\">\n\t\t\t<h1 class=\"elementor-heading-title elementor-size-default\">R\u00f3wne traktowanie wszystkich w\u0142a\u015bcicieli pojazd\u00f3w<\/h1>\t\t<\/div>\n\t\t\t\t<\/div>\n\t\t\t\t\t<\/div>\n\t\t<\/div>\n\t\t\t\t\t\t\t<\/div>\n\t\t<\/section>\n\t\t\t\t<section class=\"elementor-section elementor-top-section elementor-element elementor-element-76db789a elementor-section-boxed elementor-section-height-default elementor-section-height-default\" data-id=\"76db789a\" data-element_type=\"section\" data-settings=\"{&quot;background_background&quot;:&quot;classic&quot;}\">\n\t\t\t\t\t\t<div class=\"elementor-container elementor-column-gap-default\">\n\t\t\t\t\t<div class=\"elementor-column elementor-col-100 elementor-top-column elementor-element elementor-element-5be0f583\" data-id=\"5be0f583\" data-element_type=\"column\">\n\t\t\t<div class=\"elementor-widget-wrap elementor-element-populated\">\n\t\t\t\t\t\t\t\t<section class=\"elementor-section elementor-inner-section elementor-element elementor-element-41a0c53 entry-content elementor-section-boxed elementor-section-height-default elementor-section-height-default\" data-id=\"41a0c53\" data-element_type=\"section\" data-settings=\"{&quot;background_background&quot;:&quot;classic&quot;}\">\n\t\t\t\t\t\t<div class=\"elementor-container elementor-column-gap-default\">\n\t\t\t\t\t<div class=\"elementor-column elementor-col-50 elementor-inner-column elementor-element elementor-element-732d823c\" data-id=\"732d823c\" data-element_type=\"column\">\n\t\t\t<div class=\"elementor-widget-wrap elementor-element-populated\">\n\t\t\t\t\t\t\t\t<div class=\"elementor-element elementor-element-73fc0214 elementor-widget elementor-widget-heading\" data-id=\"73fc0214\" data-element_type=\"widget\" data-widget_type=\"heading.default\">\n\t\t\t\t<div class=\"elementor-widget-container\">\n\t\t\t<h2 class=\"elementor-heading-title elementor-size-default\">Europejska Windykacja Nale\u017cno\u015bci<\/h2>\t\t<\/div>\n\t\t\t\t<\/div>\n\t\t\t\t<div class=\"elementor-element elementor-element-b132dcd elementor-widget elementor-widget-text-editor\" data-id=\"b132dcd\" data-element_type=\"widget\" data-widget_type=\"text-editor.default\">\n\t\t\t\t<div class=\"elementor-widget-container\">\n\t\t\t\t\t\t\t<p>Koncepcja pobierania op\u0142at od u\u017cytkownik\u00f3w dr\u00f3g polega na pobieraniu op\u0142at od os\u00f3b, kt\u00f3re korzystaj\u0105 z okre\u015blonych most\u00f3w, autostrad, sieci dr\u00f3g lub miejsc parkingowych.<\/p>\n<p>Niestety, niewielka cz\u0119\u015b\u0107 os\u00f3b, mniej ni\u017c 0,5% wszystkich klient\u00f3w, nie p\u0142aci w terminie swoich op\u0142at za korzystanie z dr\u00f3g lub nie reaguje na upomnienia.<\/p>\n<p>Windykacja nale\u017cno\u015bci wobec os\u00f3b, kt\u00f3rzy uporczywie nie uiszczaj\u0105 p\u0142atno\u015bci, jest rozwi\u0105zaniem sprawiedliwym w stosunku do ogromnej wi\u0119kszo\u015bci os\u00f3b, kt\u00f3re dokonuj\u0105 p\u0142atno\u015bci w terminie.<\/p>\n<p>Je\u015bli w\u0142a\u015bciciel pojazdu w dalszym ci\u0105gu nie ui\u015bci\u0142 p\u0142atno\u015bci w terminie, nale\u017cno\u015b\u0107 zostanie przekazana do naszego partnera zajmuj\u0105cego si\u0119 egzekwowaniem nale\u017cno\u015bci, kt\u00f3ry podejmie dzia\u0142ania w celu odzyskania wierzytelno\u015bci.<\/p>\n<p>Koszty mog\u0105 znacznie wzrosn\u0105\u0107 dla ka\u017cdego, kto nie zap\u0142aci\u0142 w terminie. Nale\u017cy pami\u0119ta\u0107, \u017ce d\u0142ug na tym etapie jest obs\u0142ugiwany przez nasz\u0105 agencj\u0119 partnersk\u0105 i ka\u017cdy, kto otrzyma poczt\u0105 zawiadomienie o wszcz\u0119ciu post\u0119powania maj\u0105cego na celu wyegzekwowanie nale\u017cnosci, b\u0119dzie musia\u0142 zap\u0142aci\u0107 nale\u017cno\u015b\u0107 na konto tej agencji.<\/p>\n<p>Epass24 wyznaczy\u0142 partner\u00f3w windykacyjnych we wszystkich krajach europejskich do dzia\u0142ania w imieniu operator\u00f3w op\u0142at drogowych.<\/p>\n<p>Je\u015bli otrzymali Pa\u0144stwo zawiadomienie od kt\u00f3rego\u015b z naszych partner\u00f3w,  w razie jakichkolwiek pyta\u0144 z Pa\u0144stwa strony prosimy o bezpo\u015bredni kontakt z partnerem.<\/p>\n\t\t\t\t\t\t<\/div>\n\t\t\t\t<\/div>\n\t\t\t\t\t<\/div>\n\t\t<\/div>\n\t\t\t\t<div class=\"elementor-column elementor-col-50 elementor-inner-column elementor-element elementor-element-34760ff\" data-id=\"34760ff\" data-element_type=\"column\">\n\t\t\t<div class=\"elementor-widget-wrap elementor-element-populated\">\n\t\t\t\t\t\t\t\t<div class=\"elementor-element elementor-element-022cf7f elementor-widget elementor-widget-image\" data-id=\"022cf7f\" data-element_type=\"widget\" data-widget_type=\"image.default\">\n\t\t\t\t<div class=\"elementor-widget-container\">\n\t\t\t\t\t\t\t\t\t\t\t\t\t\t\t<img width=\"868\" height=\"748\" src=\"\/wp-content\/uploads\/map.png\" class=\"attachment-large size-large wp-image-1949\" alt=\"\" loading=\"lazy\" srcset=\"\/wp-content\/uploads\/map.png 868w, \/wp-content\/uploads\/map-300x259.png 300w, \/wp-content\/uploads\/map-768x662.png 768w\" sizes=\"(max-width: 868px) 100vw, 868px\" \/>\t\t\t\t\t\t\t\t\t\t\t\t\t\t\t<\/div>\n\t\t\t\t<\/div>\n\t\t\t\t\t<\/div>\n\t\t<\/div>\n\t\t\t\t\t\t\t<\/div>\n\t\t<\/section>\n\t\t\t\t\t<\/div>\n\t\t<\/div>\n\t\t\t\t\t\t\t<\/div>\n\t\t<\/section>\n\t\t\t\t\t\t\t<\/div>\n\t\t","protected":false},"excerpt":{"rendered":"<p>R\u00f3wne traktowanie wszystkich w\u0142a\u015bcicieli pojazd\u00f3w Europejska Windykacja Nale\u017cno\u015bci Koncepcja pobierania op\u0142at od u\u017cytkownik\u00f3w dr\u00f3g polega na pobieraniu op\u0142at od os\u00f3b, kt\u00f3re korzystaj\u0105 z okre\u015blonych most\u00f3w, autostrad, sieci dr\u00f3g lub miejsc parkingowych. Niestety, niewielka cz\u0119\u015b\u0107 os\u00f3b, mniej ni\u017c 0,5% wszystkich klient\u00f3w, nie p\u0142aci w terminie swoich op\u0142at za korzystanie z dr\u00f3g lub nie reaguje na upomnienia. [&hellip;]<\/p>\n","protected":false},"author":1,"featured_media":0,"parent":0,"menu_order":0,"comment_status":"closed","ping_status":"closed","template":"","meta":{"inline_featured_image":false},"acf":[],"_links":{"self":[{"href":"https:\/\/wordpress-epass24-test.azurewebsites.net\/pl\/wp-json\/wp\/v2\/pages\/2643"}],"collection":[{"href":"https:\/\/wordpress-epass24-test.azurewebsites.net\/pl\/wp-json\/wp\/v2\/pages"}],"about":[{"href":"https:\/\/wordpress-epass24-test.azurewebsites.net\/pl\/wp-json\/wp\/v2\/types\/page"}],"author":[{"embeddable":true,"href":"https:\/\/wordpress-epass24-test.azurewebsites.net\/pl\/wp-json\/wp\/v2\/users\/1"}],"replies":[{"embeddable":true,"href":"https:\/\/wordpress-epass24-test.azurewebsites.net\/pl\/wp-json\/wp\/v2\/comments?post=2643"}],"version-history":[{"count":1,"href":"https:\/\/wordpress-epass24-test.azurewebsites.net\/pl\/wp-json\/wp\/v2\/pages\/2643\/revisions"}],"predecessor-version":[{"id":2644,"href":"https:\/\/wordpress-epass24-test.azurewebsites.net\/pl\/wp-json\/wp\/v2\/pages\/2643\/revisions\/2644"}],"wp:attachment":[{"href":"https:\/\/wordpress-epass24-test.azurewebsites.net\/pl\/wp-json\/wp\/v2\/media?parent=2643"}],"curies":[{"name":"wp","href":"https:\/\/api.w.org\/{rel}","templated":true}]}}