{"id":2637,"date":"2021-04-28T10:00:57","date_gmt":"2021-04-28T10:00:57","guid":{"rendered":"http:\/\/epass24.uncleserj.com\/oplaty-drogowe\/"},"modified":"2021-04-28T13:16:09","modified_gmt":"2021-04-28T13:16:09","slug":"oplaty-drogowe","status":"publish","type":"page","link":"https:\/\/wordpress-epass24-test.azurewebsites.net\/pl\/oplaty-drogowe\/","title":{"rendered":"Op\u0142aty drogowe"},"content":{"rendered":"\t\t<div data-elementor-type=\"wp-page\" data-elementor-id=\"2637\" class=\"elementor elementor-2637 elementor-754\">\n\t\t\t\t\t\t\t\t\t<section class=\"elementor-section elementor-top-section elementor-element elementor-element-28c921dc elementor-section-content-middle elementor-section-boxed elementor-section-height-default elementor-section-height-default\" data-id=\"28c921dc\" data-element_type=\"section\" id=\"hero\" data-settings=\"{&quot;background_background&quot;:&quot;classic&quot;}\">\n\t\t\t\t\t\t<div class=\"elementor-container elementor-column-gap-default\">\n\t\t\t\t\t<div class=\"elementor-column elementor-col-100 elementor-top-column elementor-element elementor-element-67173fed hero-wrapper\" data-id=\"67173fed\" data-element_type=\"column\">\n\t\t\t<div class=\"elementor-widget-wrap elementor-element-populated\">\n\t\t\t\t\t\t\t\t<div class=\"elementor-element elementor-element-4ed96da elementor-widget elementor-widget-heading\" data-id=\"4ed96da\" data-element_type=\"widget\" data-widget_type=\"heading.default\">\n\t\t\t\t<div class=\"elementor-widget-container\">\n\t\t\t<h1 class=\"elementor-heading-title elementor-size-default\">Infrastruktura, zdrowie publiczne i \u015brodowisko<\/h1>\t\t<\/div>\n\t\t\t\t<\/div>\n\t\t\t\t<div class=\"elementor-element elementor-element-e795277 elementor-widget elementor-widget-text-editor\" data-id=\"e795277\" data-element_type=\"widget\" data-widget_type=\"text-editor.default\">\n\t\t\t\t<div class=\"elementor-widget-container\">\n\t\t\t\t\t\t\t\t\t\t\t\t\t<\/div>\n\t\t\t\t<\/div>\n\t\t\t\t\t<\/div>\n\t\t<\/div>\n\t\t\t\t\t\t\t<\/div>\n\t\t<\/section>\n\t\t\t\t<section class=\"elementor-section elementor-top-section elementor-element elementor-element-3b2d26c8 elementor-section-boxed elementor-section-height-default elementor-section-height-default\" data-id=\"3b2d26c8\" data-element_type=\"section\" data-settings=\"{&quot;background_background&quot;:&quot;classic&quot;}\">\n\t\t\t\t\t\t<div class=\"elementor-container elementor-column-gap-default\">\n\t\t\t\t\t<div class=\"elementor-column elementor-col-100 elementor-top-column elementor-element elementor-element-718039d3\" data-id=\"718039d3\" data-element_type=\"column\">\n\t\t\t<div class=\"elementor-widget-wrap elementor-element-populated\">\n\t\t\t\t\t\t\t\t<section class=\"elementor-section elementor-inner-section elementor-element elementor-element-750eaf80 entry-content elementor-section-content-top elementor-section-boxed elementor-section-height-default elementor-section-height-default\" data-id=\"750eaf80\" data-element_type=\"section\" data-settings=\"{&quot;background_background&quot;:&quot;classic&quot;}\">\n\t\t\t\t\t\t<div class=\"elementor-container elementor-column-gap-default\">\n\t\t\t\t\t<div class=\"elementor-column elementor-col-50 elementor-inner-column elementor-element elementor-element-8f8ecd0 road\" data-id=\"8f8ecd0\" data-element_type=\"column\">\n\t\t\t<div class=\"elementor-widget-wrap elementor-element-populated\">\n\t\t\t\t\t\t\t\t<div class=\"elementor-element elementor-element-1bacc71 elementor-widget elementor-widget-heading\" data-id=\"1bacc71\" data-element_type=\"widget\" data-widget_type=\"heading.default\">\n\t\t\t\t<div class=\"elementor-widget-container\">\n\t\t\t<h2 class=\"elementor-heading-title elementor-size-default\">Dlaczego korzystanie z dr\u00f3g podlega op\u0142acie?<\/h2>\t\t<\/div>\n\t\t\t\t<\/div>\n\t\t\t\t<div class=\"elementor-element elementor-element-759a5a8 elementor-widget elementor-widget-text-editor\" data-id=\"759a5a8\" data-element_type=\"widget\" data-widget_type=\"text-editor.default\">\n\t\t\t\t<div class=\"elementor-widget-container\">\n\t\t\t\t\t\t\t<p><span style=\"color: var( --e-global-color-secondary );\">G\u0142\u00f3wnym celem pobierania op\u0142at za korzystanie z dr\u00f3g jest umo\u017cliwienie lokalnym samorz\u0105dom budowy i utrzymania wysokiej jako\u015bci dr\u00f3g, most\u00f3w i autostrad.<br \/><\/span><span style=\"color: var( --e-global-color-secondary );\"><br \/>Niekt\u00f3re op\u0142aty, takie jak op\u0142aty kongestyjne i op\u0142aty zwi\u0105zane ze strefami niskiej emisji, s\u0105 r\u00f3wnie\u017c wykorzystywane do ograniczania zanieczyszcze\u0144 na okre\u015blonych obszarach w celu poprawy jako\u015bci powietrza. Ma to na celu popraw\u0119 zdrowia publicznego i \u015brodowiska naturalnego.<br \/><\/span><span style=\"color: var( --e-global-color-secondary );\"><br \/>Wszystkie op\u0142aty za korzystanie z dr\u00f3g obs\u0142ugiwane przez Epass24 s\u0105 naliczane za pomoc\u0105 kamer ANPR (Automatic Number Plate Recognition). Wszystkie op\u0142aty drogowe s\u0105 rejestrowane automatycznie, a nast\u0119pnie fakturowane.<br \/><\/span><span style=\"color: var( --e-global-color-secondary );\"><br \/>Op\u0142aty za korzystanie z dr\u00f3g s\u0105  nie przez wszystkich przyjmowanen pozytywnie, nale\u017cy wzi\u0105\u0107 jednak pod uwag\u0119, \u017ce s\u0105 one wprowadzane w celu poprawy jako\u015bci \u017cycia spo\u0142ecze\u0144stwa.<\/span><\/p>\n<p>\u00a0<\/p>\n\t\t\t\t\t\t<\/div>\n\t\t\t\t<\/div>\n\t\t\t\t<div class=\"elementor-element elementor-element-9910f75 elementor-widget elementor-widget-text-editor\" data-id=\"9910f75\" data-element_type=\"widget\" data-widget_type=\"text-editor.default\">\n\t\t\t\t<div class=\"elementor-widget-container\">\n\t\t\t\t\t\t\t<ul>\n<li><i class=\"fas fa-chevron-right\"><\/i>Op\u0142aty kongestyjne<\/li>\n<li><i class=\"fas fa-chevron-right\"><\/i>Op\u0142aty za korzystanie z infrastruktury<\/li>\n<li><i class=\"fas fa-chevron-right\"><\/i>Op\u0142aty drogowe<\/li>\n<li><i class=\"fas fa-chevron-right\"><\/i>Op\u0142aty za przejazd mostem<\/li>\n<li><i class=\"fas fa-chevron-right\"><\/i>Strefy niskiej emisji<\/li>\n<li><i class=\"fas fa-chevron-right\"><\/i>Winieta (podatek drogowy)<\/li>\n<li><i class=\"fas fa-chevron-right\"><\/i>Przeprawy promowe<\/li>\n<\/ul>\n<p><img loading=\"lazy\" class=\"size-medium wp-image-156 alignright\" src=\"https:\/\/www.epass24.com\/wp-content\/uploads\/part-2-300x200.jpg\" alt=\"\" width=\"250\" height=\"250\" \/><\/p>\n\t\t\t\t\t\t<\/div>\n\t\t\t\t<\/div>\n\t\t\t\t\t<\/div>\n\t\t<\/div>\n\t\t\t\t<div class=\"elementor-column elementor-col-50 elementor-inner-column elementor-element elementor-element-4ce275b\" data-id=\"4ce275b\" data-element_type=\"column\">\n\t\t\t<div class=\"elementor-widget-wrap elementor-element-populated\">\n\t\t\t\t\t\t\t\t<div class=\"elementor-element elementor-element-d3d3bce elementor-widget elementor-widget-image\" data-id=\"d3d3bce\" data-element_type=\"widget\" data-widget_type=\"image.default\">\n\t\t\t\t<div class=\"elementor-widget-container\">\n\t\t\t\t\t\t\t\t\t\t\t\t\t\t\t<img width=\"2500\" height=\"1820\" src=\"\/wp-content\/uploads\/road-1.svg\" class=\"attachment-full size-full wp-image-1583\" alt=\"\" loading=\"lazy\" \/>\t\t\t\t\t\t\t\t\t\t\t\t\t\t\t<\/div>\n\t\t\t\t<\/div>\n\t\t\t\t\t<\/div>\n\t\t<\/div>\n\t\t\t\t\t\t\t<\/div>\n\t\t<\/section>\n\t\t\t\t\t<\/div>\n\t\t<\/div>\n\t\t\t\t\t\t\t<\/div>\n\t\t<\/section>\n\t\t\t\t\t\t\t<\/div>\n\t\t","protected":false},"excerpt":{"rendered":"<p>Infrastruktura, zdrowie publiczne i \u015brodowisko Dlaczego korzystanie z dr\u00f3g podlega op\u0142acie? G\u0142\u00f3wnym celem pobierania op\u0142at za korzystanie z dr\u00f3g jest umo\u017cliwienie lokalnym samorz\u0105dom budowy i utrzymania wysokiej jako\u015bci dr\u00f3g, most\u00f3w i autostrad. Niekt\u00f3re op\u0142aty, takie jak op\u0142aty kongestyjne i op\u0142aty zwi\u0105zane ze strefami niskiej emisji, s\u0105 r\u00f3wnie\u017c wykorzystywane do ograniczania zanieczyszcze\u0144 na okre\u015blonych obszarach w [&hellip;]<\/p>\n","protected":false},"author":1,"featured_media":0,"parent":0,"menu_order":0,"comment_status":"closed","ping_status":"closed","template":"","meta":{"inline_featured_image":false},"acf":[],"_links":{"self":[{"href":"https:\/\/wordpress-epass24-test.azurewebsites.net\/pl\/wp-json\/wp\/v2\/pages\/2637"}],"collection":[{"href":"https:\/\/wordpress-epass24-test.azurewebsites.net\/pl\/wp-json\/wp\/v2\/pages"}],"about":[{"href":"https:\/\/wordpress-epass24-test.azurewebsites.net\/pl\/wp-json\/wp\/v2\/types\/page"}],"author":[{"embeddable":true,"href":"https:\/\/wordpress-epass24-test.azurewebsites.net\/pl\/wp-json\/wp\/v2\/users\/1"}],"replies":[{"embeddable":true,"href":"https:\/\/wordpress-epass24-test.azurewebsites.net\/pl\/wp-json\/wp\/v2\/comments?post=2637"}],"version-history":[{"count":1,"href":"https:\/\/wordpress-epass24-test.azurewebsites.net\/pl\/wp-json\/wp\/v2\/pages\/2637\/revisions"}],"predecessor-version":[{"id":2638,"href":"https:\/\/wordpress-epass24-test.azurewebsites.net\/pl\/wp-json\/wp\/v2\/pages\/2637\/revisions\/2638"}],"wp:attachment":[{"href":"https:\/\/wordpress-epass24-test.azurewebsites.net\/pl\/wp-json\/wp\/v2\/media?parent=2637"}],"curies":[{"name":"wp","href":"https:\/\/api.w.org\/{rel}","templated":true}]}}