{"id":2635,"date":"2021-04-28T09:58:16","date_gmt":"2021-04-28T09:58:16","guid":{"rendered":"http:\/\/epass24.uncleserj.com\/about\/"},"modified":"2022-10-17T15:59:18","modified_gmt":"2022-10-17T15:59:18","slug":"about","status":"publish","type":"page","link":"https:\/\/wordpress-epass24-test.azurewebsites.net\/pl\/about\/","title":{"rendered":"O Nas"},"content":{"rendered":"\t\t<div data-elementor-type=\"wp-page\" data-elementor-id=\"2635\" class=\"elementor elementor-2635 elementor-597\">\n\t\t\t\t\t\t\t\t\t<section class=\"elementor-section elementor-top-section elementor-element elementor-element-1323e51b elementor-section-content-middle elementor-section-boxed elementor-section-height-default elementor-section-height-default\" data-id=\"1323e51b\" data-element_type=\"section\" id=\"hero\" data-settings=\"{&quot;background_background&quot;:&quot;classic&quot;}\">\n\t\t\t\t\t\t<div class=\"elementor-container elementor-column-gap-default\">\n\t\t\t\t\t<div class=\"elementor-column elementor-col-100 elementor-top-column elementor-element elementor-element-76238f3f hero-wrapper\" data-id=\"76238f3f\" data-element_type=\"column\">\n\t\t\t<div class=\"elementor-widget-wrap elementor-element-populated\">\n\t\t\t\t\t\t\t\t<div class=\"elementor-element elementor-element-c191445 elementor-widget elementor-widget-heading\" data-id=\"c191445\" data-element_type=\"widget\" data-widget_type=\"heading.default\">\n\t\t\t\t<div class=\"elementor-widget-container\">\n\t\t\t<h1 class=\"elementor-heading-title elementor-size-xl\">Firma technologiczna z siedzib\u0105 w Szwecji<\/h1>\t\t<\/div>\n\t\t\t\t<\/div>\n\t\t\t\t\t<\/div>\n\t\t<\/div>\n\t\t\t\t\t\t\t<\/div>\n\t\t<\/section>\n\t\t\t\t<section class=\"elementor-section elementor-top-section elementor-element elementor-element-47658c1 elementor-section-boxed elementor-section-height-default elementor-section-height-default\" data-id=\"47658c1\" data-element_type=\"section\" data-settings=\"{&quot;background_background&quot;:&quot;classic&quot;}\">\n\t\t\t\t\t\t<div class=\"elementor-container elementor-column-gap-default\">\n\t\t\t\t\t<div class=\"elementor-column elementor-col-100 elementor-top-column elementor-element elementor-element-5fe55265\" data-id=\"5fe55265\" data-element_type=\"column\">\n\t\t\t<div class=\"elementor-widget-wrap elementor-element-populated\">\n\t\t\t\t\t\t\t\t<section class=\"elementor-section elementor-inner-section elementor-element elementor-element-62ab8fdb entry-content elementor-section-boxed elementor-section-height-default elementor-section-height-default\" data-id=\"62ab8fdb\" data-element_type=\"section\" data-settings=\"{&quot;background_background&quot;:&quot;classic&quot;}\">\n\t\t\t\t\t\t<div class=\"elementor-container elementor-column-gap-default\">\n\t\t\t\t\t<div class=\"elementor-column elementor-col-50 elementor-inner-column elementor-element elementor-element-1907f94f\" data-id=\"1907f94f\" data-element_type=\"column\">\n\t\t\t<div class=\"elementor-widget-wrap elementor-element-populated\">\n\t\t\t\t\t\t\t\t<div class=\"elementor-element elementor-element-b9dff67 elementor-widget elementor-widget-text-editor\" data-id=\"b9dff67\" data-element_type=\"widget\" data-widget_type=\"text-editor.default\">\n\t\t\t\t<div class=\"elementor-widget-container\">\n\t\t\t\t\t\t\t<blockquote><p><b>O Epass24<\/b><\/p><\/blockquote>\n<p>Epass24 zosta\u0142 uruchomiony w 2015 roku w \u015bcis\u0142ej wsp\u00f3\u0142pracy ze Szwedzk\u0105 Agencj\u0105 Transportu (narodowym szwedzkim operatorem op\u0142at drogowych). Jego celem by\u0142o usprawnienie uiszczania szwedzkich op\u0142at drogowych ponoszonych przez w\u0142a\u015bcicieli pojazd\u00f3w z innych kraj\u00f3w.<\/p>\n<p>Obecnie platforma jest wsp\u00f3\u0142dzielona z innymi operatorami i obs\u0142uguje wszystkie rodzaje op\u0142at drogowych.<\/p>\n<p>Ponad 400 000 pojazd\u00f3w jest zarejestrowanych w systemie p\u0142atno\u015bci automatycznych, a rocznie obs\u0142ugiwanych jest ponad 24 milion\u00f3w op\u0142at drogowych.<\/p>\n<p>System jest certyfikowany zgodnie z normami ISO 9001 i ISO 27001 oraz w pe\u0142ni zgodny z wszelkimi stosownymi przepisami, w tym przepisami Og\u00f3lnego rozporz\u0105dzenia o ochronie danych 2016\/679 (\u201dRODO\u201d).<\/p>\n<p>Epass24 nale\u017cy i jest obs\u0142ugiwany przez ParkTrade Europe AB. Wi\u0119cej informacji mo\u017cna znale\u017a\u0107 na stronie www.parktrade.com.<\/p>\n<p>Epass24<br \/>\n<span style=\"color: var( --e-global-color-text );\">ParkTrade Europe AB<br \/>\n<\/span><span style=\"color: var( --e-global-color-text );\">Sturegatan 16<br \/>\n<\/span><span style=\"color: var( --e-global-color-text );\">114 36 Stockholm<br \/>\n<\/span><span style=\"color: var( --e-global-color-text );\">Szwecja<\/span><\/p>\n<p>ParkTrade Europe AB jest podmiotem prawa szwedzkiego &#8211; numer firmy 5566730551<\/p>\n<p>&nbsp;<\/p>\n\t\t\t\t\t\t<\/div>\n\t\t\t\t<\/div>\n\t\t\t\t\t<\/div>\n\t\t<\/div>\n\t\t\t\t<div class=\"elementor-column elementor-col-50 elementor-inner-column elementor-element elementor-element-bca3b9a\" data-id=\"bca3b9a\" data-element_type=\"column\">\n\t\t\t<div class=\"elementor-widget-wrap elementor-element-populated\">\n\t\t\t\t\t\t\t\t<div class=\"elementor-element elementor-element-3b092aa elementor-widget elementor-widget-heading\" data-id=\"3b092aa\" data-element_type=\"widget\" data-widget_type=\"heading.default\">\n\t\t\t\t<div class=\"elementor-widget-container\">\n\t\t\t<h5 class=\"elementor-heading-title elementor-size-default\">Ju\u017c ponad 400 000 pojazd\u00f3w zosta\u0142o obj\u0119tych systemem<\/h5>\t\t<\/div>\n\t\t\t\t<\/div>\n\t\t\t\t<div class=\"elementor-element elementor-element-48af9ad elementor-widget elementor-widget-shortcode\" data-id=\"48af9ad\" data-element_type=\"widget\" data-widget_type=\"shortcode.default\">\n\t\t\t\t<div class=\"elementor-widget-container\">\n\t\t\t\t\t<div class=\"elementor-shortcode\">\t<div id=\"animation_container\" style=\"background-color:rgba(255, 255, 255, 1.00); width:530px; height:610px;max-width:100%;margin: 0 auto;transform: translateX(30px);\">\r\n\t\t<canvas id=\"canvas\" width=\"530\" height=\"610\" style=\"position: absolute; display: block; background-color:rgba(255, 255, 255, 1.00);max-width:100%\"><\/canvas>\r\n\t\t<div id=\"dom_overlay_container\" style=\"pointer-events:none; overflow:hidden; width:530px; height:610px; position: absolute; left: 0px; top: 0px; display: block;max-width:100%\">\r\n\t\t<\/div>\r\n\t<\/div>\r\n    <\/div>\n\t\t\t\t<\/div>\n\t\t\t\t<\/div>\n\t\t\t\t\t<\/div>\n\t\t<\/div>\n\t\t\t\t\t\t\t<\/div>\n\t\t<\/section>\n\t\t\t\t\t<\/div>\n\t\t<\/div>\n\t\t\t\t\t\t\t<\/div>\n\t\t<\/section>\n\t\t\t\t\t\t\t<\/div>\n\t\t","protected":false},"excerpt":{"rendered":"<p>Firma technologiczna z siedzib\u0105 w Szwecji O Epass24 Epass24 zosta\u0142 uruchomiony w 2015 roku w \u015bcis\u0142ej wsp\u00f3\u0142pracy ze Szwedzk\u0105 Agencj\u0105 Transportu (narodowym szwedzkim operatorem op\u0142at drogowych). Jego celem by\u0142o usprawnienie uiszczania szwedzkich op\u0142at drogowych ponoszonych przez w\u0142a\u015bcicieli pojazd\u00f3w z innych kraj\u00f3w. Obecnie platforma jest wsp\u00f3\u0142dzielona z innymi operatorami i obs\u0142uguje wszystkie rodzaje op\u0142at drogowych. Ponad [&hellip;]<\/p>\n","protected":false},"author":1,"featured_media":0,"parent":0,"menu_order":0,"comment_status":"closed","ping_status":"closed","template":"","meta":{"inline_featured_image":false},"acf":[],"_links":{"self":[{"href":"https:\/\/wordpress-epass24-test.azurewebsites.net\/pl\/wp-json\/wp\/v2\/pages\/2635"}],"collection":[{"href":"https:\/\/wordpress-epass24-test.azurewebsites.net\/pl\/wp-json\/wp\/v2\/pages"}],"about":[{"href":"https:\/\/wordpress-epass24-test.azurewebsites.net\/pl\/wp-json\/wp\/v2\/types\/page"}],"author":[{"embeddable":true,"href":"https:\/\/wordpress-epass24-test.azurewebsites.net\/pl\/wp-json\/wp\/v2\/users\/1"}],"replies":[{"embeddable":true,"href":"https:\/\/wordpress-epass24-test.azurewebsites.net\/pl\/wp-json\/wp\/v2\/comments?post=2635"}],"version-history":[{"count":3,"href":"https:\/\/wordpress-epass24-test.azurewebsites.net\/pl\/wp-json\/wp\/v2\/pages\/2635\/revisions"}],"predecessor-version":[{"id":5198,"href":"https:\/\/wordpress-epass24-test.azurewebsites.net\/pl\/wp-json\/wp\/v2\/pages\/2635\/revisions\/5198"}],"wp:attachment":[{"href":"https:\/\/wordpress-epass24-test.azurewebsites.net\/pl\/wp-json\/wp\/v2\/media?parent=2635"}],"curies":[{"name":"wp","href":"https:\/\/api.w.org\/{rel}","templated":true}]}}