{"id":2791,"date":"2021-04-29T12:50:24","date_gmt":"2021-04-29T12:50:24","guid":{"rendered":"http:\/\/epass24.uncleserj.com\/handling-of-personal-data\/"},"modified":"2021-04-29T12:50:25","modified_gmt":"2021-04-29T12:50:25","slug":"handling-of-personal-data","status":"publish","type":"page","link":"https:\/\/wordpress-epass24-test.azurewebsites.net\/no\/handling-of-personal-data\/","title":{"rendered":"Handling of personal data"},"content":{"rendered":"\t\t<div data-elementor-type=\"wp-page\" data-elementor-id=\"2791\" class=\"elementor elementor-2791 elementor-882\">\n\t\t\t\t\t\t\t\t\t<section class=\"elementor-section elementor-top-section elementor-element elementor-element-7c9050e4 elementor-section-content-middle elementor-section-boxed elementor-section-height-default elementor-section-height-default\" data-id=\"7c9050e4\" data-element_type=\"section\" id=\"hero\" data-settings=\"{&quot;background_background&quot;:&quot;classic&quot;}\">\n\t\t\t\t\t\t<div class=\"elementor-container elementor-column-gap-default\">\n\t\t\t\t\t<div class=\"elementor-column elementor-col-100 elementor-top-column elementor-element elementor-element-344d68ce hero-wrapper\" data-id=\"344d68ce\" data-element_type=\"column\">\n\t\t\t<div class=\"elementor-widget-wrap elementor-element-populated\">\n\t\t\t\t\t\t\t\t<div class=\"elementor-element elementor-element-6cd7fb23 elementor-widget elementor-widget-heading\" data-id=\"6cd7fb23\" data-element_type=\"widget\" data-widget_type=\"heading.default\">\n\t\t\t\t<div class=\"elementor-widget-container\">\n\t\t\t<h1 class=\"elementor-heading-title elementor-size-default\">Vi begrenser adgangen til personopplysninger og sikrer informasjonen etter aller beste evne<\/h1>\t\t<\/div>\n\t\t\t\t<\/div>\n\t\t\t\t\t<\/div>\n\t\t<\/div>\n\t\t\t\t\t\t\t<\/div>\n\t\t<\/section>\n\t\t\t\t<section class=\"elementor-section elementor-top-section elementor-element elementor-element-704d7dfa elementor-section-boxed elementor-section-height-default elementor-section-height-default\" data-id=\"704d7dfa\" data-element_type=\"section\" data-settings=\"{&quot;background_background&quot;:&quot;classic&quot;}\">\n\t\t\t\t\t\t<div class=\"elementor-container elementor-column-gap-default\">\n\t\t\t\t\t<div class=\"elementor-column elementor-col-100 elementor-top-column elementor-element elementor-element-2ea26c61\" data-id=\"2ea26c61\" data-element_type=\"column\">\n\t\t\t<div class=\"elementor-widget-wrap elementor-element-populated\">\n\t\t\t\t\t\t\t\t<section class=\"elementor-section elementor-inner-section elementor-element elementor-element-462e640 entry-content elementor-section-boxed elementor-section-height-default elementor-section-height-default\" data-id=\"462e640\" data-element_type=\"section\" data-settings=\"{&quot;background_background&quot;:&quot;classic&quot;}\">\n\t\t\t\t\t\t<div class=\"elementor-container elementor-column-gap-default\">\n\t\t\t\t\t<div class=\"elementor-column elementor-col-50 elementor-inner-column elementor-element elementor-element-a0ca64f\" data-id=\"a0ca64f\" data-element_type=\"column\">\n\t\t\t<div class=\"elementor-widget-wrap elementor-element-populated\">\n\t\t\t\t\t\t\t\t<div class=\"elementor-element elementor-element-7eb6f5a elementor-widget elementor-widget-heading\" data-id=\"7eb6f5a\" data-element_type=\"widget\" data-widget_type=\"heading.default\">\n\t\t\t\t<div class=\"elementor-widget-container\">\n\t\t\t<h4 class=\"elementor-heading-title elementor-size-large\">Hva er personopplysninger?<\/h4>\t\t<\/div>\n\t\t\t\t<\/div>\n\t\t\t\t<div class=\"elementor-element elementor-element-bc605b8 elementor-widget elementor-widget-text-editor\" data-id=\"bc605b8\" data-element_type=\"widget\" data-widget_type=\"text-editor.default\">\n\t\t\t\t<div class=\"elementor-widget-container\">\n\t\t\t\t\t\t\t<p>Med personopplysninger siktes til all informasjon som kan knyttes opp mot en fysisk person. Dette kan for eksempel v\u00e6re navn, adresse, epostadresse og opplysninger om bankkonto og kortnummer.<\/p>\n<p>\u00a0<\/p>\n\t\t\t\t\t\t<\/div>\n\t\t\t\t<\/div>\n\t\t\t\t\t<\/div>\n\t\t<\/div>\n\t\t\t\t<div class=\"elementor-column elementor-col-50 elementor-inner-column elementor-element elementor-element-2590d6c\" data-id=\"2590d6c\" data-element_type=\"column\">\n\t\t\t<div class=\"elementor-widget-wrap elementor-element-populated\">\n\t\t\t\t\t\t\t\t<div class=\"elementor-element elementor-element-d7cdd6b elementor-widget elementor-widget-heading\" data-id=\"d7cdd6b\" data-element_type=\"widget\" data-widget_type=\"heading.default\">\n\t\t\t\t<div class=\"elementor-widget-container\">\n\t\t\t<h4 class=\"elementor-heading-title elementor-size-large\">Hvor lenge lagres opplysningene?<\/h4>\t\t<\/div>\n\t\t\t\t<\/div>\n\t\t\t\t<div class=\"elementor-element elementor-element-1a2952d elementor-widget elementor-widget-text-editor\" data-id=\"1a2952d\" data-element_type=\"widget\" data-widget_type=\"text-editor.default\">\n\t\t\t\t<div class=\"elementor-widget-container\">\n\t\t\t\t\t\t\t<p>Vi lagrer opplysningene bare s\u00e5 lenge v\u00e5re brukere (eieren av kj\u00f8ret\u00f8yet) og\/eller tilknyttede bompengeselskaper \u00f8nsker, og i samsvar med gjeldende lover og regler slik som GDPR (personvernforordningen EU2016\/679).<\/p><\/p>\n\t\t\t\t\t\t<\/div>\n\t\t\t\t<\/div>\n\t\t\t\t\t<\/div>\n\t\t<\/div>\n\t\t\t\t\t\t\t<\/div>\n\t\t<\/section>\n\t\t\t\t<section class=\"elementor-section elementor-inner-section elementor-element elementor-element-208feef inner-content elementor-section-boxed elementor-section-height-default elementor-section-height-default\" data-id=\"208feef\" data-element_type=\"section\" data-settings=\"{&quot;background_background&quot;:&quot;classic&quot;}\">\n\t\t\t\t\t\t<div class=\"elementor-container elementor-column-gap-default\">\n\t\t\t\t\t<div class=\"elementor-column elementor-col-50 elementor-inner-column elementor-element elementor-element-73b3354\" data-id=\"73b3354\" data-element_type=\"column\">\n\t\t\t<div class=\"elementor-widget-wrap elementor-element-populated\">\n\t\t\t\t\t\t\t\t<div class=\"elementor-element elementor-element-a1b0cfd elementor-widget elementor-widget-heading\" data-id=\"a1b0cfd\" data-element_type=\"widget\" data-widget_type=\"heading.default\">\n\t\t\t\t<div class=\"elementor-widget-container\">\n\t\t\t<h4 class=\"elementor-heading-title elementor-size-large\">Hvilken informasjon behandler vi?<\/h4>\t\t<\/div>\n\t\t\t\t<\/div>\n\t\t\t\t<div class=\"elementor-element elementor-element-47ddbce elementor-widget elementor-widget-text-editor\" data-id=\"47ddbce\" data-element_type=\"widget\" data-widget_type=\"text-editor.default\">\n\t\t\t\t<div class=\"elementor-widget-container\">\n\t\t\t\t\t\t\t<p>F\u00f8lgende informasjon om eiere av kj\u00f8ret\u00f8yer\/brukere av Epass24.com blir behandlet av oss: (i) navn, (ii) adresse, (iii) epost-adresse, (iv) betalingsopplysninger slik som kortinformasjon, (v) beskrivelse av kj\u00f8ret\u00f8y samt registreringsnummer og (vi) opplysninger om bompenger med tilh\u00f8rende dokumentasjon slik som foto av passeringer.<\/p><\/p>\n\t\t\t\t\t\t<\/div>\n\t\t\t\t<\/div>\n\t\t\t\t\t<\/div>\n\t\t<\/div>\n\t\t\t\t<div class=\"elementor-column elementor-col-50 elementor-inner-column elementor-element elementor-element-dfa3b88\" data-id=\"dfa3b88\" data-element_type=\"column\">\n\t\t\t<div class=\"elementor-widget-wrap elementor-element-populated\">\n\t\t\t\t\t\t\t\t<div class=\"elementor-element elementor-element-eaa1499 elementor-widget elementor-widget-heading\" data-id=\"eaa1499\" data-element_type=\"widget\" data-widget_type=\"heading.default\">\n\t\t\t\t<div class=\"elementor-widget-container\">\n\t\t\t<h4 class=\"elementor-heading-title elementor-size-large\">Deles informasjon med andre?<\/h4>\t\t<\/div>\n\t\t\t\t<\/div>\n\t\t\t\t<div class=\"elementor-element elementor-element-c6ac4a1 elementor-widget elementor-widget-text-editor\" data-id=\"c6ac4a1\" data-element_type=\"widget\" data-widget_type=\"text-editor.default\">\n\t\t\t\t<div class=\"elementor-widget-container\">\n\t\t\t\t\t\t\t<p>Opplysninger deles og behandles av noen n\u00f8ye utvalgte underleverand\u00f8rer og samarbeidspartnere for at vi skal kunne utf\u00f8re v\u00e5rt oppdrag. Eksempel p\u00e5 slike databehandlere kan v\u00e6re postdistribut\u00f8rer og inkassobyr\u00e5er (for innkreving av ubetalte bompenger). <\/p>\n\t\t\t\t\t\t<\/div>\n\t\t\t\t<\/div>\n\t\t\t\t\t<\/div>\n\t\t<\/div>\n\t\t\t\t\t\t\t<\/div>\n\t\t<\/section>\n\t\t\t\t<section class=\"elementor-section elementor-inner-section elementor-element elementor-element-d206618 inner-content elementor-section-boxed elementor-section-height-default elementor-section-height-default\" data-id=\"d206618\" data-element_type=\"section\" data-settings=\"{&quot;background_background&quot;:&quot;classic&quot;}\">\n\t\t\t\t\t\t<div class=\"elementor-container elementor-column-gap-default\">\n\t\t\t\t\t<div class=\"elementor-column elementor-col-100 elementor-inner-column elementor-element elementor-element-fdf6423\" data-id=\"fdf6423\" data-element_type=\"column\">\n\t\t\t<div class=\"elementor-widget-wrap elementor-element-populated\">\n\t\t\t\t\t\t\t\t<div class=\"elementor-element elementor-element-eaf5bdd elementor-widget elementor-widget-text-editor\" data-id=\"eaf5bdd\" data-element_type=\"widget\" data-widget_type=\"text-editor.default\">\n\t\t\t\t<div class=\"elementor-widget-container\">\n\t\t\t\t\t\t\t<p style=\"text-align: center;\"><i>Om du har ytterligere sp\u00f8rsm\u00e5l til hvordan vi behandler personopplysninger, se v\u00e5r &#8220;Data Processing Policy&#8221; eller ta kontakt med oss p\u00e5 support@epass24.com. <\/i><\/p>\n\t\t\t\t\t\t<\/div>\n\t\t\t\t<\/div>\n\t\t\t\t\t<\/div>\n\t\t<\/div>\n\t\t\t\t\t\t\t<\/div>\n\t\t<\/section>\n\t\t\t\t\t<\/div>\n\t\t<\/div>\n\t\t\t\t\t\t\t<\/div>\n\t\t<\/section>\n\t\t\t\t\t\t\t<\/div>\n\t\t","protected":false},"excerpt":{"rendered":"<p>Vi begrenser adgangen til personopplysninger og sikrer informasjonen etter aller beste evne Hva er personopplysninger? Med personopplysninger siktes til all informasjon som kan knyttes opp mot en fysisk person. Dette kan for eksempel v\u00e6re navn, adresse, epostadresse og opplysninger om bankkonto og kortnummer. \u00a0 Hvor lenge lagres opplysningene? Vi lagrer opplysningene bare s\u00e5 lenge v\u00e5re [&hellip;]<\/p>\n","protected":false},"author":1,"featured_media":0,"parent":0,"menu_order":0,"comment_status":"closed","ping_status":"closed","template":"","meta":{"inline_featured_image":false},"acf":[],"_links":{"self":[{"href":"https:\/\/wordpress-epass24-test.azurewebsites.net\/no\/wp-json\/wp\/v2\/pages\/2791"}],"collection":[{"href":"https:\/\/wordpress-epass24-test.azurewebsites.net\/no\/wp-json\/wp\/v2\/pages"}],"about":[{"href":"https:\/\/wordpress-epass24-test.azurewebsites.net\/no\/wp-json\/wp\/v2\/types\/page"}],"author":[{"embeddable":true,"href":"https:\/\/wordpress-epass24-test.azurewebsites.net\/no\/wp-json\/wp\/v2\/users\/1"}],"replies":[{"embeddable":true,"href":"https:\/\/wordpress-epass24-test.azurewebsites.net\/no\/wp-json\/wp\/v2\/comments?post=2791"}],"version-history":[{"count":1,"href":"https:\/\/wordpress-epass24-test.azurewebsites.net\/no\/wp-json\/wp\/v2\/pages\/2791\/revisions"}],"predecessor-version":[{"id":2792,"href":"https:\/\/wordpress-epass24-test.azurewebsites.net\/no\/wp-json\/wp\/v2\/pages\/2791\/revisions\/2792"}],"wp:attachment":[{"href":"https:\/\/wordpress-epass24-test.azurewebsites.net\/no\/wp-json\/wp\/v2\/media?parent=2791"}],"curies":[{"name":"wp","href":"https:\/\/api.w.org\/{rel}","templated":true}]}}