{"id":2785,"date":"2021-04-29T12:47:06","date_gmt":"2021-04-29T12:47:06","guid":{"rendered":"http:\/\/epass24.uncleserj.com\/kundeservice\/"},"modified":"2021-06-21T14:20:53","modified_gmt":"2021-06-21T14:20:53","slug":"kundeservice","status":"publish","type":"page","link":"https:\/\/wordpress-epass24-test.azurewebsites.net\/no\/kundeservice\/","title":{"rendered":"Kundeservice"},"content":{"rendered":"\t\t<div data-elementor-type=\"wp-page\" data-elementor-id=\"2785\" class=\"elementor elementor-2785 elementor-618\">\n\t\t\t\t\t\t\t\t\t<section class=\"elementor-section elementor-top-section elementor-element elementor-element-66aaa548 elementor-section-content-middle elementor-section-boxed elementor-section-height-default elementor-section-height-default\" data-id=\"66aaa548\" data-element_type=\"section\" id=\"hero\" data-settings=\"{&quot;background_background&quot;:&quot;classic&quot;}\">\n\t\t\t\t\t\t<div class=\"elementor-container elementor-column-gap-default\">\n\t\t\t\t\t<div class=\"elementor-column elementor-col-100 elementor-top-column elementor-element elementor-element-7ca94152 hero-wrapper\" data-id=\"7ca94152\" data-element_type=\"column\">\n\t\t\t<div class=\"elementor-widget-wrap elementor-element-populated\">\n\t\t\t\t\t\t\t\t<div class=\"elementor-element elementor-element-4619b79 elementor-widget elementor-widget-heading\" data-id=\"4619b79\" data-element_type=\"widget\" data-widget_type=\"heading.default\">\n\t\t\t\t<div class=\"elementor-widget-container\">\n\t\t\t<h1 class=\"elementor-heading-title elementor-size-xl\">Velkommen til kundeservice, hvordan kan vi hjelpe deg?<\/h1>\t\t<\/div>\n\t\t\t\t<\/div>\n\t\t\t\t\t<\/div>\n\t\t<\/div>\n\t\t\t\t\t\t\t<\/div>\n\t\t<\/section>\n\t\t\t\t<section class=\"elementor-section elementor-top-section elementor-element elementor-element-5e2a19b8 elementor-section-boxed elementor-section-height-default elementor-section-height-default\" data-id=\"5e2a19b8\" data-element_type=\"section\" data-settings=\"{&quot;background_background&quot;:&quot;classic&quot;}\">\n\t\t\t\t\t\t<div class=\"elementor-container elementor-column-gap-default\">\n\t\t\t\t\t<div class=\"elementor-column elementor-col-50 elementor-top-column elementor-element elementor-element-e4dab77 inner\" data-id=\"e4dab77\" data-element_type=\"column\">\n\t\t\t<div class=\"elementor-widget-wrap elementor-element-populated\">\n\t\t\t\t\t\t\t\t<div class=\"elementor-element elementor-element-7e57681a elementor-widget elementor-widget-heading\" data-id=\"7e57681a\" data-element_type=\"widget\" data-widget_type=\"heading.default\">\n\t\t\t\t<div class=\"elementor-widget-container\">\n\t\t\t<h2 class=\"elementor-heading-title elementor-size-large\">Feil i faktura?<\/h2>\t\t<\/div>\n\t\t\t\t<\/div>\n\t\t\t\t<div class=\"elementor-element elementor-element-1b61642d elementor-widget elementor-widget-text-editor\" data-id=\"1b61642d\" data-element_type=\"widget\" data-widget_type=\"text-editor.default\">\n\t\t\t\t<div class=\"elementor-widget-container\">\n\t\t\t\t\t\t\t<p><span style=\"color: var( --e-global-color-secondary );\">Siden bomstasjonene er helt automatisert og passeringer blir registrert av kameraer, s\u00e5 hender det at kj\u00f8ret\u00f8yer blir registrert galt. Det kan v\u00e6re at landkode eller registreringsnummer ikke er blitt riktig.<\/span><\/p>\n<p>Om du er blitt ilagt avgift for en passering du ikke har foretatt, kan du be om en manuell kontroll av registrering og tilgjengelige bilder. <\/p>\n\t\t\t\t\t\t<\/div>\n\t\t\t\t<\/div>\n\t\t\t\t<div class=\"elementor-element elementor-element-167ee89 bottom elementor-widget elementor-widget-text-editor\" data-id=\"167ee89\" data-element_type=\"widget\" data-widget_type=\"text-editor.default\">\n\t\t\t\t<div class=\"elementor-widget-container\">\n\t\t\t\t\t\t\t<p><a class=\"btn btn-primary\" title=\"Be om en manuell kontroll\" href=\"https:\/\/www.epass24.com\/appeal\/\">Be om en manuell kontroll<\/a><\/p>\n\t\t\t\t\t\t<\/div>\n\t\t\t\t<\/div>\n\t\t\t\t\t<\/div>\n\t\t<\/div>\n\t\t\t\t<div class=\"elementor-column elementor-col-50 elementor-top-column elementor-element elementor-element-1c8a9eed inner\" data-id=\"1c8a9eed\" data-element_type=\"column\">\n\t\t\t<div class=\"elementor-widget-wrap elementor-element-populated\">\n\t\t\t\t\t\t\t\t<div class=\"elementor-element elementor-element-224670dd elementor-widget elementor-widget-heading\" data-id=\"224670dd\" data-element_type=\"widget\" data-widget_type=\"heading.default\">\n\t\t\t\t<div class=\"elementor-widget-container\">\n\t\t\t<h2 class=\"elementor-heading-title elementor-size-large\">Ikke mitt kj\u00f8ret\u00f8y?<\/h2>\t\t<\/div>\n\t\t\t\t<\/div>\n\t\t\t\t<div class=\"elementor-element elementor-element-12ca1e9e elementor-widget elementor-widget-text-editor\" data-id=\"12ca1e9e\" data-element_type=\"widget\" data-widget_type=\"text-editor.default\">\n\t\t\t\t<div class=\"elementor-widget-container\">\n\t\t\t\t\t\t\t<p>N\u00e5r vi sender faktura for bompasseringer til bileier, s\u00e5 henter vi opplysninger fra det nasjonale bilregisteret. Iblant kan det hende at eierbytte ikke er blitt registrert i tide, og da vil faktura bli sendt til feil person.<\/p>\n\t\t\t\t\t\t<\/div>\n\t\t\t\t<\/div>\n\t\t\t\t<div class=\"elementor-element elementor-element-d930991 bottom elementor-widget elementor-widget-text-editor\" data-id=\"d930991\" data-element_type=\"widget\" data-widget_type=\"text-editor.default\">\n\t\t\t\t<div class=\"elementor-widget-container\">\n\t\t\t\t\t\t\t<p><a class=\"btn btn-primary\" title=\"Gi opplysninger om eier \" href=\"https:\/\/www.epass24.com\/appeal\/\">Be om en manuell kontroll<\/a><\/p>\n\t\t\t\t\t\t<\/div>\n\t\t\t\t<\/div>\n\t\t\t\t\t<\/div>\n\t\t<\/div>\n\t\t\t\t\t\t\t<\/div>\n\t\t<\/section>\n\t\t\t\t<section class=\"elementor-section elementor-top-section elementor-element elementor-element-5e9b67c2 has-padding elementor-section-content-middle elementor-section-boxed elementor-section-height-default elementor-section-height-default\" data-id=\"5e9b67c2\" data-element_type=\"section\" data-settings=\"{&quot;background_background&quot;:&quot;classic&quot;}\">\n\t\t\t\t\t\t<div class=\"elementor-container elementor-column-gap-default\">\n\t\t\t\t\t<div class=\"elementor-column elementor-col-50 elementor-top-column elementor-element elementor-element-6c778942 min-height border-top-left-radius\" data-id=\"6c778942\" data-element_type=\"column\" data-settings=\"{&quot;background_background&quot;:&quot;classic&quot;}\">\n\t\t\t<div class=\"elementor-widget-wrap elementor-element-populated\">\n\t\t\t\t\t\t\t\t<div class=\"elementor-element elementor-element-7d10b57 overlinkfull elementor-widget elementor-widget-html\" data-id=\"7d10b57\" data-element_type=\"widget\" data-widget_type=\"html.default\">\n\t\t\t\t<div class=\"elementor-widget-container\">\n\t\t\t<a href=\"https:\/\/www.epass24.com\/no\/debt-collection\/\"><\/a>\t\t<\/div>\n\t\t\t\t<\/div>\n\t\t\t\t\t<\/div>\n\t\t<\/div>\n\t\t\t\t<div class=\"elementor-column elementor-col-50 elementor-top-column elementor-element elementor-element-1725b0b5 border-top-right-radius\" data-id=\"1725b0b5\" data-element_type=\"column\" data-settings=\"{&quot;background_background&quot;:&quot;classic&quot;}\">\n\t\t\t<div class=\"elementor-widget-wrap elementor-element-populated\">\n\t\t\t\t\t\t\t\t<div class=\"elementor-element elementor-element-2e697547 overlink elementor-widget elementor-widget-heading\" data-id=\"2e697547\" data-element_type=\"widget\" data-widget_type=\"heading.default\">\n\t\t\t\t<div class=\"elementor-widget-container\">\n\t\t\t<h3 class=\"elementor-heading-title elementor-size-xl\"><a href=\"https:\/\/www.epass24.com\/no\/debt-collection\/\">Hvordan vi h\u00e5ndterer manglende betaling<\/a><\/h3>\t\t<\/div>\n\t\t\t\t<\/div>\n\t\t\t\t\t<\/div>\n\t\t<\/div>\n\t\t\t\t\t\t\t<\/div>\n\t\t<\/section>\n\t\t\t\t<section class=\"elementor-section elementor-top-section elementor-element elementor-element-6e8a4d09 has-padding elementor-section-content-middle elementor-section-boxed elementor-section-height-default elementor-section-height-default\" data-id=\"6e8a4d09\" data-element_type=\"section\" data-settings=\"{&quot;background_background&quot;:&quot;classic&quot;}\">\n\t\t\t\t\t\t<div class=\"elementor-container elementor-column-gap-default\">\n\t\t\t\t\t<div class=\"elementor-column elementor-col-50 elementor-top-column elementor-element elementor-element-54506f64 border-bottom-left-radius\" data-id=\"54506f64\" data-element_type=\"column\" data-settings=\"{&quot;background_background&quot;:&quot;classic&quot;}\">\n\t\t\t<div class=\"elementor-widget-wrap elementor-element-populated\">\n\t\t\t\t\t\t\t\t<div class=\"elementor-element elementor-element-2ca92c4c overlink elementor-widget elementor-widget-heading\" data-id=\"2ca92c4c\" data-element_type=\"widget\" data-widget_type=\"heading.default\">\n\t\t\t\t<div class=\"elementor-widget-container\">\n\t\t\t<h3 class=\"elementor-heading-title elementor-size-xl\"><a href=\"https:\/\/www.epass24.com\/no\/handling-of-personal-data\/\">Hvordan vi h\u00e5ndterer opplysninger <\/a><\/h3>\t\t<\/div>\n\t\t\t\t<\/div>\n\t\t\t\t\t<\/div>\n\t\t<\/div>\n\t\t\t\t<div class=\"elementor-column elementor-col-50 elementor-top-column elementor-element elementor-element-783563c8 order min-height border-bottom-right-radius\" data-id=\"783563c8\" data-element_type=\"column\" data-settings=\"{&quot;background_background&quot;:&quot;classic&quot;}\">\n\t\t\t<div class=\"elementor-widget-wrap elementor-element-populated\">\n\t\t\t\t\t\t\t\t<div class=\"elementor-element elementor-element-5f5c76f overlinkfull elementor-widget elementor-widget-html\" data-id=\"5f5c76f\" data-element_type=\"widget\" data-widget_type=\"html.default\">\n\t\t\t\t<div class=\"elementor-widget-container\">\n\t\t\t<a href=\"https:\/\/www.epass24.com\/no\/handling-of-personal-data\/\"><\/a>\t\t<\/div>\n\t\t\t\t<\/div>\n\t\t\t\t\t<\/div>\n\t\t<\/div>\n\t\t\t\t\t\t\t<\/div>\n\t\t<\/section>\n\t\t\t\t<section class=\"elementor-section elementor-top-section elementor-element elementor-element-3695199 elementor-section-boxed elementor-section-height-default elementor-section-height-default\" data-id=\"3695199\" data-element_type=\"section\" data-settings=\"{&quot;background_background&quot;:&quot;classic&quot;}\">\n\t\t\t\t\t\t<div class=\"elementor-container elementor-column-gap-default\">\n\t\t\t\t\t<div class=\"elementor-column elementor-col-50 elementor-top-column elementor-element elementor-element-c6190b1 inner\" data-id=\"c6190b1\" data-element_type=\"column\">\n\t\t\t<div class=\"elementor-widget-wrap elementor-element-populated\">\n\t\t\t\t\t\t\t\t<div class=\"elementor-element elementor-element-3eb0e59 elementor-widget elementor-widget-heading\" data-id=\"3eb0e59\" data-element_type=\"widget\" data-widget_type=\"heading.default\">\n\t\t\t\t<div class=\"elementor-widget-container\">\n\t\t\t<h2 class=\"elementor-heading-title elementor-size-large\">Mener du fortsatt at ileggelsen av avgiften er feilaktig?  <\/h2>\t\t<\/div>\n\t\t\t\t<\/div>\n\t\t\t\t<div class=\"elementor-element elementor-element-e885b92 mb-0 elementor-widget elementor-widget-text-editor\" data-id=\"e885b92\" data-element_type=\"widget\" data-widget_type=\"text-editor.default\">\n\t\t\t\t<div class=\"elementor-widget-container\">\n\t\t\t\t\t\t\t\t\t\t\t\t\t<\/div>\n\t\t\t\t<\/div>\n\t\t\t\t<div class=\"elementor-element elementor-element-263b0f7 bottom elementor-widget elementor-widget-text-editor\" data-id=\"263b0f7\" data-element_type=\"widget\" data-widget_type=\"text-editor.default\">\n\t\t\t\t<div class=\"elementor-widget-container\">\n\t\t\t\t\t\t\t<p><a class=\"btn btn-primary\" href=\"https:\/\/www.epass24.com\/appeal\/\"><strong>Be om en manuell kontroll<\/strong><\/a><\/p>\n\t\t\t\t\t\t<\/div>\n\t\t\t\t<\/div>\n\t\t\t\t\t<\/div>\n\t\t<\/div>\n\t\t\t\t<div class=\"elementor-column elementor-col-50 elementor-top-column elementor-element elementor-element-8ca24ce inner\" data-id=\"8ca24ce\" data-element_type=\"column\">\n\t\t\t<div class=\"elementor-widget-wrap elementor-element-populated\">\n\t\t\t\t\t\t\t\t<div class=\"elementor-element elementor-element-0075f70 elementor-widget elementor-widget-heading\" data-id=\"0075f70\" data-element_type=\"widget\" data-widget_type=\"heading.default\">\n\t\t\t\t<div class=\"elementor-widget-container\">\n\t\t\t<h2 class=\"elementor-heading-title elementor-size-large\">Kundeservice<\/h2>\t\t<\/div>\n\t\t\t\t<\/div>\n\t\t\t\t<div class=\"elementor-element elementor-element-7ea3dca elementor-widget elementor-widget-text-editor\" data-id=\"7ea3dca\" data-element_type=\"widget\" data-widget_type=\"text-editor.default\">\n\t\t\t\t<div class=\"elementor-widget-container\">\n\t\t\t\t\t\t\t<div class=\"d-md-flex justify-content-between\">\n<div class=\"flex-grow-1\">\n<p class=\"d-flex justify-content-between\" style=\"max-width: 350px;\">Mandag \u2013 torsdag<strong>09:00 \u2013 17:00<\/strong><\/p>\n<p class=\"d-flex justify-content-between\" style=\"max-width: 350px;\">Fredag<strong>09:00 \u2013 16:00<\/strong><\/p>\n<p class=\"d-flex justify-content-between\" style=\"max-width: 350px;\">L\u00f8rdag \u2013 s\u00f8ndag:<strong>STENGT<\/strong><\/p>\n<p class=\"d-flex justify-content-between\" style=\"max-width: 350px;\">Helligdager<strong>STENGT<\/strong><\/p>\n<\/div>\n<div class=\"flex-grow-1 text-md-center\">\n<h5 class=\"mb-0\"><a style=\"color: var(--e-global-color-primary);\" href=\"21 98 40 54\"><strong>21 98 40 54<\/strong><\/a><\/h5>\n<h5 class=\"mb-3\"><a style=\"color: var(--e-global-color-primary);\" href=\"mailto:no@epass24.com\"><strong>no@epass24.com<\/strong><\/a><\/h5>\n<\/div>\n<\/div>\n\t\t\t\t\t\t<\/div>\n\t\t\t\t<\/div>\n\t\t\t\t\t<\/div>\n\t\t<\/div>\n\t\t\t\t\t\t\t<\/div>\n\t\t<\/section>\n\t\t\t\t\t\t\t<\/div>\n\t\t","protected":false},"excerpt":{"rendered":"<p>Velkommen til kundeservice, hvordan kan vi hjelpe deg? Feil i faktura? Siden bomstasjonene er helt automatisert og passeringer blir registrert av kameraer, s\u00e5 hender det at kj\u00f8ret\u00f8yer blir registrert galt. Det kan v\u00e6re at landkode eller registreringsnummer ikke er blitt riktig. Om du er blitt ilagt avgift for en passering du ikke har foretatt, kan [&hellip;]<\/p>\n","protected":false},"author":1,"featured_media":0,"parent":0,"menu_order":0,"comment_status":"closed","ping_status":"closed","template":"","meta":{"inline_featured_image":false},"acf":[],"_links":{"self":[{"href":"https:\/\/wordpress-epass24-test.azurewebsites.net\/no\/wp-json\/wp\/v2\/pages\/2785"}],"collection":[{"href":"https:\/\/wordpress-epass24-test.azurewebsites.net\/no\/wp-json\/wp\/v2\/pages"}],"about":[{"href":"https:\/\/wordpress-epass24-test.azurewebsites.net\/no\/wp-json\/wp\/v2\/types\/page"}],"author":[{"embeddable":true,"href":"https:\/\/wordpress-epass24-test.azurewebsites.net\/no\/wp-json\/wp\/v2\/users\/1"}],"replies":[{"embeddable":true,"href":"https:\/\/wordpress-epass24-test.azurewebsites.net\/no\/wp-json\/wp\/v2\/comments?post=2785"}],"version-history":[{"count":12,"href":"https:\/\/wordpress-epass24-test.azurewebsites.net\/no\/wp-json\/wp\/v2\/pages\/2785\/revisions"}],"predecessor-version":[{"id":3540,"href":"https:\/\/wordpress-epass24-test.azurewebsites.net\/no\/wp-json\/wp\/v2\/pages\/2785\/revisions\/3540"}],"wp:attachment":[{"href":"https:\/\/wordpress-epass24-test.azurewebsites.net\/no\/wp-json\/wp\/v2\/media?parent=2785"}],"curies":[{"name":"wp","href":"https:\/\/api.w.org\/{rel}","templated":true}]}}