{"id":2782,"date":"2021-04-29T12:41:25","date_gmt":"2021-04-29T12:41:25","guid":{"rendered":"http:\/\/epass24.uncleserj.com\/the-toll-operators\/"},"modified":"2023-11-06T09:28:38","modified_gmt":"2023-11-06T09:28:38","slug":"the-toll-operators","status":"publish","type":"page","link":"https:\/\/wordpress-epass24-test.azurewebsites.net\/no\/the-toll-operators\/","title":{"rendered":"Bompengeselskaper"},"content":{"rendered":"\t\t<div data-elementor-type=\"wp-page\" data-elementor-id=\"2782\" class=\"elementor elementor-2782 elementor-605\">\n\t\t\t\t\t\t\t\t\t<section class=\"elementor-section elementor-top-section elementor-element elementor-element-117baab8 elementor-section-content-middle elementor-section-boxed elementor-section-height-default elementor-section-height-default\" data-id=\"117baab8\" data-element_type=\"section\" id=\"hero\" data-settings=\"{&quot;background_background&quot;:&quot;classic&quot;}\">\n\t\t\t\t\t\t<div class=\"elementor-container elementor-column-gap-default\">\n\t\t\t\t\t<div class=\"elementor-column elementor-col-100 elementor-top-column elementor-element elementor-element-1c8d4f4f hero-wrapper\" data-id=\"1c8d4f4f\" data-element_type=\"column\">\n\t\t\t<div class=\"elementor-widget-wrap elementor-element-populated\">\n\t\t\t\t\t\t\t\t<div class=\"elementor-element elementor-element-2e153ed elementor-widget elementor-widget-heading\" data-id=\"2e153ed\" data-element_type=\"widget\" data-widget_type=\"heading.default\">\n\t\t\t\t<div class=\"elementor-widget-container\">\n\t\t\t<h1 class=\"elementor-heading-title elementor-size-xl\">P\u00e5 vegne av myndigheter og selskaper<\/h1>\t\t<\/div>\n\t\t\t\t<\/div>\n\t\t\t\t<div class=\"elementor-element elementor-element-983eb2d elementor-widget elementor-widget-text-editor\" data-id=\"983eb2d\" data-element_type=\"widget\" data-widget_type=\"text-editor.default\">\n\t\t\t\t<div class=\"elementor-widget-container\">\n\t\t\t\t\t\t\t\t\t\t\t\t\t<\/div>\n\t\t\t\t<\/div>\n\t\t\t\t\t<\/div>\n\t\t<\/div>\n\t\t\t\t\t\t\t<\/div>\n\t\t<\/section>\n\t\t\t\t<section class=\"elementor-section elementor-top-section elementor-element elementor-element-2d3a8ad4 elementor-section-boxed elementor-section-height-default elementor-section-height-default\" data-id=\"2d3a8ad4\" data-element_type=\"section\" data-settings=\"{&quot;background_background&quot;:&quot;classic&quot;}\">\n\t\t\t\t\t\t<div class=\"elementor-container elementor-column-gap-default\">\n\t\t\t\t\t<div class=\"elementor-column elementor-col-100 elementor-top-column elementor-element elementor-element-61c804d8\" data-id=\"61c804d8\" data-element_type=\"column\">\n\t\t\t<div class=\"elementor-widget-wrap elementor-element-populated\">\n\t\t\t\t\t\t\t\t<section class=\"elementor-section elementor-inner-section elementor-element elementor-element-1c6a2fac entry-content elementor-section-content-middle elementor-section-boxed elementor-section-height-default elementor-section-height-default\" data-id=\"1c6a2fac\" data-element_type=\"section\" data-settings=\"{&quot;background_background&quot;:&quot;classic&quot;}\">\n\t\t\t\t\t\t<div class=\"elementor-container elementor-column-gap-default\">\n\t\t\t\t\t<div class=\"elementor-column elementor-col-50 elementor-inner-column elementor-element elementor-element-125cbe0d\" data-id=\"125cbe0d\" data-element_type=\"column\">\n\t\t\t<div class=\"elementor-widget-wrap elementor-element-populated\">\n\t\t\t\t\t\t\t\t<div class=\"elementor-element elementor-element-759b6c9 elementor-widget elementor-widget-heading\" data-id=\"759b6c9\" data-element_type=\"widget\" data-widget_type=\"heading.default\">\n\t\t\t\t<div class=\"elementor-widget-container\">\n\t\t\t<h2 class=\"elementor-heading-title elementor-size-large\">Oppdragsgivere i Europa<\/h2>\t\t<\/div>\n\t\t\t\t<\/div>\n\t\t\t\t<div class=\"elementor-element elementor-element-8824335 elementor-widget elementor-widget-text-editor\" data-id=\"8824335\" data-element_type=\"widget\" data-widget_type=\"text-editor.default\">\n\t\t\t\t<div class=\"elementor-widget-container\">\n\t\t\t\t\t\t\t<p><b>Sverige <\/b>&#8211; Transportstyrelsen (The Swedish Transport Agency) er den myndighet som har ansvaret for det svenske veinettet. Som eier av et kj\u00f8ret\u00f8y plikter man \u00e5 betale rushtidsavgift ved passering av betalingsstasjoner i Stockholm og G\u00f6teborg samt veiavgift for bropassering i Skuru, Motala og Sundsvall.<\/p>\n<p><b>Norge <\/b>&#8211; I Norge er bompengeordningen ivaretatt av fem bompengeselskaper p\u00e5 oppdrag av Statens Vegvesen, som har ansvaret for det norske veinettet.<br \/>\nSelskapene som opererer i hver sin region er Fjellinjen, Ferde, Vegamot, Vegfinans og Bompengeselskap Nord.<\/p>\n<p><span style=\"color: var( --e-global-color-secondary );\"><br \/>\nStatens vegvesen har ogs\u00e5 ansvar for en rekke fergesamband der fergeselskaper er godkjent som operat\u00f8rer med betalingsl\u00f8sning (autopassferje.no). <\/span><\/p>\n<p><b style=\"color: var( --e-global-color-secondary );\">Danmark <\/b><span style=\"color: var( --e-global-color-secondary );\">&#8211;\u00a0A\/S Storeb\u00e6lt forvalter bompengeordningen for den 18 km lange broen over Storeb\u00e6lt. Fjordforbindelsen Frederikssund har ansvaret for broavgiftene over Roskilde Fjord via Kronprinsesse Marys Bro. \u00a0<\/span><\/p>\n<p><b>Frankrike <\/b>&#8211; SANEF, Soci\u00e9t\u00e9 des Autoroutes du Nord et de l\u2019Est de la France drifter motorveier i nord og \u00f8st i Frankrike p\u00e5 oppdrag av den franske staten. Totalt har SANEF ansvaret for 1743 km motorvei.<\/p>\n<p><b>Portugal <\/b>&#8211; Ascendi drifter bompengeordning for seks veistrekninger p\u00e5 oppdrag av den portugisiske staten. Ansvaret omfatter totalt 672 km vei.<\/p>\n<p>Disse organisasjoner benytter Epass24 for \u00e5 administrere vegavgifter, i hovedsak de som ilegges utenlandsregistrerte kj\u00f8ret\u00f8yer.<\/p>\n<p>I Norge og Sverige tilbyr Epass24 konto ogs\u00e5 automatisk belastning av bompenger for \u00e5 gj\u00f8re betaling enklere for bileierne.<\/p>\n<p>For mer informasjon om hver enkelt organisasjon som er tilknyttet Epass24, klikk p\u00e5 logoene.<\/p>\n<div><\/div>\n\t\t\t\t\t\t<\/div>\n\t\t\t\t<\/div>\n\t\t\t\t\t<\/div>\n\t\t<\/div>\n\t\t\t\t<div class=\"elementor-column elementor-col-50 elementor-inner-column elementor-element elementor-element-c0fe468\" data-id=\"c0fe468\" data-element_type=\"column\">\n\t\t\t<div class=\"elementor-widget-wrap elementor-element-populated\">\n\t\t\t\t\t\t\t\t<div class=\"elementor-element elementor-element-094c087 elementor-widget elementor-widget-shortcode\" data-id=\"094c087\" data-element_type=\"widget\" data-widget_type=\"shortcode.default\">\n\t\t\t\t<div class=\"elementor-widget-container\">\n\t\t\t\t\t<div class=\"elementor-shortcode\">\t<div class=\"operators row no-gutters align-items-center\">\r\n\t\t\t<div class=\"col-md-6\">\r\n\t\t\t<a class=\"operator\" href=\"https:\/\/autopassferje.no\" target=\"_blank\" rel=\"nofollow noreferrer noopener\" title=\"AutoPASS for ferje\">\r\n\t\t\t\t<img src=\"\/wp-content\/uploads\/autopass.svg\" alt=\"AutoPASS for ferje\">\r\n\t\t\t<\/a>\r\n\t\t<\/div>\r\n    \t\t<div class=\"col-md-6\">\r\n\t\t\t<a class=\"operator\" href=\"https:\/\/en.vegfinans.no\/\" target=\"_blank\" rel=\"nofollow noreferrer noopener\" title=\"Vegfinans\">\r\n\t\t\t\t<img src=\"\/wp-content\/uploads\/Vegfinans.png\" alt=\"Vegfinans\">\r\n\t\t\t<\/a>\r\n\t\t<\/div>\r\n    \t\t<div class=\"col-md-6\">\r\n\t\t\t<a class=\"operator\" href=\"https:\/\/www.vegamot.no\/\" target=\"_blank\" rel=\"nofollow noreferrer noopener\" title=\"Vegamot\">\r\n\t\t\t\t<img src=\"\/wp-content\/uploads\/Vegamot.png\" alt=\"Vegamot\">\r\n\t\t\t<\/a>\r\n\t\t<\/div>\r\n    \t\t<div class=\"col-md-6\">\r\n\t\t\t<a class=\"operator\" href=\"https:\/\/transportstyrelsen.se\" target=\"_blank\" rel=\"nofollow noreferrer noopener\" title=\"Transportstyrelsen\">\r\n\t\t\t\t<img src=\"\/wp-content\/uploads\/Transportstyrelsen-300x67.png\" alt=\"Transportstyrelsen\">\r\n\t\t\t<\/a>\r\n\t\t<\/div>\r\n    \t\t<div class=\"col-md-6\">\r\n\t\t\t<a class=\"operator\" href=\"https:\/\/sundogbaelt.dk\/\" target=\"_blank\" rel=\"nofollow noreferrer noopener\" title=\"Sund Baelt\">\r\n\t\t\t\t<img src=\"\/wp-content\/uploads\/Sund-Baelt.png\" alt=\"Sund Baelt\">\r\n\t\t\t<\/a>\r\n\t\t<\/div>\r\n    \t\t<div class=\"col-md-6\">\r\n\t\t\t<a class=\"operator\" href=\"https:\/\/storebaelt.dk\/\" target=\"_blank\" rel=\"nofollow noreferrer noopener\" title=\"Storebaelt\">\r\n\t\t\t\t<img src=\"\/wp-content\/uploads\/Storebaelt-300x76.png\" alt=\"Storebaelt\">\r\n\t\t\t<\/a>\r\n\t\t<\/div>\r\n    \t\t<div class=\"col-md-6\">\r\n\t\t\t<a class=\"operator\" href=\"https:\/\/www.fjellinjen.no\/\" target=\"_blank\" rel=\"nofollow noreferrer noopener\" title=\"Fjellinjen\">\r\n\t\t\t\t<img src=\"\/wp-content\/uploads\/Fjellinjen-300x124.jpg\" alt=\"Fjellinjen\">\r\n\t\t\t<\/a>\r\n\t\t<\/div>\r\n    \t\t<div class=\"col-md-6\">\r\n\t\t\t<a class=\"operator\" href=\"https:\/\/ferde.no\/\" target=\"_blank\" rel=\"nofollow noreferrer noopener\" title=\"Ferde\">\r\n\t\t\t\t<img src=\"\/wp-content\/uploads\/FerdeLogo.svg\" alt=\"Ferde\">\r\n\t\t\t<\/a>\r\n\t\t<\/div>\r\n    \t\t<div class=\"col-md-6\">\r\n\t\t\t<a class=\"operator\" href=\"https:\/\/bomveinord.no\/\" target=\"_blank\" rel=\"nofollow noreferrer noopener\" title=\"Bompengeselskap Nord\">\r\n\t\t\t\t<img src=\"\/wp-content\/uploads\/Nord-300x126.png\" alt=\"Bompengeselskap Nord\">\r\n\t\t\t<\/a>\r\n\t\t<\/div>\r\n    \t\t<div class=\"col-md-6\">\r\n\t\t\t<a class=\"operator\" href=\"https:\/\/www.ascendi.pt\/\" target=\"_blank\" rel=\"nofollow noreferrer noopener\" title=\"Ascendi\">\r\n\t\t\t\t<img src=\"\/wp-content\/uploads\/Ascendi.png\" alt=\"Ascendi\">\r\n\t\t\t<\/a>\r\n\t\t<\/div>\r\n    \t<\/div>\r\n\t<\/div>\n\t\t\t\t<\/div>\n\t\t\t\t<\/div>\n\t\t\t\t\t<\/div>\n\t\t<\/div>\n\t\t\t\t\t\t\t<\/div>\n\t\t<\/section>\n\t\t\t\t\t<\/div>\n\t\t<\/div>\n\t\t\t\t\t\t\t<\/div>\n\t\t<\/section>\n\t\t\t\t\t\t\t<\/div>\n\t\t","protected":false},"excerpt":{"rendered":"<p>P\u00e5 vegne av myndigheter og selskaper Oppdragsgivere i Europa Sverige &#8211; Transportstyrelsen (The Swedish Transport Agency) er den myndighet som har ansvaret for det svenske veinettet. Som eier av et kj\u00f8ret\u00f8y plikter man \u00e5 betale rushtidsavgift ved passering av betalingsstasjoner i Stockholm og G\u00f6teborg samt veiavgift for bropassering i Skuru, Motala og Sundsvall. Norge &#8211; [&hellip;]<\/p>\n","protected":false},"author":1,"featured_media":0,"parent":0,"menu_order":0,"comment_status":"closed","ping_status":"closed","template":"","meta":{"inline_featured_image":false},"acf":[],"_links":{"self":[{"href":"https:\/\/wordpress-epass24-test.azurewebsites.net\/no\/wp-json\/wp\/v2\/pages\/2782"}],"collection":[{"href":"https:\/\/wordpress-epass24-test.azurewebsites.net\/no\/wp-json\/wp\/v2\/pages"}],"about":[{"href":"https:\/\/wordpress-epass24-test.azurewebsites.net\/no\/wp-json\/wp\/v2\/types\/page"}],"author":[{"embeddable":true,"href":"https:\/\/wordpress-epass24-test.azurewebsites.net\/no\/wp-json\/wp\/v2\/users\/1"}],"replies":[{"embeddable":true,"href":"https:\/\/wordpress-epass24-test.azurewebsites.net\/no\/wp-json\/wp\/v2\/comments?post=2782"}],"version-history":[{"count":9,"href":"https:\/\/wordpress-epass24-test.azurewebsites.net\/no\/wp-json\/wp\/v2\/pages\/2782\/revisions"}],"predecessor-version":[{"id":6858,"href":"https:\/\/wordpress-epass24-test.azurewebsites.net\/no\/wp-json\/wp\/v2\/pages\/2782\/revisions\/6858"}],"wp:attachment":[{"href":"https:\/\/wordpress-epass24-test.azurewebsites.net\/no\/wp-json\/wp\/v2\/media?parent=2782"}],"curies":[{"name":"wp","href":"https:\/\/api.w.org\/{rel}","templated":true}]}}