{"id":2519,"date":"2021-04-22T13:12:52","date_gmt":"2021-04-22T13:12:52","guid":{"rendered":"http:\/\/epass24.uncleserj.com\/personas-datu-apstrades\/"},"modified":"2021-04-28T12:48:53","modified_gmt":"2021-04-28T12:48:53","slug":"personas-datu-apstrades","status":"publish","type":"page","link":"https:\/\/wordpress-epass24-test.azurewebsites.net\/lv\/personas-datu-apstrades\/","title":{"rendered":"Personas datu apstr\u0101des"},"content":{"rendered":"\t\t<div data-elementor-type=\"wp-page\" data-elementor-id=\"2519\" class=\"elementor elementor-2519 elementor-882\">\n\t\t\t\t\t\t\t\t\t<section class=\"elementor-section elementor-top-section elementor-element elementor-element-7c9050e4 elementor-section-content-middle elementor-section-boxed elementor-section-height-default elementor-section-height-default\" data-id=\"7c9050e4\" data-element_type=\"section\" id=\"hero\" data-settings=\"{&quot;background_background&quot;:&quot;classic&quot;}\">\n\t\t\t\t\t\t<div class=\"elementor-container elementor-column-gap-default\">\n\t\t\t\t\t<div class=\"elementor-column elementor-col-100 elementor-top-column elementor-element elementor-element-344d68ce hero-wrapper\" data-id=\"344d68ce\" data-element_type=\"column\">\n\t\t\t<div class=\"elementor-widget-wrap elementor-element-populated\">\n\t\t\t\t\t\t\t\t<div class=\"elementor-element elementor-element-6cd7fb23 elementor-widget elementor-widget-heading\" data-id=\"6cd7fb23\" data-element_type=\"widget\" data-widget_type=\"heading.default\">\n\t\t\t\t<div class=\"elementor-widget-container\">\n\t\t\t<h1 class=\"elementor-heading-title elementor-size-default\">M\u0113s stingri ierobe\u017eojam jebk\u0101du piek\u013cuvi j\u016bsu personas datiem un aizsarg\u0101jam tos, cik labi sp\u0113jam.<\/h1>\t\t<\/div>\n\t\t\t\t<\/div>\n\t\t\t\t\t<\/div>\n\t\t<\/div>\n\t\t\t\t\t\t\t<\/div>\n\t\t<\/section>\n\t\t\t\t<section class=\"elementor-section elementor-top-section elementor-element elementor-element-704d7dfa elementor-section-boxed elementor-section-height-default elementor-section-height-default\" data-id=\"704d7dfa\" data-element_type=\"section\" data-settings=\"{&quot;background_background&quot;:&quot;classic&quot;}\">\n\t\t\t\t\t\t<div class=\"elementor-container elementor-column-gap-default\">\n\t\t\t\t\t<div class=\"elementor-column elementor-col-100 elementor-top-column elementor-element elementor-element-2ea26c61\" data-id=\"2ea26c61\" data-element_type=\"column\">\n\t\t\t<div class=\"elementor-widget-wrap elementor-element-populated\">\n\t\t\t\t\t\t\t\t<section class=\"elementor-section elementor-inner-section elementor-element elementor-element-462e640 entry-content elementor-section-boxed elementor-section-height-default elementor-section-height-default\" data-id=\"462e640\" data-element_type=\"section\" data-settings=\"{&quot;background_background&quot;:&quot;classic&quot;}\">\n\t\t\t\t\t\t<div class=\"elementor-container elementor-column-gap-default\">\n\t\t\t\t\t<div class=\"elementor-column elementor-col-50 elementor-inner-column elementor-element elementor-element-a0ca64f\" data-id=\"a0ca64f\" data-element_type=\"column\">\n\t\t\t<div class=\"elementor-widget-wrap elementor-element-populated\">\n\t\t\t\t\t\t\t\t<div class=\"elementor-element elementor-element-7eb6f5a elementor-widget elementor-widget-heading\" data-id=\"7eb6f5a\" data-element_type=\"widget\" data-widget_type=\"heading.default\">\n\t\t\t\t<div class=\"elementor-widget-container\">\n\t\t\t<h4 class=\"elementor-heading-title elementor-size-large\">Kas ir personas dati?<\/h4>\t\t<\/div>\n\t\t\t\t<\/div>\n\t\t\t\t<div class=\"elementor-element elementor-element-bc605b8 elementor-widget elementor-widget-text-editor\" data-id=\"bc605b8\" data-element_type=\"widget\" data-widget_type=\"text-editor.default\">\n\t\t\t\t<div class=\"elementor-widget-container\">\n\t\t\t\t\t\t\t<p>Personas dati ir inform\u0101cija, kas saist\u012bta ar personu. Tie var iek\u013caut, piem\u0113ram, personas v\u0101rdu, uzv\u0101rdu, adresi, e-pastu, bankas konta datus un maks\u0101jumu kartes datus.<\/p>\n<p>\u00a0<\/p>\n\t\t\t\t\t\t<\/div>\n\t\t\t\t<\/div>\n\t\t\t\t\t<\/div>\n\t\t<\/div>\n\t\t\t\t<div class=\"elementor-column elementor-col-50 elementor-inner-column elementor-element elementor-element-2590d6c\" data-id=\"2590d6c\" data-element_type=\"column\">\n\t\t\t<div class=\"elementor-widget-wrap elementor-element-populated\">\n\t\t\t\t\t\t\t\t<div class=\"elementor-element elementor-element-d7cdd6b elementor-widget elementor-widget-heading\" data-id=\"d7cdd6b\" data-element_type=\"widget\" data-widget_type=\"heading.default\">\n\t\t\t\t<div class=\"elementor-widget-container\">\n\t\t\t<h4 class=\"elementor-heading-title elementor-size-large\">Cik ilgi tiek glab\u0101ti dati?<\/h4>\t\t<\/div>\n\t\t\t\t<\/div>\n\t\t\t\t<div class=\"elementor-element elementor-element-1a2952d elementor-widget elementor-widget-text-editor\" data-id=\"1a2952d\" data-element_type=\"widget\" data-widget_type=\"text-editor.default\">\n\t\t\t\t<div class=\"elementor-widget-container\">\n\t\t\t\t\t\t\t<p>M\u0113s glab\u0101jam personas datus tikai period\u0101, kuru ir nor\u0101d\u012bjis lietot\u0101js (transportl\u012bdzek\u013ca \u012bpa\u0161nieks \/ Epass24 konta lietot\u0101js), klients (ce\u013ca nodevu operators), un saska\u0146\u0101 ar attiec\u012bgajiem ties\u012bbu aktiem, piem\u0113ram (bet ne tikai) Visp\u0101r\u012bgo datu aizsardz\u012bbas regulu (VDAR)<\/p><\/p>\n\t\t\t\t\t\t<\/div>\n\t\t\t\t<\/div>\n\t\t\t\t\t<\/div>\n\t\t<\/div>\n\t\t\t\t\t\t\t<\/div>\n\t\t<\/section>\n\t\t\t\t<section class=\"elementor-section elementor-inner-section elementor-element elementor-element-208feef inner-content elementor-section-boxed elementor-section-height-default elementor-section-height-default\" data-id=\"208feef\" data-element_type=\"section\" data-settings=\"{&quot;background_background&quot;:&quot;classic&quot;}\">\n\t\t\t\t\t\t<div class=\"elementor-container elementor-column-gap-default\">\n\t\t\t\t\t<div class=\"elementor-column elementor-col-50 elementor-inner-column elementor-element elementor-element-73b3354\" data-id=\"73b3354\" data-element_type=\"column\">\n\t\t\t<div class=\"elementor-widget-wrap elementor-element-populated\">\n\t\t\t\t\t\t\t\t<div class=\"elementor-element elementor-element-a1b0cfd elementor-widget elementor-widget-heading\" data-id=\"a1b0cfd\" data-element_type=\"widget\" data-widget_type=\"heading.default\">\n\t\t\t\t<div class=\"elementor-widget-container\">\n\t\t\t<h4 class=\"elementor-heading-title elementor-size-large\">K\u0101dus datus m\u0113s apstr\u0101d\u0101jam?<\/h4>\t\t<\/div>\n\t\t\t\t<\/div>\n\t\t\t\t<div class=\"elementor-element elementor-element-47ddbce elementor-widget elementor-widget-text-editor\" data-id=\"47ddbce\" data-element_type=\"widget\" data-widget_type=\"text-editor.default\">\n\t\t\t\t<div class=\"elementor-widget-container\">\n\t\t\t\t\t\t\t<p>M\u0113s apstr\u0101d\u0101jam \u0161\u0101das personas datu kategorijas: (i) v\u0101rds, uzv\u0101rds (piem\u0113ram, transportl\u012bdzek\u013ca re\u0123istr\u0113t\u0101 tur\u0113t\u0101ja v\u0101rds), (ii) adrese (piem\u0113ram, transportl\u012bdzek\u013ca re\u0123istr\u0113t\u0101 tur\u0113t\u0101ja adrese), (iii) e-pasts, (iv) maks\u0101jumu kartes inform\u0101cija, (v) transportl\u012bdzek\u013ca modelis un re\u0123istr\u0101cijas numurs, (vi) inform\u0101cija par ce\u013ca lietot\u0101ju maks\u0101m (iek\u013caujot fotoatt\u0113lus).<\/p><\/p>\n\t\t\t\t\t\t<\/div>\n\t\t\t\t<\/div>\n\t\t\t\t\t<\/div>\n\t\t<\/div>\n\t\t\t\t<div class=\"elementor-column elementor-col-50 elementor-inner-column elementor-element elementor-element-dfa3b88\" data-id=\"dfa3b88\" data-element_type=\"column\">\n\t\t\t<div class=\"elementor-widget-wrap elementor-element-populated\">\n\t\t\t\t\t\t\t\t<div class=\"elementor-element elementor-element-eaa1499 elementor-widget elementor-widget-heading\" data-id=\"eaa1499\" data-element_type=\"widget\" data-widget_type=\"heading.default\">\n\t\t\t\t<div class=\"elementor-widget-container\">\n\t\t\t<h4 class=\"elementor-heading-title elementor-size-large\">Vai dati tiek kop\u012bgoti?<\/h4>\t\t<\/div>\n\t\t\t\t<\/div>\n\t\t\t\t<div class=\"elementor-element elementor-element-c6ac4a1 elementor-widget elementor-widget-text-editor\" data-id=\"c6ac4a1\" data-element_type=\"widget\" data-widget_type=\"text-editor.default\">\n\t\t\t\t<div class=\"elementor-widget-container\">\n\t\t\t\t\t\t\t<p>Lai veiktu k\u0101du personas datu apstr\u0101di, m\u0113s izmantojam apak\u0161apstr\u0101d\u0101t\u0101ju pakalpojumus. Apak\u0161apstr\u0101d\u0101t\u0101ji ir, piem\u0113ram, pasta izplat\u012bt\u0101ji un par\u0101du piedzi\u0146as partneri, kuri r\u012bkojas m\u016bsu v\u0101rd\u0101, lai atg\u016btu neatmaks\u0101t\u0101s par\u0101da summas.<\/p>\n\t\t\t\t\t\t<\/div>\n\t\t\t\t<\/div>\n\t\t\t\t\t<\/div>\n\t\t<\/div>\n\t\t\t\t\t\t\t<\/div>\n\t\t<\/section>\n\t\t\t\t<section class=\"elementor-section elementor-inner-section elementor-element elementor-element-d206618 inner-content elementor-section-boxed elementor-section-height-default elementor-section-height-default\" data-id=\"d206618\" data-element_type=\"section\" data-settings=\"{&quot;background_background&quot;:&quot;classic&quot;}\">\n\t\t\t\t\t\t<div class=\"elementor-container elementor-column-gap-default\">\n\t\t\t\t\t<div class=\"elementor-column elementor-col-100 elementor-inner-column elementor-element elementor-element-fdf6423\" data-id=\"fdf6423\" data-element_type=\"column\">\n\t\t\t<div class=\"elementor-widget-wrap elementor-element-populated\">\n\t\t\t\t\t\t\t\t<div class=\"elementor-element elementor-element-eaf5bdd elementor-widget elementor-widget-text-editor\" data-id=\"eaf5bdd\" data-element_type=\"widget\" data-widget_type=\"text-editor.default\">\n\t\t\t\t<div class=\"elementor-widget-container\">\n\t\t\t\t\t\t\t<p style=\"text-align: center;\"><i>Ja jums ir papildjaut\u0101jumi par m\u016bsu r\u012bc\u012bbu ar personas datiem, l\u016bdzu, skatiet m\u016bsu datu aizsardz\u012bbas politiku vai nos\u016btiet mums e-pastu uz vietni support@epass24.com<\/i><\/p>\n\t\t\t\t\t\t<\/div>\n\t\t\t\t<\/div>\n\t\t\t\t\t<\/div>\n\t\t<\/div>\n\t\t\t\t\t\t\t<\/div>\n\t\t<\/section>\n\t\t\t\t\t<\/div>\n\t\t<\/div>\n\t\t\t\t\t\t\t<\/div>\n\t\t<\/section>\n\t\t\t\t\t\t\t<\/div>\n\t\t","protected":false},"excerpt":{"rendered":"<p>M\u0113s stingri ierobe\u017eojam jebk\u0101du piek\u013cuvi j\u016bsu personas datiem un aizsarg\u0101jam tos, cik labi sp\u0113jam. Kas ir personas dati? Personas dati ir inform\u0101cija, kas saist\u012bta ar personu. Tie var iek\u013caut, piem\u0113ram, personas v\u0101rdu, uzv\u0101rdu, adresi, e-pastu, bankas konta datus un maks\u0101jumu kartes datus. \u00a0 Cik ilgi tiek glab\u0101ti dati? M\u0113s glab\u0101jam personas datus tikai period\u0101, kuru [&hellip;]<\/p>\n","protected":false},"author":1,"featured_media":0,"parent":0,"menu_order":0,"comment_status":"closed","ping_status":"closed","template":"","meta":{"inline_featured_image":false},"acf":[],"_links":{"self":[{"href":"https:\/\/wordpress-epass24-test.azurewebsites.net\/lv\/wp-json\/wp\/v2\/pages\/2519"}],"collection":[{"href":"https:\/\/wordpress-epass24-test.azurewebsites.net\/lv\/wp-json\/wp\/v2\/pages"}],"about":[{"href":"https:\/\/wordpress-epass24-test.azurewebsites.net\/lv\/wp-json\/wp\/v2\/types\/page"}],"author":[{"embeddable":true,"href":"https:\/\/wordpress-epass24-test.azurewebsites.net\/lv\/wp-json\/wp\/v2\/users\/1"}],"replies":[{"embeddable":true,"href":"https:\/\/wordpress-epass24-test.azurewebsites.net\/lv\/wp-json\/wp\/v2\/comments?post=2519"}],"version-history":[{"count":1,"href":"https:\/\/wordpress-epass24-test.azurewebsites.net\/lv\/wp-json\/wp\/v2\/pages\/2519\/revisions"}],"predecessor-version":[{"id":2520,"href":"https:\/\/wordpress-epass24-test.azurewebsites.net\/lv\/wp-json\/wp\/v2\/pages\/2519\/revisions\/2520"}],"wp:attachment":[{"href":"https:\/\/wordpress-epass24-test.azurewebsites.net\/lv\/wp-json\/wp\/v2\/media?parent=2519"}],"curies":[{"name":"wp","href":"https:\/\/api.w.org\/{rel}","templated":true}]}}