{"id":2517,"date":"2021-04-22T13:10:27","date_gmt":"2021-04-22T13:10:27","guid":{"rendered":"http:\/\/epass24.uncleserj.com\/musu-pieeja-paradu-piedzinai\/"},"modified":"2021-04-28T13:00:31","modified_gmt":"2021-04-28T13:00:31","slug":"musu-pieeja-paradu-piedzinai","status":"publish","type":"page","link":"https:\/\/wordpress-epass24-test.azurewebsites.net\/lv\/musu-pieeja-paradu-piedzinai\/","title":{"rendered":"M\u016bsu pieeja par\u0101du piedzi\u0146ai"},"content":{"rendered":"\t\t<div data-elementor-type=\"wp-page\" data-elementor-id=\"2517\" class=\"elementor elementor-2517 elementor-869\">\n\t\t\t\t\t\t\t\t\t<section class=\"elementor-section elementor-top-section elementor-element elementor-element-38b7d139 elementor-section-content-middle elementor-section-boxed elementor-section-height-default elementor-section-height-default\" data-id=\"38b7d139\" data-element_type=\"section\" id=\"hero\" data-settings=\"{&quot;background_background&quot;:&quot;classic&quot;}\">\n\t\t\t\t\t\t<div class=\"elementor-container elementor-column-gap-default\">\n\t\t\t\t\t<div class=\"elementor-column elementor-col-100 elementor-top-column elementor-element elementor-element-761cd94f hero-wrapper\" data-id=\"761cd94f\" data-element_type=\"column\">\n\t\t\t<div class=\"elementor-widget-wrap elementor-element-populated\">\n\t\t\t\t\t\t\t\t<div class=\"elementor-element elementor-element-7b26849d elementor-widget elementor-widget-heading\" data-id=\"7b26849d\" data-element_type=\"widget\" data-widget_type=\"heading.default\">\n\t\t\t\t<div class=\"elementor-widget-container\">\n\t\t\t<h1 class=\"elementor-heading-title elementor-size-default\">Vienl\u012bdz\u012bga attieksme pret visiem transportl\u012bdzek\u013cu \u012bpa\u0161niekiem<\/h1>\t\t<\/div>\n\t\t\t\t<\/div>\n\t\t\t\t\t<\/div>\n\t\t<\/div>\n\t\t\t\t\t\t\t<\/div>\n\t\t<\/section>\n\t\t\t\t<section class=\"elementor-section elementor-top-section elementor-element elementor-element-76db789a elementor-section-boxed elementor-section-height-default elementor-section-height-default\" data-id=\"76db789a\" data-element_type=\"section\" data-settings=\"{&quot;background_background&quot;:&quot;classic&quot;}\">\n\t\t\t\t\t\t<div class=\"elementor-container elementor-column-gap-default\">\n\t\t\t\t\t<div class=\"elementor-column elementor-col-100 elementor-top-column elementor-element elementor-element-5be0f583\" data-id=\"5be0f583\" data-element_type=\"column\">\n\t\t\t<div class=\"elementor-widget-wrap elementor-element-populated\">\n\t\t\t\t\t\t\t\t<section class=\"elementor-section elementor-inner-section elementor-element elementor-element-41a0c53 entry-content elementor-section-boxed elementor-section-height-default elementor-section-height-default\" data-id=\"41a0c53\" data-element_type=\"section\" data-settings=\"{&quot;background_background&quot;:&quot;classic&quot;}\">\n\t\t\t\t\t\t<div class=\"elementor-container elementor-column-gap-default\">\n\t\t\t\t\t<div class=\"elementor-column elementor-col-50 elementor-inner-column elementor-element elementor-element-732d823c\" data-id=\"732d823c\" data-element_type=\"column\">\n\t\t\t<div class=\"elementor-widget-wrap elementor-element-populated\">\n\t\t\t\t\t\t\t\t<div class=\"elementor-element elementor-element-73fc0214 elementor-widget elementor-widget-heading\" data-id=\"73fc0214\" data-element_type=\"widget\" data-widget_type=\"heading.default\">\n\t\t\t\t<div class=\"elementor-widget-container\">\n\t\t\t<h2 class=\"elementor-heading-title elementor-size-default\">Eiropas par\u0101du piedzi\u0146a<\/h2>\t\t<\/div>\n\t\t\t\t<\/div>\n\t\t\t\t<div class=\"elementor-element elementor-element-b132dcd elementor-widget elementor-widget-text-editor\" data-id=\"b132dcd\" data-element_type=\"widget\" data-widget_type=\"text-editor.default\">\n\t\t\t\t<div class=\"elementor-widget-container\">\n\t\t\t\t\t\t\t<p>Ce\u013cu lietot\u0101ju maksas iekas\u0113\u0161anas ideja ir iekas\u0113t maksu no cilv\u0113kiem, kuri izmanto \u012bpa\u0161us tiltus, \u0161osejas, ce\u013cu t\u012bklus vai autost\u0101vvietas.<\/p>\n<p>Diem\u017e\u0113l neliela da\u013ca cilv\u0113ku (maz\u0101k nek\u0101 0,5 % no visiem klientiem) laikus nenomaks\u0101 ce\u013ca lieto\u0161anas maksas vai atg\u0101din\u0101jumus.<\/p>\n<p>Tas b\u016btu taisn\u012bgi pret liel\u0101ko cilv\u0113ku da\u013cu, kuri maks\u0101 savlaic\u012bgi, ka m\u0113s iekas\u0113jam \u0161o par\u0101du no tiem, kuri past\u0101v\u012bgi nemaks\u0101.<\/p>\n<p>Ja transportl\u012bdzek\u013ca \u012bpa\u0161nieks joproj\u0101m nav samaks\u0101jis noteiktaj\u0101 termi\u0146\u0101, par\u0101ds tiek nodots m\u016bsu ieceltajam par\u0101da piedzi\u0146as partnerim, kur\u0161 r\u012bkosies, lai atg\u016btu par\u0101du.<\/p>\n<p>Izmaksas ikvienam, kur\u0161 nav samaks\u0101jis laik\u0101, var iev\u0113rojami pieaugt. L\u016bdzu, \u0146emiet v\u0113r\u0101, ka par\u0101du \u0161aj\u0101 posm\u0101 apstr\u0101d\u0101 m\u016bsu partneru a\u0123ent\u016bra un ka ikvienam, kur\u0161 sa\u0146em izpildes pazi\u0146ojumu pa pastu, b\u016bs j\u0101samaks\u0101 par\u0101ds.<\/p>\n<p>Epass24 ir iec\u0113lis par\u0101du piedzi\u0146as partnerus vis\u0101s Eiropas valst\u012bs, lai vi\u0146i r\u012bkotos ce\u013cu nodevu operatoru v\u0101rd\u0101.<\/p>\n\t\t\t\t\t\t<\/div>\n\t\t\t\t<\/div>\n\t\t\t\t\t<\/div>\n\t\t<\/div>\n\t\t\t\t<div class=\"elementor-column elementor-col-50 elementor-inner-column elementor-element elementor-element-34760ff\" data-id=\"34760ff\" data-element_type=\"column\">\n\t\t\t<div class=\"elementor-widget-wrap elementor-element-populated\">\n\t\t\t\t\t\t\t\t<div class=\"elementor-element elementor-element-022cf7f elementor-widget elementor-widget-image\" data-id=\"022cf7f\" data-element_type=\"widget\" data-widget_type=\"image.default\">\n\t\t\t\t<div class=\"elementor-widget-container\">\n\t\t\t\t\t\t\t\t\t\t\t\t\t\t\t<img width=\"868\" height=\"748\" src=\"\/wp-content\/uploads\/map.png\" class=\"attachment-large size-large wp-image-1949\" alt=\"\" loading=\"lazy\" srcset=\"\/wp-content\/uploads\/map.png 868w, \/wp-content\/uploads\/map-300x259.png 300w, \/wp-content\/uploads\/map-768x662.png 768w\" sizes=\"(max-width: 868px) 100vw, 868px\" \/>\t\t\t\t\t\t\t\t\t\t\t\t\t\t\t<\/div>\n\t\t\t\t<\/div>\n\t\t\t\t\t<\/div>\n\t\t<\/div>\n\t\t\t\t\t\t\t<\/div>\n\t\t<\/section>\n\t\t\t\t\t<\/div>\n\t\t<\/div>\n\t\t\t\t\t\t\t<\/div>\n\t\t<\/section>\n\t\t\t\t\t\t\t<\/div>\n\t\t","protected":false},"excerpt":{"rendered":"<p>Vienl\u012bdz\u012bga attieksme pret visiem transportl\u012bdzek\u013cu \u012bpa\u0161niekiem Eiropas par\u0101du piedzi\u0146a Ce\u013cu lietot\u0101ju maksas iekas\u0113\u0161anas ideja ir iekas\u0113t maksu no cilv\u0113kiem, kuri izmanto \u012bpa\u0161us tiltus, \u0161osejas, ce\u013cu t\u012bklus vai autost\u0101vvietas. Diem\u017e\u0113l neliela da\u013ca cilv\u0113ku (maz\u0101k nek\u0101 0,5 % no visiem klientiem) laikus nenomaks\u0101 ce\u013ca lieto\u0161anas maksas vai atg\u0101din\u0101jumus. Tas b\u016btu taisn\u012bgi pret liel\u0101ko cilv\u0113ku da\u013cu, kuri maks\u0101 [&hellip;]<\/p>\n","protected":false},"author":1,"featured_media":0,"parent":0,"menu_order":0,"comment_status":"closed","ping_status":"closed","template":"","meta":{"inline_featured_image":false},"acf":[],"_links":{"self":[{"href":"https:\/\/wordpress-epass24-test.azurewebsites.net\/lv\/wp-json\/wp\/v2\/pages\/2517"}],"collection":[{"href":"https:\/\/wordpress-epass24-test.azurewebsites.net\/lv\/wp-json\/wp\/v2\/pages"}],"about":[{"href":"https:\/\/wordpress-epass24-test.azurewebsites.net\/lv\/wp-json\/wp\/v2\/types\/page"}],"author":[{"embeddable":true,"href":"https:\/\/wordpress-epass24-test.azurewebsites.net\/lv\/wp-json\/wp\/v2\/users\/1"}],"replies":[{"embeddable":true,"href":"https:\/\/wordpress-epass24-test.azurewebsites.net\/lv\/wp-json\/wp\/v2\/comments?post=2517"}],"version-history":[{"count":1,"href":"https:\/\/wordpress-epass24-test.azurewebsites.net\/lv\/wp-json\/wp\/v2\/pages\/2517\/revisions"}],"predecessor-version":[{"id":2518,"href":"https:\/\/wordpress-epass24-test.azurewebsites.net\/lv\/wp-json\/wp\/v2\/pages\/2517\/revisions\/2518"}],"wp:attachment":[{"href":"https:\/\/wordpress-epass24-test.azurewebsites.net\/lv\/wp-json\/wp\/v2\/media?parent=2517"}],"curies":[{"name":"wp","href":"https:\/\/api.w.org\/{rel}","templated":true}]}}