{"id":2531,"date":"2021-04-23T10:37:07","date_gmt":"2021-04-23T10:37:07","guid":{"rendered":"http:\/\/epass24.uncleserj.com\/skolu-isieskojimas-europoje\/"},"modified":"2021-04-28T12:53:51","modified_gmt":"2021-04-28T12:53:51","slug":"skolu-isieskojimas-europoje","status":"publish","type":"page","link":"https:\/\/wordpress-epass24-test.azurewebsites.net\/lt\/skolu-isieskojimas-europoje\/","title":{"rendered":"Skol\u0173 i\u0161ie\u0161kojimas Europoje"},"content":{"rendered":"\t\t<div data-elementor-type=\"wp-page\" data-elementor-id=\"2531\" class=\"elementor elementor-2531 elementor-869\">\n\t\t\t\t\t\t\t\t\t<section class=\"elementor-section elementor-top-section elementor-element elementor-element-38b7d139 elementor-section-content-middle elementor-section-boxed elementor-section-height-default elementor-section-height-default\" data-id=\"38b7d139\" data-element_type=\"section\" id=\"hero\" data-settings=\"{&quot;background_background&quot;:&quot;classic&quot;}\">\n\t\t\t\t\t\t<div class=\"elementor-container elementor-column-gap-default\">\n\t\t\t\t\t<div class=\"elementor-column elementor-col-100 elementor-top-column elementor-element elementor-element-761cd94f hero-wrapper\" data-id=\"761cd94f\" data-element_type=\"column\">\n\t\t\t<div class=\"elementor-widget-wrap elementor-element-populated\">\n\t\t\t\t\t\t\t\t<div class=\"elementor-element elementor-element-7b26849d elementor-widget elementor-widget-heading\" data-id=\"7b26849d\" data-element_type=\"widget\" data-widget_type=\"heading.default\">\n\t\t\t\t<div class=\"elementor-widget-container\">\n\t\t\t<h1 class=\"elementor-heading-title elementor-size-default\">Vienodas po\u017ei\u016bris \u012f visus transporto priemoni\u0173 savininkus<\/h1>\t\t<\/div>\n\t\t\t\t<\/div>\n\t\t\t\t\t<\/div>\n\t\t<\/div>\n\t\t\t\t\t\t\t<\/div>\n\t\t<\/section>\n\t\t\t\t<section class=\"elementor-section elementor-top-section elementor-element elementor-element-76db789a elementor-section-boxed elementor-section-height-default elementor-section-height-default\" data-id=\"76db789a\" data-element_type=\"section\" data-settings=\"{&quot;background_background&quot;:&quot;classic&quot;}\">\n\t\t\t\t\t\t<div class=\"elementor-container elementor-column-gap-default\">\n\t\t\t\t\t<div class=\"elementor-column elementor-col-100 elementor-top-column elementor-element elementor-element-5be0f583\" data-id=\"5be0f583\" data-element_type=\"column\">\n\t\t\t<div class=\"elementor-widget-wrap elementor-element-populated\">\n\t\t\t\t\t\t\t\t<section class=\"elementor-section elementor-inner-section elementor-element elementor-element-41a0c53 entry-content elementor-section-boxed elementor-section-height-default elementor-section-height-default\" data-id=\"41a0c53\" data-element_type=\"section\" data-settings=\"{&quot;background_background&quot;:&quot;classic&quot;}\">\n\t\t\t\t\t\t<div class=\"elementor-container elementor-column-gap-default\">\n\t\t\t\t\t<div class=\"elementor-column elementor-col-50 elementor-inner-column elementor-element elementor-element-732d823c\" data-id=\"732d823c\" data-element_type=\"column\">\n\t\t\t<div class=\"elementor-widget-wrap elementor-element-populated\">\n\t\t\t\t\t\t\t\t<div class=\"elementor-element elementor-element-73fc0214 elementor-widget elementor-widget-heading\" data-id=\"73fc0214\" data-element_type=\"widget\" data-widget_type=\"heading.default\">\n\t\t\t\t<div class=\"elementor-widget-container\">\n\t\t\t<h2 class=\"elementor-heading-title elementor-size-default\">Skol\u0173 i\u0161ie\u0161kojimas Europoje<\/h2>\t\t<\/div>\n\t\t\t\t<\/div>\n\t\t\t\t<div class=\"elementor-element elementor-element-b132dcd elementor-widget elementor-widget-text-editor\" data-id=\"b132dcd\" data-element_type=\"widget\" data-widget_type=\"text-editor.default\">\n\t\t\t\t<div class=\"elementor-widget-container\">\n\t\t\t\t\t\t\t<p>Keli\u0173 naudotojo mokes\u010diais apmokestinami \u017emon\u0117s, kurie naudojasi konkre\u010diais tiltais, greitkeliais, keli\u0173 tinklais ir automobili\u0173 stov\u0117jimo aik\u0161tel\u0117mis.<\/p>\n<p>Deja, nedidel\u0117 \u017emoni\u0173 dalis, ma\u017eiau nei 0,5% vis\u0173 klient\u0173, laiku nesumoka keli\u0173 naudotojo mokes\u010di\u0173 net gav\u0119 priminim\u0105.<\/p>\n<p>Daugumos \u017emoni\u0173, kurie laiku sumoka mokes\u010dius, at\u017evilgiu yra teisinga i\u0161ie\u0161koti skolas i\u0161 t\u0173, kurie piktybi\u0161kai j\u0173 nemoka.<\/p>\n<p>Jei transporto priemon\u0117s savininkas nesumoka mokes\u010dio iki nustatytos datos, skola perduodama m\u016bs\u0173 skol\u0173 i\u0161ie\u0161kojimo partneriui, kuris imasi veiksm\u0173 skolai i\u0161ie\u0161koti.<\/p>\n<p>Nesumok\u0117jus mokes\u010dio laiku, i\u0161laidos gali \u017eymiai padid\u0117ti. Atkreipkite d\u0117mes\u012f, kad skol\u0105 \u0161iame etape tvarko m\u016bs\u0173 partneris, tod\u0117l gav\u0119 prane\u0161im\u0105 apie skolos i\u0161ie\u0161kojim\u0105 tur\u0117site j\u0105 sumok\u0117ti m\u016bs\u0173 partneriui.<\/p>\n<p>\u201eEpass24\u201c visose Europos \u0161alyse turi skol\u0173 i\u0161ie\u0161kojimo partneri\u0173, kurie veikia keli\u0173 mokes\u010di\u0173 operatori\u0173 vardu.<\/p>\n<p>Jei gavote prane\u0161im\u0105 i\u0161 kurio nors i\u0161 m\u016bs\u0173 partneri\u0173 ir turite klausim\u0173, susisiekite su juo.<\/p>\n\t\t\t\t\t\t<\/div>\n\t\t\t\t<\/div>\n\t\t\t\t\t<\/div>\n\t\t<\/div>\n\t\t\t\t<div class=\"elementor-column elementor-col-50 elementor-inner-column elementor-element elementor-element-34760ff\" data-id=\"34760ff\" data-element_type=\"column\">\n\t\t\t<div class=\"elementor-widget-wrap elementor-element-populated\">\n\t\t\t\t\t\t\t\t<div class=\"elementor-element elementor-element-022cf7f elementor-widget elementor-widget-image\" data-id=\"022cf7f\" data-element_type=\"widget\" data-widget_type=\"image.default\">\n\t\t\t\t<div class=\"elementor-widget-container\">\n\t\t\t\t\t\t\t\t\t\t\t\t\t\t\t<img width=\"868\" height=\"748\" src=\"\/wp-content\/uploads\/map.png\" class=\"attachment-large size-large wp-image-1949\" alt=\"\" loading=\"lazy\" srcset=\"\/wp-content\/uploads\/map.png 868w, \/wp-content\/uploads\/map-300x259.png 300w, \/wp-content\/uploads\/map-768x662.png 768w\" sizes=\"(max-width: 868px) 100vw, 868px\" \/>\t\t\t\t\t\t\t\t\t\t\t\t\t\t\t<\/div>\n\t\t\t\t<\/div>\n\t\t\t\t\t<\/div>\n\t\t<\/div>\n\t\t\t\t\t\t\t<\/div>\n\t\t<\/section>\n\t\t\t\t\t<\/div>\n\t\t<\/div>\n\t\t\t\t\t\t\t<\/div>\n\t\t<\/section>\n\t\t\t\t\t\t\t<\/div>\n\t\t","protected":false},"excerpt":{"rendered":"<p>Vienodas po\u017ei\u016bris \u012f visus transporto priemoni\u0173 savininkus Skol\u0173 i\u0161ie\u0161kojimas Europoje Keli\u0173 naudotojo mokes\u010diais apmokestinami \u017emon\u0117s, kurie naudojasi konkre\u010diais tiltais, greitkeliais, keli\u0173 tinklais ir automobili\u0173 stov\u0117jimo aik\u0161tel\u0117mis. Deja, nedidel\u0117 \u017emoni\u0173 dalis, ma\u017eiau nei 0,5% vis\u0173 klient\u0173, laiku nesumoka keli\u0173 naudotojo mokes\u010di\u0173 net gav\u0119 priminim\u0105. Daugumos \u017emoni\u0173, kurie laiku sumoka mokes\u010dius, at\u017evilgiu yra teisinga i\u0161ie\u0161koti skolas i\u0161 [&hellip;]<\/p>\n","protected":false},"author":1,"featured_media":0,"parent":0,"menu_order":0,"comment_status":"closed","ping_status":"closed","template":"","meta":{"inline_featured_image":false},"acf":[],"_links":{"self":[{"href":"https:\/\/wordpress-epass24-test.azurewebsites.net\/lt\/wp-json\/wp\/v2\/pages\/2531"}],"collection":[{"href":"https:\/\/wordpress-epass24-test.azurewebsites.net\/lt\/wp-json\/wp\/v2\/pages"}],"about":[{"href":"https:\/\/wordpress-epass24-test.azurewebsites.net\/lt\/wp-json\/wp\/v2\/types\/page"}],"author":[{"embeddable":true,"href":"https:\/\/wordpress-epass24-test.azurewebsites.net\/lt\/wp-json\/wp\/v2\/users\/1"}],"replies":[{"embeddable":true,"href":"https:\/\/wordpress-epass24-test.azurewebsites.net\/lt\/wp-json\/wp\/v2\/comments?post=2531"}],"version-history":[{"count":1,"href":"https:\/\/wordpress-epass24-test.azurewebsites.net\/lt\/wp-json\/wp\/v2\/pages\/2531\/revisions"}],"predecessor-version":[{"id":2532,"href":"https:\/\/wordpress-epass24-test.azurewebsites.net\/lt\/wp-json\/wp\/v2\/pages\/2531\/revisions\/2532"}],"wp:attachment":[{"href":"https:\/\/wordpress-epass24-test.azurewebsites.net\/lt\/wp-json\/wp\/v2\/media?parent=2531"}],"curies":[{"name":"wp","href":"https:\/\/api.w.org\/{rel}","templated":true}]}}