{"id":2576,"date":"2021-04-27T07:48:45","date_gmt":"2021-04-27T07:48:45","guid":{"rendered":"http:\/\/epass24.uncleserj.com\/a-propos-de-nous\/"},"modified":"2022-10-17T15:55:55","modified_gmt":"2022-10-17T15:55:55","slug":"a-propos-de-nous","status":"publish","type":"page","link":"https:\/\/wordpress-epass24-test.azurewebsites.net\/fr\/a-propos-de-nous\/","title":{"rendered":"A propos de nous"},"content":{"rendered":"\t\t<div data-elementor-type=\"wp-page\" data-elementor-id=\"2576\" class=\"elementor elementor-2576 elementor-597\">\n\t\t\t\t\t\t\t\t\t<section class=\"elementor-section elementor-top-section elementor-element elementor-element-1323e51b elementor-section-content-middle elementor-section-boxed elementor-section-height-default elementor-section-height-default\" data-id=\"1323e51b\" data-element_type=\"section\" id=\"hero\" data-settings=\"{&quot;background_background&quot;:&quot;classic&quot;}\">\n\t\t\t\t\t\t<div class=\"elementor-container elementor-column-gap-default\">\n\t\t\t\t\t<div class=\"elementor-column elementor-col-100 elementor-top-column elementor-element elementor-element-76238f3f hero-wrapper\" data-id=\"76238f3f\" data-element_type=\"column\">\n\t\t\t<div class=\"elementor-widget-wrap elementor-element-populated\">\n\t\t\t\t\t\t\t\t<div class=\"elementor-element elementor-element-c191445 elementor-widget elementor-widget-heading\" data-id=\"c191445\" data-element_type=\"widget\" data-widget_type=\"heading.default\">\n\t\t\t\t<div class=\"elementor-widget-container\">\n\t\t\t<h1 class=\"elementor-heading-title elementor-size-xl\">Epass24 est une soci\u00e9t\u00e9 technologique su\u00e9doise qui travaille pour le compte d\u2019op\u00e9rateurs priv\u00e9s et publiques<\/h1>\t\t<\/div>\n\t\t\t\t<\/div>\n\t\t\t\t\t<\/div>\n\t\t<\/div>\n\t\t\t\t\t\t\t<\/div>\n\t\t<\/section>\n\t\t\t\t<section class=\"elementor-section elementor-top-section elementor-element elementor-element-47658c1 elementor-section-boxed elementor-section-height-default elementor-section-height-default\" data-id=\"47658c1\" data-element_type=\"section\" data-settings=\"{&quot;background_background&quot;:&quot;classic&quot;}\">\n\t\t\t\t\t\t<div class=\"elementor-container elementor-column-gap-default\">\n\t\t\t\t\t<div class=\"elementor-column elementor-col-100 elementor-top-column elementor-element elementor-element-5fe55265\" data-id=\"5fe55265\" data-element_type=\"column\">\n\t\t\t<div class=\"elementor-widget-wrap elementor-element-populated\">\n\t\t\t\t\t\t\t\t<section class=\"elementor-section elementor-inner-section elementor-element elementor-element-62ab8fdb entry-content elementor-section-boxed elementor-section-height-default elementor-section-height-default\" data-id=\"62ab8fdb\" data-element_type=\"section\" data-settings=\"{&quot;background_background&quot;:&quot;classic&quot;}\">\n\t\t\t\t\t\t<div class=\"elementor-container elementor-column-gap-default\">\n\t\t\t\t\t<div class=\"elementor-column elementor-col-50 elementor-inner-column elementor-element elementor-element-1907f94f\" data-id=\"1907f94f\" data-element_type=\"column\">\n\t\t\t<div class=\"elementor-widget-wrap elementor-element-populated\">\n\t\t\t\t\t\t\t\t<div class=\"elementor-element elementor-element-b9dff67 elementor-widget elementor-widget-text-editor\" data-id=\"b9dff67\" data-element_type=\"widget\" data-widget_type=\"text-editor.default\">\n\t\t\t\t<div class=\"elementor-widget-container\">\n\t\t\t\t\t\t\t<blockquote><p><b>\u00c0 propos d\u2019Epass24<\/b><\/p><\/blockquote>\n<p>Epass24 a \u00e9t\u00e9 cr\u00e9\u00e9 en 2015 en \u00e9troite collaboration avec la Direction su\u00e9doise des transports. L\u2019objectif \u00e9tait de faciliter le paiement des redevances routi\u00e8res su\u00e9doises (taxe d\u2019encombrement et taxe d\u2019infrastructure) des conducteurs non-su\u00e9dois.<\/p>\n<p>Aujourd\u2019hui la plateforme est utilis\u00e9e par plusieurs op\u00e9rateurs de p\u00e9ages europ\u00e9ens, priv\u00e9s et publiques, et g\u00e8re tous les types de redevances routi\u00e8res.<\/p>\n<p>Plus de 400 000 v\u00e9hicules sont enregistr\u00e9s pour le paiement automatique, et la plateforme g\u00e8re plus de 24 millions de passages par an.<\/p>\n<p>Le syst\u00e8me est certifi\u00e9 selon ISO 27001 et ISO 9001, et con\u00e7u conform\u00e9ment \u00e0 la l\u00e9gislation en vigueur telle que le RGDP (R\u00e8glement g\u00e9n\u00e9ral sur la protection des donn\u00e9es 2016\/679).<\/p>\n<p>Epass24 est la propri\u00e9t\u00e9 de ParkTrade Europe AB.<\/p>\n<p>Epass24<br \/>\n<span style=\"color: var( --e-global-color-text );\">ParkTrade Europe AB<br \/>\n<\/span><span style=\"color: var( --e-global-color-text );\">Sturegatan 16<br \/>\n<\/span><span style=\"color: var( --e-global-color-text );\">114 36 Stockholm<br \/>\n<\/span><span style=\"color: var( --e-global-color-text );\">Su\u00e8de<\/span><\/p>\n<p>ParkTrade Europe AB est une entreprise su\u00e9doise avec le num\u00e9ro d\u2019enregistrement 5566730551.<\/p>\n<p>&nbsp;<\/p>\n\t\t\t\t\t\t<\/div>\n\t\t\t\t<\/div>\n\t\t\t\t\t<\/div>\n\t\t<\/div>\n\t\t\t\t<div class=\"elementor-column elementor-col-50 elementor-inner-column elementor-element elementor-element-bca3b9a\" data-id=\"bca3b9a\" data-element_type=\"column\">\n\t\t\t<div class=\"elementor-widget-wrap elementor-element-populated\">\n\t\t\t\t\t\t\t\t<div class=\"elementor-element elementor-element-3b092aa elementor-widget elementor-widget-heading\" data-id=\"3b092aa\" data-element_type=\"widget\" data-widget_type=\"heading.default\">\n\t\t\t\t<div class=\"elementor-widget-container\">\n\t\t\t<h5 class=\"elementor-heading-title elementor-size-default\">Plus de 400 000 v\u00e9hicules sont d\u00e9j\u00e0 connect\u00e9s<\/h5>\t\t<\/div>\n\t\t\t\t<\/div>\n\t\t\t\t<div class=\"elementor-element elementor-element-48af9ad elementor-widget elementor-widget-shortcode\" data-id=\"48af9ad\" data-element_type=\"widget\" data-widget_type=\"shortcode.default\">\n\t\t\t\t<div class=\"elementor-widget-container\">\n\t\t\t\t\t<div class=\"elementor-shortcode\">\t<div id=\"animation_container\" style=\"background-color:rgba(255, 255, 255, 1.00); width:530px; height:610px;max-width:100%;margin: 0 auto;transform: translateX(30px);\">\r\n\t\t<canvas id=\"canvas\" width=\"530\" height=\"610\" style=\"position: absolute; display: block; background-color:rgba(255, 255, 255, 1.00);max-width:100%\"><\/canvas>\r\n\t\t<div id=\"dom_overlay_container\" style=\"pointer-events:none; overflow:hidden; width:530px; height:610px; position: absolute; left: 0px; top: 0px; display: block;max-width:100%\">\r\n\t\t<\/div>\r\n\t<\/div>\r\n    <\/div>\n\t\t\t\t<\/div>\n\t\t\t\t<\/div>\n\t\t\t\t\t<\/div>\n\t\t<\/div>\n\t\t\t\t\t\t\t<\/div>\n\t\t<\/section>\n\t\t\t\t\t<\/div>\n\t\t<\/div>\n\t\t\t\t\t\t\t<\/div>\n\t\t<\/section>\n\t\t\t\t\t\t\t<\/div>\n\t\t","protected":false},"excerpt":{"rendered":"<p>Epass24 est une soci\u00e9t\u00e9 technologique su\u00e9doise qui travaille pour le compte d\u2019op\u00e9rateurs priv\u00e9s et publiques \u00c0 propos d\u2019Epass24 Epass24 a \u00e9t\u00e9 cr\u00e9\u00e9 en 2015 en \u00e9troite collaboration avec la Direction su\u00e9doise des transports. L\u2019objectif \u00e9tait de faciliter le paiement des redevances routi\u00e8res su\u00e9doises (taxe d\u2019encombrement et taxe d\u2019infrastructure) des conducteurs non-su\u00e9dois. Aujourd\u2019hui la plateforme est [&hellip;]<\/p>\n","protected":false},"author":1,"featured_media":0,"parent":0,"menu_order":0,"comment_status":"closed","ping_status":"closed","template":"","meta":{"inline_featured_image":false},"acf":[],"_links":{"self":[{"href":"https:\/\/wordpress-epass24-test.azurewebsites.net\/fr\/wp-json\/wp\/v2\/pages\/2576"}],"collection":[{"href":"https:\/\/wordpress-epass24-test.azurewebsites.net\/fr\/wp-json\/wp\/v2\/pages"}],"about":[{"href":"https:\/\/wordpress-epass24-test.azurewebsites.net\/fr\/wp-json\/wp\/v2\/types\/page"}],"author":[{"embeddable":true,"href":"https:\/\/wordpress-epass24-test.azurewebsites.net\/fr\/wp-json\/wp\/v2\/users\/1"}],"replies":[{"embeddable":true,"href":"https:\/\/wordpress-epass24-test.azurewebsites.net\/fr\/wp-json\/wp\/v2\/comments?post=2576"}],"version-history":[{"count":2,"href":"https:\/\/wordpress-epass24-test.azurewebsites.net\/fr\/wp-json\/wp\/v2\/pages\/2576\/revisions"}],"predecessor-version":[{"id":5192,"href":"https:\/\/wordpress-epass24-test.azurewebsites.net\/fr\/wp-json\/wp\/v2\/pages\/2576\/revisions\/5192"}],"wp:attachment":[{"href":"https:\/\/wordpress-epass24-test.azurewebsites.net\/fr\/wp-json\/wp\/v2\/media?parent=2576"}],"curies":[{"name":"wp","href":"https:\/\/api.w.org\/{rel}","templated":true}]}}