{"id":2452,"date":"2021-04-22T09:18:05","date_gmt":"2021-04-22T09:18:05","guid":{"rendered":"http:\/\/epass24.uncleserj.com\/debt-collection\/"},"modified":"2021-04-28T13:01:15","modified_gmt":"2021-04-28T13:01:15","slug":"debt-collection","status":"publish","type":"page","link":"https:\/\/wordpress-epass24-test.azurewebsites.net\/et\/debt-collection\/","title":{"rendered":"Debt Collection"},"content":{"rendered":"\t\t<div data-elementor-type=\"wp-page\" data-elementor-id=\"2452\" class=\"elementor elementor-2452 elementor-869\">\n\t\t\t\t\t\t\t\t\t<section class=\"elementor-section elementor-top-section elementor-element elementor-element-38b7d139 elementor-section-content-middle elementor-section-boxed elementor-section-height-default elementor-section-height-default\" data-id=\"38b7d139\" data-element_type=\"section\" id=\"hero\" data-settings=\"{&quot;background_background&quot;:&quot;classic&quot;}\">\n\t\t\t\t\t\t<div class=\"elementor-container elementor-column-gap-default\">\n\t\t\t\t\t<div class=\"elementor-column elementor-col-100 elementor-top-column elementor-element elementor-element-761cd94f hero-wrapper\" data-id=\"761cd94f\" data-element_type=\"column\">\n\t\t\t<div class=\"elementor-widget-wrap elementor-element-populated\">\n\t\t\t\t\t\t\t\t<div class=\"elementor-element elementor-element-7b26849d elementor-widget elementor-widget-heading\" data-id=\"7b26849d\" data-element_type=\"widget\" data-widget_type=\"heading.default\">\n\t\t\t\t<div class=\"elementor-widget-container\">\n\t\t\t<h1 class=\"elementor-heading-title elementor-size-default\">K\u00f5igi s\u00f5idukiomanike v\u00f5rdne kohtlemine<\/h1>\t\t<\/div>\n\t\t\t\t<\/div>\n\t\t\t\t\t<\/div>\n\t\t<\/div>\n\t\t\t\t\t\t\t<\/div>\n\t\t<\/section>\n\t\t\t\t<section class=\"elementor-section elementor-top-section elementor-element elementor-element-76db789a elementor-section-boxed elementor-section-height-default elementor-section-height-default\" data-id=\"76db789a\" data-element_type=\"section\" data-settings=\"{&quot;background_background&quot;:&quot;classic&quot;}\">\n\t\t\t\t\t\t<div class=\"elementor-container elementor-column-gap-default\">\n\t\t\t\t\t<div class=\"elementor-column elementor-col-100 elementor-top-column elementor-element elementor-element-5be0f583\" data-id=\"5be0f583\" data-element_type=\"column\">\n\t\t\t<div class=\"elementor-widget-wrap elementor-element-populated\">\n\t\t\t\t\t\t\t\t<section class=\"elementor-section elementor-inner-section elementor-element elementor-element-41a0c53 entry-content elementor-section-boxed elementor-section-height-default elementor-section-height-default\" data-id=\"41a0c53\" data-element_type=\"section\" data-settings=\"{&quot;background_background&quot;:&quot;classic&quot;}\">\n\t\t\t\t\t\t<div class=\"elementor-container elementor-column-gap-default\">\n\t\t\t\t\t<div class=\"elementor-column elementor-col-50 elementor-inner-column elementor-element elementor-element-732d823c\" data-id=\"732d823c\" data-element_type=\"column\">\n\t\t\t<div class=\"elementor-widget-wrap elementor-element-populated\">\n\t\t\t\t\t\t\t\t<div class=\"elementor-element elementor-element-73fc0214 elementor-widget elementor-widget-heading\" data-id=\"73fc0214\" data-element_type=\"widget\" data-widget_type=\"heading.default\">\n\t\t\t\t<div class=\"elementor-widget-container\">\n\t\t\t<h2 class=\"elementor-heading-title elementor-size-default\">V\u00f5lgade sissen\u00f5udmine Euroopas<\/h2>\t\t<\/div>\n\t\t\t\t<\/div>\n\t\t\t\t<div class=\"elementor-element elementor-element-b132dcd elementor-widget elementor-widget-text-editor\" data-id=\"b132dcd\" data-element_type=\"widget\" data-widget_type=\"text-editor.default\">\n\t\t\t\t<div class=\"elementor-widget-container\">\n\t\t\t\t\t\t\t<p>Teekasutajate maksustamise p\u00f5him\u00f5te on maksustada inimesi, kes kasutavad konkreetseid sildu, maanteid, teedev\u00f5rke v\u00f5i parkimiskohti.<\/p>\n<p>Kahjuks ei tasu v\u00e4ike osa inimesi, v\u00e4hem kui 0,5% k\u00f5igist klientidest, oma teekasutusmakse \u00f5igeaegselt, seda ka p\u00e4rast meeldetuletusi.<\/p>\n<p>V\u00f5lgade sissen\u00f5udmine nendelt, kes p\u00fcsivalt ei maksa, on ainult \u00f5iglane suurema osa inimeste suhtes, kes maksavad \u00f5igeaegselt.<\/p>\n<p>Kui s\u00f5iduki omanik ei ole t\u00e4htajaks ikka veel tasunud, antakse v\u00f5lgnevus \u00fcle meie m\u00e4\u00e4ratud v\u00f5lgade sissen\u00f5udmise partnerile.<\/p>\n<p>Kulud v\u00f5ivad oluliselt suureneda k\u00f5igil, kes pole \u00f5igeaegselt tasunud. Pange t\u00e4hele, et selles etapis tegeleb v\u00f5laga meie partneragentuur ja k\u00f5ik, kes saavad posti teel t\u00e4itmisteate, peavad oma v\u00f5la neile tasuma.<\/p>\n<p>Epass24 on m\u00e4\u00e4ranud k\u00f5igis Euroopa riikides v\u00f5lgade sissen\u00f5udmise partnerid, kes tegutsevad teemaksus\u00fcsteemi haldurite nimel.<\/p>\n<p>Kui olete saanud teate m\u00f5nelt meie partnerilt, siis v\u00f5tke k\u00fcsimuste korral nendega otse \u00fchendust.<\/p>\n\t\t\t\t\t\t<\/div>\n\t\t\t\t<\/div>\n\t\t\t\t\t<\/div>\n\t\t<\/div>\n\t\t\t\t<div class=\"elementor-column elementor-col-50 elementor-inner-column elementor-element elementor-element-34760ff\" data-id=\"34760ff\" data-element_type=\"column\">\n\t\t\t<div class=\"elementor-widget-wrap elementor-element-populated\">\n\t\t\t\t\t\t\t\t<div class=\"elementor-element elementor-element-022cf7f elementor-widget elementor-widget-image\" data-id=\"022cf7f\" data-element_type=\"widget\" data-widget_type=\"image.default\">\n\t\t\t\t<div class=\"elementor-widget-container\">\n\t\t\t\t\t\t\t\t\t\t\t\t\t\t\t<img width=\"868\" height=\"748\" src=\"\/wp-content\/uploads\/map.png\" class=\"attachment-large size-large wp-image-1949\" alt=\"\" loading=\"lazy\" srcset=\"\/wp-content\/uploads\/map.png 868w, \/wp-content\/uploads\/map-300x259.png 300w, \/wp-content\/uploads\/map-768x662.png 768w\" sizes=\"(max-width: 868px) 100vw, 868px\" \/>\t\t\t\t\t\t\t\t\t\t\t\t\t\t\t<\/div>\n\t\t\t\t<\/div>\n\t\t\t\t\t<\/div>\n\t\t<\/div>\n\t\t\t\t\t\t\t<\/div>\n\t\t<\/section>\n\t\t\t\t\t<\/div>\n\t\t<\/div>\n\t\t\t\t\t\t\t<\/div>\n\t\t<\/section>\n\t\t\t\t\t\t\t<\/div>\n\t\t","protected":false},"excerpt":{"rendered":"<p>K\u00f5igi s\u00f5idukiomanike v\u00f5rdne kohtlemine V\u00f5lgade sissen\u00f5udmine Euroopas Teekasutajate maksustamise p\u00f5him\u00f5te on maksustada inimesi, kes kasutavad konkreetseid sildu, maanteid, teedev\u00f5rke v\u00f5i parkimiskohti. Kahjuks ei tasu v\u00e4ike osa inimesi, v\u00e4hem kui 0,5% k\u00f5igist klientidest, oma teekasutusmakse \u00f5igeaegselt, seda ka p\u00e4rast meeldetuletusi. V\u00f5lgade sissen\u00f5udmine nendelt, kes p\u00fcsivalt ei maksa, on ainult \u00f5iglane suurema osa inimeste suhtes, kes maksavad [&hellip;]<\/p>\n","protected":false},"author":1,"featured_media":0,"parent":0,"menu_order":0,"comment_status":"closed","ping_status":"closed","template":"","meta":{"inline_featured_image":false},"acf":[],"_links":{"self":[{"href":"https:\/\/wordpress-epass24-test.azurewebsites.net\/et\/wp-json\/wp\/v2\/pages\/2452"}],"collection":[{"href":"https:\/\/wordpress-epass24-test.azurewebsites.net\/et\/wp-json\/wp\/v2\/pages"}],"about":[{"href":"https:\/\/wordpress-epass24-test.azurewebsites.net\/et\/wp-json\/wp\/v2\/types\/page"}],"author":[{"embeddable":true,"href":"https:\/\/wordpress-epass24-test.azurewebsites.net\/et\/wp-json\/wp\/v2\/users\/1"}],"replies":[{"embeddable":true,"href":"https:\/\/wordpress-epass24-test.azurewebsites.net\/et\/wp-json\/wp\/v2\/comments?post=2452"}],"version-history":[{"count":1,"href":"https:\/\/wordpress-epass24-test.azurewebsites.net\/et\/wp-json\/wp\/v2\/pages\/2452\/revisions"}],"predecessor-version":[{"id":2453,"href":"https:\/\/wordpress-epass24-test.azurewebsites.net\/et\/wp-json\/wp\/v2\/pages\/2452\/revisions\/2453"}],"wp:attachment":[{"href":"https:\/\/wordpress-epass24-test.azurewebsites.net\/et\/wp-json\/wp\/v2\/media?parent=2452"}],"curies":[{"name":"wp","href":"https:\/\/api.w.org\/{rel}","templated":true}]}}