{"id":2705,"date":"2021-04-28T22:22:02","date_gmt":"2021-04-28T22:22:02","guid":{"rendered":"http:\/\/epass24.uncleserj.com\/about\/"},"modified":"2022-10-17T16:00:58","modified_gmt":"2022-10-17T16:00:58","slug":"about","status":"publish","type":"page","link":"https:\/\/wordpress-epass24-test.azurewebsites.net\/es\/about\/","title":{"rendered":"Acerca De"},"content":{"rendered":"\t\t<div data-elementor-type=\"wp-page\" data-elementor-id=\"2705\" class=\"elementor elementor-2705 elementor-597\">\n\t\t\t\t\t\t\t\t\t<section class=\"elementor-section elementor-top-section elementor-element elementor-element-1323e51b elementor-section-content-middle elementor-section-boxed elementor-section-height-default elementor-section-height-default\" data-id=\"1323e51b\" data-element_type=\"section\" id=\"hero\" data-settings=\"{&quot;background_background&quot;:&quot;classic&quot;}\">\n\t\t\t\t\t\t<div class=\"elementor-container elementor-column-gap-default\">\n\t\t\t\t\t<div class=\"elementor-column elementor-col-100 elementor-top-column elementor-element elementor-element-76238f3f hero-wrapper\" data-id=\"76238f3f\" data-element_type=\"column\">\n\t\t\t<div class=\"elementor-widget-wrap elementor-element-populated\">\n\t\t\t\t\t\t\t\t<div class=\"elementor-element elementor-element-c191445 elementor-widget elementor-widget-heading\" data-id=\"c191445\" data-element_type=\"widget\" data-widget_type=\"heading.default\">\n\t\t\t\t<div class=\"elementor-widget-container\">\n\t\t\t<h1 class=\"elementor-heading-title elementor-size-xl\">Una empresa tecnol\u00f3gica con sede en Suecia<\/h1>\t\t<\/div>\n\t\t\t\t<\/div>\n\t\t\t\t\t<\/div>\n\t\t<\/div>\n\t\t\t\t\t\t\t<\/div>\n\t\t<\/section>\n\t\t\t\t<section class=\"elementor-section elementor-top-section elementor-element elementor-element-47658c1 elementor-section-boxed elementor-section-height-default elementor-section-height-default\" data-id=\"47658c1\" data-element_type=\"section\" data-settings=\"{&quot;background_background&quot;:&quot;classic&quot;}\">\n\t\t\t\t\t\t<div class=\"elementor-container elementor-column-gap-default\">\n\t\t\t\t\t<div class=\"elementor-column elementor-col-100 elementor-top-column elementor-element elementor-element-5fe55265\" data-id=\"5fe55265\" data-element_type=\"column\">\n\t\t\t<div class=\"elementor-widget-wrap elementor-element-populated\">\n\t\t\t\t\t\t\t\t<section class=\"elementor-section elementor-inner-section elementor-element elementor-element-62ab8fdb entry-content elementor-section-boxed elementor-section-height-default elementor-section-height-default\" data-id=\"62ab8fdb\" data-element_type=\"section\" data-settings=\"{&quot;background_background&quot;:&quot;classic&quot;}\">\n\t\t\t\t\t\t<div class=\"elementor-container elementor-column-gap-default\">\n\t\t\t\t\t<div class=\"elementor-column elementor-col-50 elementor-inner-column elementor-element elementor-element-1907f94f\" data-id=\"1907f94f\" data-element_type=\"column\">\n\t\t\t<div class=\"elementor-widget-wrap elementor-element-populated\">\n\t\t\t\t\t\t\t\t<div class=\"elementor-element elementor-element-b9dff67 elementor-widget elementor-widget-text-editor\" data-id=\"b9dff67\" data-element_type=\"widget\" data-widget_type=\"text-editor.default\">\n\t\t\t\t<div class=\"elementor-widget-container\">\n\t\t\t\t\t\t\t<blockquote><p><b>Acerca de Epass24<\/b><\/p><\/blockquote>\n<p>Epass24 empez\u00f3 a operar en 2015 en estrecha colaboraci\u00f3n con la Agencia Sueca de Transporte (operador sueco de peaje). El objetivo era facilitar el pago de los peajes suecos a los propietarios de veh\u00edculos de otros pa\u00edses.<\/p>\n<p>En la actualidad, se trata de una plataforma compartida con otros operadores que gestiona todo tipo de tasas por el uso de la v\u00eda p\u00fablica.<\/p>\n<p>Tenemos m\u00e1s de 400 000 veh\u00edculos registrados para el pago autom\u00e1tico y gestionamos al a\u00f1o m\u00e1s de 24 millones de peajes.<\/p>\n<p>El sistema est\u00e1 certificado de acuerdo con las normas ISO 9001 e ISO 27001 y cumple plenamente con la legislaci\u00f3n vigente, incluido el Reglamento General de Protecci\u00f3n de Datos 2016\/679 (\u00abRGPD\u00bb).<\/p>\n<p>Epass24 es propiedad de ParkTrade Europe AB, que se ocupa de su gesti\u00f3n. Para m\u00e1s informaci\u00f3n, visite www.parktrade.com.<\/p>\n<p>Epass24<br \/>\n<span style=\"color: var( --e-global-color-text );\">ParkTrade Europe AB<br \/>\n<\/span><span style=\"color: var( --e-global-color-text );\">Sturegatan 16<br \/>\n<\/span><span style=\"color: var( --e-global-color-text );\">114 36 Stockholm<br \/>\n<\/span><span style=\"color: var( --e-global-color-text );\">Sweden<\/span><\/p>\n<p>ParkTrade Europe AB es una entidad sueca &#8211; n\u00famero de identificaci\u00f3n 5566730551<\/p>\n<p>&nbsp;<\/p>\n\t\t\t\t\t\t<\/div>\n\t\t\t\t<\/div>\n\t\t\t\t\t<\/div>\n\t\t<\/div>\n\t\t\t\t<div class=\"elementor-column elementor-col-50 elementor-inner-column elementor-element elementor-element-bca3b9a\" data-id=\"bca3b9a\" data-element_type=\"column\">\n\t\t\t<div class=\"elementor-widget-wrap elementor-element-populated\">\n\t\t\t\t\t\t\t\t<div class=\"elementor-element elementor-element-3b092aa elementor-widget elementor-widget-heading\" data-id=\"3b092aa\" data-element_type=\"widget\" data-widget_type=\"heading.default\">\n\t\t\t\t<div class=\"elementor-widget-container\">\n\t\t\t<h5 class=\"elementor-heading-title elementor-size-default\">+ 400.000 veh\u00edculos registrados<\/h5>\t\t<\/div>\n\t\t\t\t<\/div>\n\t\t\t\t<div class=\"elementor-element elementor-element-48af9ad elementor-widget elementor-widget-shortcode\" data-id=\"48af9ad\" data-element_type=\"widget\" data-widget_type=\"shortcode.default\">\n\t\t\t\t<div class=\"elementor-widget-container\">\n\t\t\t\t\t<div class=\"elementor-shortcode\">\t<div id=\"animation_container\" style=\"background-color:rgba(255, 255, 255, 1.00); width:530px; height:610px;max-width:100%;margin: 0 auto;transform: translateX(30px);\">\r\n\t\t<canvas id=\"canvas\" width=\"530\" height=\"610\" style=\"position: absolute; display: block; background-color:rgba(255, 255, 255, 1.00);max-width:100%\"><\/canvas>\r\n\t\t<div id=\"dom_overlay_container\" style=\"pointer-events:none; overflow:hidden; width:530px; height:610px; position: absolute; left: 0px; top: 0px; display: block;max-width:100%\">\r\n\t\t<\/div>\r\n\t<\/div>\r\n    <\/div>\n\t\t\t\t<\/div>\n\t\t\t\t<\/div>\n\t\t\t\t\t<\/div>\n\t\t<\/div>\n\t\t\t\t\t\t\t<\/div>\n\t\t<\/section>\n\t\t\t\t\t<\/div>\n\t\t<\/div>\n\t\t\t\t\t\t\t<\/div>\n\t\t<\/section>\n\t\t\t\t\t\t\t<\/div>\n\t\t","protected":false},"excerpt":{"rendered":"<p>Una empresa tecnol\u00f3gica con sede en Suecia Acerca de Epass24 Epass24 empez\u00f3 a operar en 2015 en estrecha colaboraci\u00f3n con la Agencia Sueca de Transporte (operador sueco de peaje). El objetivo era facilitar el pago de los peajes suecos a los propietarios de veh\u00edculos de otros pa\u00edses. En la actualidad, se trata de una plataforma [&hellip;]<\/p>\n","protected":false},"author":1,"featured_media":0,"parent":0,"menu_order":0,"comment_status":"closed","ping_status":"closed","template":"","meta":{"inline_featured_image":false},"acf":[],"_links":{"self":[{"href":"https:\/\/wordpress-epass24-test.azurewebsites.net\/es\/wp-json\/wp\/v2\/pages\/2705"}],"collection":[{"href":"https:\/\/wordpress-epass24-test.azurewebsites.net\/es\/wp-json\/wp\/v2\/pages"}],"about":[{"href":"https:\/\/wordpress-epass24-test.azurewebsites.net\/es\/wp-json\/wp\/v2\/types\/page"}],"author":[{"embeddable":true,"href":"https:\/\/wordpress-epass24-test.azurewebsites.net\/es\/wp-json\/wp\/v2\/users\/1"}],"replies":[{"embeddable":true,"href":"https:\/\/wordpress-epass24-test.azurewebsites.net\/es\/wp-json\/wp\/v2\/comments?post=2705"}],"version-history":[{"count":4,"href":"https:\/\/wordpress-epass24-test.azurewebsites.net\/es\/wp-json\/wp\/v2\/pages\/2705\/revisions"}],"predecessor-version":[{"id":5201,"href":"https:\/\/wordpress-epass24-test.azurewebsites.net\/es\/wp-json\/wp\/v2\/pages\/2705\/revisions\/5201"}],"wp:attachment":[{"href":"https:\/\/wordpress-epass24-test.azurewebsites.net\/es\/wp-json\/wp\/v2\/media?parent=2705"}],"curies":[{"name":"wp","href":"https:\/\/api.w.org\/{rel}","templated":true}]}}