{"id":2755,"date":"2021-04-29T09:18:42","date_gmt":"2021-04-29T09:18:42","guid":{"rendered":"http:\/\/epass24.uncleserj.com\/inkasso\/"},"modified":"2021-04-29T09:18:42","modified_gmt":"2021-04-29T09:18:42","slug":"inkasso","status":"publish","type":"page","link":"https:\/\/wordpress-epass24-test.azurewebsites.net\/de\/inkasso\/","title":{"rendered":"Inkasso"},"content":{"rendered":"\t\t<div data-elementor-type=\"wp-page\" data-elementor-id=\"2755\" class=\"elementor elementor-2755 elementor-869\">\n\t\t\t\t\t\t\t\t\t<section class=\"elementor-section elementor-top-section elementor-element elementor-element-38b7d139 elementor-section-content-middle elementor-section-boxed elementor-section-height-default elementor-section-height-default\" data-id=\"38b7d139\" data-element_type=\"section\" id=\"hero\" data-settings=\"{&quot;background_background&quot;:&quot;classic&quot;}\">\n\t\t\t\t\t\t<div class=\"elementor-container elementor-column-gap-default\">\n\t\t\t\t\t<div class=\"elementor-column elementor-col-100 elementor-top-column elementor-element elementor-element-761cd94f hero-wrapper\" data-id=\"761cd94f\" data-element_type=\"column\">\n\t\t\t<div class=\"elementor-widget-wrap elementor-element-populated\">\n\t\t\t\t\t\t\t\t<div class=\"elementor-element elementor-element-7b26849d elementor-widget elementor-widget-heading\" data-id=\"7b26849d\" data-element_type=\"widget\" data-widget_type=\"heading.default\">\n\t\t\t\t<div class=\"elementor-widget-container\">\n\t\t\t<h1 class=\"elementor-heading-title elementor-size-default\">Gleichbehandlung aller Fahrzeughalter<\/h1>\t\t<\/div>\n\t\t\t\t<\/div>\n\t\t\t\t\t<\/div>\n\t\t<\/div>\n\t\t\t\t\t\t\t<\/div>\n\t\t<\/section>\n\t\t\t\t<section class=\"elementor-section elementor-top-section elementor-element elementor-element-76db789a elementor-section-boxed elementor-section-height-default elementor-section-height-default\" data-id=\"76db789a\" data-element_type=\"section\" data-settings=\"{&quot;background_background&quot;:&quot;classic&quot;}\">\n\t\t\t\t\t\t<div class=\"elementor-container elementor-column-gap-default\">\n\t\t\t\t\t<div class=\"elementor-column elementor-col-100 elementor-top-column elementor-element elementor-element-5be0f583\" data-id=\"5be0f583\" data-element_type=\"column\">\n\t\t\t<div class=\"elementor-widget-wrap elementor-element-populated\">\n\t\t\t\t\t\t\t\t<section class=\"elementor-section elementor-inner-section elementor-element elementor-element-41a0c53 entry-content elementor-section-boxed elementor-section-height-default elementor-section-height-default\" data-id=\"41a0c53\" data-element_type=\"section\" data-settings=\"{&quot;background_background&quot;:&quot;classic&quot;}\">\n\t\t\t\t\t\t<div class=\"elementor-container elementor-column-gap-default\">\n\t\t\t\t\t<div class=\"elementor-column elementor-col-50 elementor-inner-column elementor-element elementor-element-732d823c\" data-id=\"732d823c\" data-element_type=\"column\">\n\t\t\t<div class=\"elementor-widget-wrap elementor-element-populated\">\n\t\t\t\t\t\t\t\t<div class=\"elementor-element elementor-element-73fc0214 elementor-widget elementor-widget-heading\" data-id=\"73fc0214\" data-element_type=\"widget\" data-widget_type=\"heading.default\">\n\t\t\t\t<div class=\"elementor-widget-container\">\n\t\t\t<h2 class=\"elementor-heading-title elementor-size-default\">Europ\u00e4isches Inkasso<\/h2>\t\t<\/div>\n\t\t\t\t<\/div>\n\t\t\t\t<div class=\"elementor-element elementor-element-b132dcd elementor-widget elementor-widget-text-editor\" data-id=\"b132dcd\" data-element_type=\"widget\" data-widget_type=\"text-editor.default\">\n\t\t\t\t<div class=\"elementor-widget-container\">\n\t\t\t\t\t\t\t<p>Die Idee der Erhebung von Stra\u00dfenbenutzungsgeb\u00fchren ist es, die Menschen zu belasten, die bestimmte Br\u00fccken, Autobahnen, Stra\u00dfennetze oder Parkpl\u00e4tze benutzen.<\/p>\n<p>Leider zahlt eine kleine Minderheit von Menschen, weniger als 0,5 % aller Kunden, ihre Stra\u00dfenbenutzungsgeb\u00fchren oder Mahnungen nicht p\u00fcnktlich.<\/p>\n<p>Es ist gegen\u00fcber der gro\u00dfen Mehrheit der Menschen, die p\u00fcnktlich zahlen, nur fair, dass wir diese Forderungen von denen eintreiben, die beharrlich nicht zahlen.<\/p>\n<p>Wenn ein Fahrzeughalter bis zum F\u00e4lligkeitsdatum immer noch nicht bezahlt hat, wird die Forderung an unseren beauftragten Inkassopartner weitergeleitet, der zur Eintreibung der Forderung t\u00e4tig wird.<\/p>\n<p>Die Kosten k\u00f6nnen f\u00fcr jeden, der nicht p\u00fcnktlich bezahlt hat, erheblich steigen. Bitte beachten Sie, dass die Forderungen in diesem Stadium von unserer Partnerfirma bearbeitet werden und jeder, der eine Inkassomitteilung per Post erh\u00e4lt, seine Forderungen an diese zu bezahlen hat.<\/p>\n<p>Epass24 hat in allen europ\u00e4ischen L\u00e4ndern Inkassopartner ernannt, die im Auftrag von Mautbetreibern handeln.<\/p>\n<p>Wenn Sie eine Mahnung von einem unserer Partner erhalten haben, wenden Sie sich bei Fragen bitte direkt an ihn.<\/p>\n\t\t\t\t\t\t<\/div>\n\t\t\t\t<\/div>\n\t\t\t\t\t<\/div>\n\t\t<\/div>\n\t\t\t\t<div class=\"elementor-column elementor-col-50 elementor-inner-column elementor-element elementor-element-34760ff\" data-id=\"34760ff\" data-element_type=\"column\">\n\t\t\t<div class=\"elementor-widget-wrap elementor-element-populated\">\n\t\t\t\t\t\t\t\t<div class=\"elementor-element elementor-element-022cf7f elementor-widget elementor-widget-image\" data-id=\"022cf7f\" data-element_type=\"widget\" data-widget_type=\"image.default\">\n\t\t\t\t<div class=\"elementor-widget-container\">\n\t\t\t\t\t\t\t\t\t\t\t\t\t\t\t<img width=\"868\" height=\"748\" src=\"\/wp-content\/uploads\/map.png\" class=\"attachment-large size-large wp-image-1949\" alt=\"\" loading=\"lazy\" srcset=\"\/wp-content\/uploads\/map.png 868w, \/wp-content\/uploads\/map-300x259.png 300w, \/wp-content\/uploads\/map-768x662.png 768w\" sizes=\"(max-width: 868px) 100vw, 868px\" \/>\t\t\t\t\t\t\t\t\t\t\t\t\t\t\t<\/div>\n\t\t\t\t<\/div>\n\t\t\t\t\t<\/div>\n\t\t<\/div>\n\t\t\t\t\t\t\t<\/div>\n\t\t<\/section>\n\t\t\t\t\t<\/div>\n\t\t<\/div>\n\t\t\t\t\t\t\t<\/div>\n\t\t<\/section>\n\t\t\t\t\t\t\t<\/div>\n\t\t","protected":false},"excerpt":{"rendered":"<p>Gleichbehandlung aller Fahrzeughalter Europ\u00e4isches Inkasso Die Idee der Erhebung von Stra\u00dfenbenutzungsgeb\u00fchren ist es, die Menschen zu belasten, die bestimmte Br\u00fccken, Autobahnen, Stra\u00dfennetze oder Parkpl\u00e4tze benutzen. Leider zahlt eine kleine Minderheit von Menschen, weniger als 0,5 % aller Kunden, ihre Stra\u00dfenbenutzungsgeb\u00fchren oder Mahnungen nicht p\u00fcnktlich. Es ist gegen\u00fcber der gro\u00dfen Mehrheit der Menschen, die p\u00fcnktlich zahlen, [&hellip;]<\/p>\n","protected":false},"author":1,"featured_media":0,"parent":0,"menu_order":0,"comment_status":"closed","ping_status":"closed","template":"","meta":{"inline_featured_image":false},"acf":[],"_links":{"self":[{"href":"https:\/\/wordpress-epass24-test.azurewebsites.net\/de\/wp-json\/wp\/v2\/pages\/2755"}],"collection":[{"href":"https:\/\/wordpress-epass24-test.azurewebsites.net\/de\/wp-json\/wp\/v2\/pages"}],"about":[{"href":"https:\/\/wordpress-epass24-test.azurewebsites.net\/de\/wp-json\/wp\/v2\/types\/page"}],"author":[{"embeddable":true,"href":"https:\/\/wordpress-epass24-test.azurewebsites.net\/de\/wp-json\/wp\/v2\/users\/1"}],"replies":[{"embeddable":true,"href":"https:\/\/wordpress-epass24-test.azurewebsites.net\/de\/wp-json\/wp\/v2\/comments?post=2755"}],"version-history":[{"count":1,"href":"https:\/\/wordpress-epass24-test.azurewebsites.net\/de\/wp-json\/wp\/v2\/pages\/2755\/revisions"}],"predecessor-version":[{"id":2756,"href":"https:\/\/wordpress-epass24-test.azurewebsites.net\/de\/wp-json\/wp\/v2\/pages\/2755\/revisions\/2756"}],"wp:attachment":[{"href":"https:\/\/wordpress-epass24-test.azurewebsites.net\/de\/wp-json\/wp\/v2\/media?parent=2755"}],"curies":[{"name":"wp","href":"https:\/\/api.w.org\/{rel}","templated":true}]}}