{"id":2774,"date":"2021-04-29T10:41:31","date_gmt":"2021-04-29T10:41:31","guid":{"rendered":"http:\/\/epass24.uncleserj.com\/automatic-payment\/"},"modified":"2024-06-24T13:25:57","modified_gmt":"2024-06-24T13:25:57","slug":"automatic-payment","status":"publish","type":"page","link":"https:\/\/wordpress-epass24-test.azurewebsites.net\/da\/automatic-payment\/","title":{"rendered":"Automatic Payment"},"content":{"rendered":"\t\t<div data-elementor-type=\"wp-page\" data-elementor-id=\"2774\" class=\"elementor elementor-2774 elementor-491\">\n\t\t\t\t\t\t\t\t\t<section class=\"elementor-section elementor-top-section elementor-element elementor-element-e2902d8 elementor-section-content-middle elementor-section-boxed elementor-section-height-default elementor-section-height-default\" data-id=\"e2902d8\" data-element_type=\"section\" id=\"hero\" data-settings=\"{&quot;background_background&quot;:&quot;classic&quot;}\">\n\t\t\t\t\t\t<div class=\"elementor-container elementor-column-gap-default\">\n\t\t\t\t\t<div class=\"elementor-column elementor-col-100 elementor-top-column elementor-element elementor-element-6d569b3d hero-wrapper\" data-id=\"6d569b3d\" data-element_type=\"column\">\n\t\t\t<div class=\"elementor-widget-wrap elementor-element-populated\">\n\t\t\t\t\t\t\t\t<div class=\"elementor-element elementor-element-58295d1b elementor-widget elementor-widget-heading\" data-id=\"58295d1b\" data-element_type=\"widget\" data-widget_type=\"heading.default\">\n\t\t\t\t<div class=\"elementor-widget-container\">\n\t\t\t<h1 class=\"elementor-heading-title elementor-size-xl\">Betal dine vejafgifter med Epass24<\/h1>\t\t<\/div>\n\t\t\t\t<\/div>\n\t\t\t\t\t<\/div>\n\t\t<\/div>\n\t\t\t\t\t\t\t<\/div>\n\t\t<\/section>\n\t\t\t\t<section class=\"elementor-section elementor-top-section elementor-element elementor-element-9c013ac elementor-section-content-middle elementor-section-boxed elementor-section-height-default elementor-section-height-default\" data-id=\"9c013ac\" data-element_type=\"section\" data-settings=\"{&quot;background_background&quot;:&quot;classic&quot;}\">\n\t\t\t\t\t\t<div class=\"elementor-container elementor-column-gap-default\">\n\t\t\t\t\t<div class=\"elementor-column elementor-col-100 elementor-top-column elementor-element elementor-element-529c879\" data-id=\"529c879\" data-element_type=\"column\">\n\t\t\t<div class=\"elementor-widget-wrap elementor-element-populated\">\n\t\t\t\t\t\t\t\t<section class=\"elementor-section elementor-inner-section elementor-element elementor-element-9953b1f entry-content elementor-section-content-middle elementor-section-boxed elementor-section-height-default elementor-section-height-default\" data-id=\"9953b1f\" data-element_type=\"section\" data-settings=\"{&quot;background_background&quot;:&quot;classic&quot;}\">\n\t\t\t\t\t\t<div class=\"elementor-container elementor-column-gap-default\">\n\t\t\t\t\t<div class=\"elementor-column elementor-col-50 elementor-inner-column elementor-element elementor-element-4cb041a\" data-id=\"4cb041a\" data-element_type=\"column\">\n\t\t\t<div class=\"elementor-widget-wrap elementor-element-populated\">\n\t\t\t\t\t\t\t\t<div class=\"elementor-element elementor-element-76a1e55 elementor-widget elementor-widget-heading\" data-id=\"76a1e55\" data-element_type=\"widget\" data-widget_type=\"heading.default\">\n\t\t\t\t<div class=\"elementor-widget-container\">\n\t\t\t<h2 class=\"elementor-heading-title elementor-size-default\">Vejafgifter i Sverige og Norge<\/h2>\t\t<\/div>\n\t\t\t\t<\/div>\n\t\t\t\t<div class=\"elementor-element elementor-element-5704159 elementor-widget elementor-widget-text-editor\" data-id=\"5704159\" data-element_type=\"widget\" data-widget_type=\"text-editor.default\">\n\t\t\t\t<div class=\"elementor-widget-container\">\n\t\t\t\t\t\t\t<p>I Sverige og Norge skal alle k\u00f8ret\u00f8jer, herunder udenlandsk indregistrerede k\u00f8ret\u00f8jer, betale en vejafgift. ANPR-systemet (Automatic Number Plate Recognition System) registrerer automatisk k\u00f8ret\u00f8jer, der benytter vejnettet.<\/p>\n<p>Epass24 bruges af alle vejoperat\u00f8rer i Sverige og Norge til at lette betalingen af vejafgifter. Hvis dit k\u00f8ret\u00f8j er registreret i Sverige, kan du betale alle dine norske vejafgifter automatisk med Epass24. Du kan dog ikke bruge en Epass24-konto til at betale svenske vejafgifter, hvis dit k\u00f8ret\u00f8j er registreret i Sverige. Hvis du har et k\u00f8ret\u00f8j registreret i Norge, kan du bruge Epass24 til at betale dine svenske vejafgifter automatisk.<br \/><span style=\"color: var( --e-global-color-secondary );\"><br \/>Ejere af k\u00f8ret\u00f8jer, der er registreret uden for Sverige eller Norge, kan bruge Epass24 til at betale alle afgifter.<\/span><\/p>\n<p>En konto hos Epass24 sikrer, at du betaler det rigtige bel\u00f8b til tiden. Dette vil hj\u00e6lpe dig med at undg\u00e5 at betale for sent, s\u00e5 du slipper for, at den ber\u00f8rte vejoperat\u00f8r p\u00e5l\u00e6gger ekstra gebyrer for forsinket betaling.<\/p>\n<p>Du kan registrere flere k\u00f8ret\u00f8jer for nemmere administration og kontrol.<\/p>\n<p>Epass24 er gratis, du betaler kun for brug af vejene.<\/p>\n\t\t\t\t\t\t<\/div>\n\t\t\t\t<\/div>\n\t\t\t\t<div class=\"elementor-element elementor-element-211076e elementor-widget elementor-widget-text-editor\" data-id=\"211076e\" data-element_type=\"widget\" data-widget_type=\"text-editor.default\">\n\t\t\t\t<div class=\"elementor-widget-container\">\n\t\t\t\t\t\t\t<p><a class=\"btn btn-primary\" href=\"https:\/\/account.epass24.com\/da\/create\/step1\" target=\"_blank\" rel=\"noopener\">Opret konto<\/a><\/p>\n\t\t\t\t\t\t<\/div>\n\t\t\t\t<\/div>\n\t\t\t\t\t<\/div>\n\t\t<\/div>\n\t\t\t\t<div class=\"elementor-column elementor-col-50 elementor-inner-column elementor-element elementor-element-af7b5bd\" data-id=\"af7b5bd\" data-element_type=\"column\" data-settings=\"{&quot;background_background&quot;:&quot;classic&quot;}\">\n\t\t\t<div class=\"elementor-widget-wrap elementor-element-populated\">\n\t\t\t\t\t\t\t\t<div class=\"elementor-element elementor-element-9001d68 elementor-widget elementor-widget-text-editor\" data-id=\"9001d68\" data-element_type=\"widget\" data-widget_type=\"text-editor.default\">\n\t\t\t\t<div class=\"elementor-widget-container\">\n\t\t\t\t\t\t\t<figure>\n<p><i>\u201dDer udstedes et till\u00e6g p\u00e5 500 SEK, hvis du betaler tr\u00e6ngselsafgift i Sverige for sent.<\/i><\/p>\n<p><i> <\/i><\/p>\n<p><i>Med min Epass24-konto sikrer jeg, at betalingen altid foretages til tiden. Tak Epass!&#8221;<\/i><\/p><figcaption class=\"blockquote-footer\">Maximilian Herrmann, Dusselsdorf<\/figcaption><\/figure>\n\t\t\t\t\t\t<\/div>\n\t\t\t\t<\/div>\n\t\t\t\t<div class=\"elementor-element elementor-element-1f186f6 elementor-widget elementor-widget-text-editor\" data-id=\"1f186f6\" data-element_type=\"widget\" data-widget_type=\"text-editor.default\">\n\t\t\t\t<div class=\"elementor-widget-container\">\n\t\t\t\t\t\t\t<figure>\n<p><i>\u201dVar p\u00e5 en dejlig ferie i Norge og k\u00f8rte gennem Sverige. <br \/>&nbsp;<br \/>Under turen var jeg registreret p\u00e5 Epass24, og b\u00e5de mine svenske og norske vejafgifter blev trukket helt automatisk p\u00e5 mit kort. <\/p>\n<p>Super nemt og helt uden de stop ved betalingsanl\u00e6g, som man plejer at skulle g\u00f8re i Italien for at betale.&#8221;&nbsp;<\/i><\/p><figcaption class=\"blockquote-footer\">Michaela Ponzio, Milano<\/figcaption><\/figure>\n\t\t\t\t\t\t<\/div>\n\t\t\t\t<\/div>\n\t\t\t\t\t<\/div>\n\t\t<\/div>\n\t\t\t\t\t\t\t<\/div>\n\t\t<\/section>\n\t\t\t\t\t<\/div>\n\t\t<\/div>\n\t\t\t\t\t\t\t<\/div>\n\t\t<\/section>\n\t\t\t\t<section class=\"elementor-section elementor-top-section elementor-element elementor-element-cecc4f2 has-padding elementor-section-content-middle elementor-section-boxed elementor-section-height-default elementor-section-height-default\" data-id=\"cecc4f2\" data-element_type=\"section\" data-settings=\"{&quot;background_background&quot;:&quot;classic&quot;}\">\n\t\t\t\t\t\t<div class=\"elementor-container elementor-column-gap-default\">\n\t\t\t\t\t<div class=\"elementor-column elementor-col-50 elementor-top-column elementor-element elementor-element-1ce27260 min-height border-top-left-radius\" data-id=\"1ce27260\" data-element_type=\"column\" data-settings=\"{&quot;background_background&quot;:&quot;classic&quot;}\">\n\t\t\t<div class=\"elementor-widget-wrap\">\n\t\t\t\t\t\t\t\t\t<\/div>\n\t\t<\/div>\n\t\t\t\t<div class=\"elementor-column elementor-col-50 elementor-top-column elementor-element elementor-element-2060727e border-top-right-radius\" data-id=\"2060727e\" data-element_type=\"column\" data-settings=\"{&quot;background_background&quot;:&quot;classic&quot;}\">\n\t\t\t<div class=\"elementor-widget-wrap elementor-element-populated\">\n\t\t\t\t\t\t\t\t<div class=\"elementor-element elementor-element-164788cb elementor-widget elementor-widget-heading\" data-id=\"164788cb\" data-element_type=\"widget\" data-widget_type=\"heading.default\">\n\t\t\t\t<div class=\"elementor-widget-container\">\n\t\t\t<h3 class=\"elementor-heading-title elementor-size-xl\">Vejafgifter<\/h3>\t\t<\/div>\n\t\t\t\t<\/div>\n\t\t\t\t<div class=\"elementor-element elementor-element-6f624989 part elementor-widget elementor-widget-text-editor\" data-id=\"6f624989\" data-element_type=\"widget\" data-widget_type=\"text-editor.default\">\n\t\t\t\t<div class=\"elementor-widget-container\">\n\t\t\t\t\t\t\t<p>Vejafgifter indf\u00f8res med det form\u00e5l at forbedre infrastrukturen, sundheden og milj\u00f8et i samfundet.<\/p>\n\t\t\t\t\t\t<\/div>\n\t\t\t\t<\/div>\n\t\t\t\t<div class=\"elementor-element elementor-element-410c1ab5 bottom elementor-widget elementor-widget-text-editor\" data-id=\"410c1ab5\" data-element_type=\"widget\" data-widget_type=\"text-editor.default\">\n\t\t\t\t<div class=\"elementor-widget-container\">\n\t\t\t\t\t\t\t<p><a class=\"btn btn-primary\" title=\"L\u00e6s mere\" href=\"https:\/\/www.epass24.com\/da\/vejbrugerafgifter\/\">L\u00e6s mere<\/a><\/p>\n\t\t\t\t\t\t<\/div>\n\t\t\t\t<\/div>\n\t\t\t\t\t<\/div>\n\t\t<\/div>\n\t\t\t\t\t\t\t<\/div>\n\t\t<\/section>\n\t\t\t\t<section class=\"elementor-section elementor-top-section elementor-element elementor-element-5af6a7ea has-padding elementor-section-content-middle elementor-section-boxed elementor-section-height-default elementor-section-height-default\" data-id=\"5af6a7ea\" data-element_type=\"section\" data-settings=\"{&quot;background_background&quot;:&quot;classic&quot;}\">\n\t\t\t\t\t\t<div class=\"elementor-container elementor-column-gap-default\">\n\t\t\t\t\t<div class=\"elementor-column elementor-col-50 elementor-top-column elementor-element elementor-element-69a07202 border-bottom-left-radius\" data-id=\"69a07202\" data-element_type=\"column\" data-settings=\"{&quot;background_background&quot;:&quot;classic&quot;}\">\n\t\t\t<div class=\"elementor-widget-wrap elementor-element-populated\">\n\t\t\t\t\t\t\t\t<div class=\"elementor-element elementor-element-45c6c1ee elementor-widget elementor-widget-heading\" data-id=\"45c6c1ee\" data-element_type=\"widget\" data-widget_type=\"heading.default\">\n\t\t\t\t<div class=\"elementor-widget-container\">\n\t\t\t<h3 class=\"elementor-heading-title elementor-size-large\">Vejafgiftsoperat\u00f8rer<\/h3>\t\t<\/div>\n\t\t\t\t<\/div>\n\t\t\t\t<div class=\"elementor-element elementor-element-49136d06 part elementor-widget elementor-widget-text-editor\" data-id=\"49136d06\" data-element_type=\"widget\" data-widget_type=\"text-editor.default\">\n\t\t\t\t<div class=\"elementor-widget-container\">\n\t\t\t\t\t\t\t<p>Vejafgifter findes i forskellige former i langt de fleste europ\u00e6iske lande. De varetages og forvaltes af nationale og internationale vejoperat\u00f8rer.<\/p>\n\t\t\t\t\t\t<\/div>\n\t\t\t\t<\/div>\n\t\t\t\t<div class=\"elementor-element elementor-element-5aaa0691 bottom elementor-widget elementor-widget-text-editor\" data-id=\"5aaa0691\" data-element_type=\"widget\" data-widget_type=\"text-editor.default\">\n\t\t\t\t<div class=\"elementor-widget-container\">\n\t\t\t\t\t\t\t<p><a class=\"btn btn-primary\" title=\"L\u00e6s mere\" href=\"https:\/\/www.epass24.com\/da\/the-toll-operators\/\">L\u00e6s mere<\/a><\/p>\n\t\t\t\t\t\t<\/div>\n\t\t\t\t<\/div>\n\t\t\t\t\t<\/div>\n\t\t<\/div>\n\t\t\t\t<div class=\"elementor-column elementor-col-50 elementor-top-column elementor-element elementor-element-16706438 order min-height border-bottom-right-radius\" data-id=\"16706438\" data-element_type=\"column\" data-settings=\"{&quot;background_background&quot;:&quot;classic&quot;}\">\n\t\t\t<div class=\"elementor-widget-wrap\">\n\t\t\t\t\t\t\t\t\t<\/div>\n\t\t<\/div>\n\t\t\t\t\t\t\t<\/div>\n\t\t<\/section>\n\t\t\t\t\t\t\t<\/div>\n\t\t","protected":false},"excerpt":{"rendered":"<p>Betal dine vejafgifter med Epass24 Vejafgifter i Sverige og Norge I Sverige og Norge skal alle k\u00f8ret\u00f8jer, herunder udenlandsk indregistrerede k\u00f8ret\u00f8jer, betale en vejafgift. ANPR-systemet (Automatic Number Plate Recognition System) registrerer automatisk k\u00f8ret\u00f8jer, der benytter vejnettet. Epass24 bruges af alle vejoperat\u00f8rer i Sverige og Norge til at lette betalingen af vejafgifter. Hvis dit k\u00f8ret\u00f8j er [&hellip;]<\/p>\n","protected":false},"author":1,"featured_media":0,"parent":0,"menu_order":0,"comment_status":"closed","ping_status":"closed","template":"","meta":{"inline_featured_image":false},"acf":[],"_links":{"self":[{"href":"https:\/\/wordpress-epass24-test.azurewebsites.net\/da\/wp-json\/wp\/v2\/pages\/2774"}],"collection":[{"href":"https:\/\/wordpress-epass24-test.azurewebsites.net\/da\/wp-json\/wp\/v2\/pages"}],"about":[{"href":"https:\/\/wordpress-epass24-test.azurewebsites.net\/da\/wp-json\/wp\/v2\/types\/page"}],"author":[{"embeddable":true,"href":"https:\/\/wordpress-epass24-test.azurewebsites.net\/da\/wp-json\/wp\/v2\/users\/1"}],"replies":[{"embeddable":true,"href":"https:\/\/wordpress-epass24-test.azurewebsites.net\/da\/wp-json\/wp\/v2\/comments?post=2774"}],"version-history":[{"count":6,"href":"https:\/\/wordpress-epass24-test.azurewebsites.net\/da\/wp-json\/wp\/v2\/pages\/2774\/revisions"}],"predecessor-version":[{"id":6916,"href":"https:\/\/wordpress-epass24-test.azurewebsites.net\/da\/wp-json\/wp\/v2\/pages\/2774\/revisions\/6916"}],"wp:attachment":[{"href":"https:\/\/wordpress-epass24-test.azurewebsites.net\/da\/wp-json\/wp\/v2\/media?parent=2774"}],"curies":[{"name":"wp","href":"https:\/\/api.w.org\/{rel}","templated":true}]}}