{"id":2768,"date":"2021-04-29T10:30:39","date_gmt":"2021-04-29T10:30:39","guid":{"rendered":"http:\/\/epass24.uncleserj.com\/kundesupport\/"},"modified":"2022-09-19T13:49:41","modified_gmt":"2022-09-19T13:49:41","slug":"kundesupport","status":"publish","type":"page","link":"https:\/\/wordpress-epass24-test.azurewebsites.net\/da\/kundesupport\/","title":{"rendered":"Kundesupport"},"content":{"rendered":"\t\t<div data-elementor-type=\"wp-page\" data-elementor-id=\"2768\" class=\"elementor elementor-2768 elementor-618\">\n\t\t\t\t\t\t\t\t\t<section class=\"elementor-section elementor-top-section elementor-element elementor-element-66aaa548 elementor-section-content-middle elementor-section-boxed elementor-section-height-default elementor-section-height-default\" data-id=\"66aaa548\" data-element_type=\"section\" id=\"hero\" data-settings=\"{&quot;background_background&quot;:&quot;classic&quot;}\">\n\t\t\t\t\t\t<div class=\"elementor-container elementor-column-gap-default\">\n\t\t\t\t\t<div class=\"elementor-column elementor-col-100 elementor-top-column elementor-element elementor-element-7ca94152 hero-wrapper\" data-id=\"7ca94152\" data-element_type=\"column\">\n\t\t\t<div class=\"elementor-widget-wrap elementor-element-populated\">\n\t\t\t\t\t\t\t\t<div class=\"elementor-element elementor-element-4619b79 elementor-widget elementor-widget-heading\" data-id=\"4619b79\" data-element_type=\"widget\" data-widget_type=\"heading.default\">\n\t\t\t\t<div class=\"elementor-widget-container\">\n\t\t\t<h1 class=\"elementor-heading-title elementor-size-xl\">Velkommen til kundesupport, hvordan kan vi hj\u00e6lpe dig?<\/h1>\t\t<\/div>\n\t\t\t\t<\/div>\n\t\t\t\t\t<\/div>\n\t\t<\/div>\n\t\t\t\t\t\t\t<\/div>\n\t\t<\/section>\n\t\t\t\t<section class=\"elementor-section elementor-top-section elementor-element elementor-element-5e2a19b8 elementor-section-boxed elementor-section-height-default elementor-section-height-default\" data-id=\"5e2a19b8\" data-element_type=\"section\" data-settings=\"{&quot;background_background&quot;:&quot;classic&quot;}\">\n\t\t\t\t\t\t<div class=\"elementor-container elementor-column-gap-default\">\n\t\t\t\t\t<div class=\"elementor-column elementor-col-50 elementor-top-column elementor-element elementor-element-e4dab77 inner\" data-id=\"e4dab77\" data-element_type=\"column\">\n\t\t\t<div class=\"elementor-widget-wrap elementor-element-populated\">\n\t\t\t\t\t\t\t\t<div class=\"elementor-element elementor-element-7e57681a elementor-widget elementor-widget-heading\" data-id=\"7e57681a\" data-element_type=\"widget\" data-widget_type=\"heading.default\">\n\t\t\t\t<div class=\"elementor-widget-container\">\n\t\t\t<h2 class=\"elementor-heading-title elementor-size-large\">Forkert gebyr?<\/h2>\t\t<\/div>\n\t\t\t\t<\/div>\n\t\t\t\t<div class=\"elementor-element elementor-element-1b61642d elementor-widget elementor-widget-text-editor\" data-id=\"1b61642d\" data-element_type=\"widget\" data-widget_type=\"text-editor.default\">\n\t\t\t\t<div class=\"elementor-widget-container\">\n\t\t\t\t\t\t\t<p><span style=\"color: var( --e-global-color-secondary );\">Da vejafgiftssystemet er fuldt automatiseret, og dets anvendelse registreres via kameraer, kan k\u00f8ret\u00f8jerne registreres forkert. Det kan v\u00e6re, at landekoden eller registreringsnummeret ikke bliver rigtigt.<\/p>\n\t\t\t\t\t\t<\/div>\n\t\t\t\t<\/div>\n\t\t\t\t<div class=\"elementor-element elementor-element-167ee89 bottom elementor-widget elementor-widget-text-editor\" data-id=\"167ee89\" data-element_type=\"widget\" data-widget_type=\"text-editor.default\">\n\t\t\t\t<div class=\"elementor-widget-container\">\n\t\t\t\t\t\t\t<p><a class=\"btn btn-primary\" title=\"Bed om manuel kontrol\" href=\"https:\/\/www.epass24.com\/da\/appeal\/\" data-wplink-edit=\"true\">Anmodning om fornyet behandling<\/a><\/p>\n\t\t\t\t\t\t<\/div>\n\t\t\t\t<\/div>\n\t\t\t\t\t<\/div>\n\t\t<\/div>\n\t\t\t\t<div class=\"elementor-column elementor-col-50 elementor-top-column elementor-element elementor-element-1c8a9eed inner\" data-id=\"1c8a9eed\" data-element_type=\"column\">\n\t\t\t<div class=\"elementor-widget-wrap elementor-element-populated\">\n\t\t\t\t\t\t\t\t<div class=\"elementor-element elementor-element-224670dd elementor-widget elementor-widget-heading\" data-id=\"224670dd\" data-element_type=\"widget\" data-widget_type=\"heading.default\">\n\t\t\t\t<div class=\"elementor-widget-container\">\n\t\t\t<h2 class=\"elementor-heading-title elementor-size-large\">Ikke mit k\u00f8ret\u00f8j<\/h2>\t\t<\/div>\n\t\t\t\t<\/div>\n\t\t\t\t<div class=\"elementor-element elementor-element-12ca1e9e elementor-widget elementor-widget-text-editor\" data-id=\"12ca1e9e\" data-element_type=\"widget\" data-widget_type=\"text-editor.default\">\n\t\t\t\t<div class=\"elementor-widget-container\">\n\t\t\t\t\t\t\t<p>N\u00e5r vi sender k\u00f8ret\u00f8jsejere meddelelse om betaling af vejafgiften, henter vi data fra det nationale k\u00f8ret\u00f8jsregister. Nogle gange sker det, at et ejerskifte ikke er blevet registreret til tiden, hvorfor den forkerte person modtager anmodningen om betaling.<\/p>\n\t\t\t\t\t\t<\/div>\n\t\t\t\t<\/div>\n\t\t\t\t<div class=\"elementor-element elementor-element-d930991 bottom elementor-widget elementor-widget-text-editor\" data-id=\"d930991\" data-element_type=\"widget\" data-widget_type=\"text-editor.default\">\n\t\t\t\t<div class=\"elementor-widget-container\">\n\t\t\t\t\t\t\t<p><a class=\"btn btn-primary\" title=\"Anden ejer af k\u00f8ret\u00f8jet\" href=\"https:\/\/www.epass24.com\/da\/appeal\/\">Anmodning om fornyet behandling<\/a><\/p>\n\t\t\t\t\t\t<\/div>\n\t\t\t\t<\/div>\n\t\t\t\t\t<\/div>\n\t\t<\/div>\n\t\t\t\t\t\t\t<\/div>\n\t\t<\/section>\n\t\t\t\t<section class=\"elementor-section elementor-top-section elementor-element elementor-element-5e9b67c2 has-padding elementor-section-content-middle elementor-section-boxed elementor-section-height-default elementor-section-height-default\" data-id=\"5e9b67c2\" data-element_type=\"section\" data-settings=\"{&quot;background_background&quot;:&quot;classic&quot;}\">\n\t\t\t\t\t\t<div class=\"elementor-container elementor-column-gap-default\">\n\t\t\t\t\t<div class=\"elementor-column elementor-col-50 elementor-top-column elementor-element elementor-element-6c778942 min-height border-top-left-radius\" data-id=\"6c778942\" data-element_type=\"column\" data-settings=\"{&quot;background_background&quot;:&quot;classic&quot;}\">\n\t\t\t<div class=\"elementor-widget-wrap elementor-element-populated\">\n\t\t\t\t\t\t\t\t<div class=\"elementor-element elementor-element-7d10b57 overlinkfull elementor-widget elementor-widget-html\" data-id=\"7d10b57\" data-element_type=\"widget\" data-widget_type=\"html.default\">\n\t\t\t\t<div class=\"elementor-widget-container\">\n\t\t\t<a href=\"https:\/\/www.epass24.com\/da\/debt-collection\/\"><\/a>\t\t<\/div>\n\t\t\t\t<\/div>\n\t\t\t\t\t<\/div>\n\t\t<\/div>\n\t\t\t\t<div class=\"elementor-column elementor-col-50 elementor-top-column elementor-element elementor-element-1725b0b5 border-top-right-radius\" data-id=\"1725b0b5\" data-element_type=\"column\" data-settings=\"{&quot;background_background&quot;:&quot;classic&quot;}\">\n\t\t\t<div class=\"elementor-widget-wrap elementor-element-populated\">\n\t\t\t\t\t\t\t\t<div class=\"elementor-element elementor-element-2e697547 overlink elementor-widget elementor-widget-heading\" data-id=\"2e697547\" data-element_type=\"widget\" data-widget_type=\"heading.default\">\n\t\t\t\t<div class=\"elementor-widget-container\">\n\t\t\t<h3 class=\"elementor-heading-title elementor-size-xl\"><a href=\"https:\/\/www.epass24.com\/da\/debt-collection\/\">Sagen kan indleveres til inkasso<\/a><\/h3>\t\t<\/div>\n\t\t\t\t<\/div>\n\t\t\t\t\t<\/div>\n\t\t<\/div>\n\t\t\t\t\t\t\t<\/div>\n\t\t<\/section>\n\t\t\t\t<section class=\"elementor-section elementor-top-section elementor-element elementor-element-6e8a4d09 has-padding elementor-section-content-middle elementor-section-boxed elementor-section-height-default elementor-section-height-default\" data-id=\"6e8a4d09\" data-element_type=\"section\" data-settings=\"{&quot;background_background&quot;:&quot;classic&quot;}\">\n\t\t\t\t\t\t<div class=\"elementor-container elementor-column-gap-default\">\n\t\t\t\t\t<div class=\"elementor-column elementor-col-50 elementor-top-column elementor-element elementor-element-54506f64 border-bottom-left-radius\" data-id=\"54506f64\" data-element_type=\"column\" data-settings=\"{&quot;background_background&quot;:&quot;classic&quot;}\">\n\t\t\t<div class=\"elementor-widget-wrap elementor-element-populated\">\n\t\t\t\t\t\t\t\t<div class=\"elementor-element elementor-element-2ca92c4c overlink elementor-widget elementor-widget-heading\" data-id=\"2ca92c4c\" data-element_type=\"widget\" data-widget_type=\"heading.default\">\n\t\t\t\t<div class=\"elementor-widget-container\">\n\t\t\t<h3 class=\"elementor-heading-title elementor-size-xl\"><a href=\"https:\/\/www.epass24.com\/da\/handling-of-personal-data\/\">S\u00e5dan behandler vi personoplysninger<\/a><\/h3>\t\t<\/div>\n\t\t\t\t<\/div>\n\t\t\t\t\t<\/div>\n\t\t<\/div>\n\t\t\t\t<div class=\"elementor-column elementor-col-50 elementor-top-column elementor-element elementor-element-783563c8 order min-height border-bottom-right-radius\" data-id=\"783563c8\" data-element_type=\"column\" data-settings=\"{&quot;background_background&quot;:&quot;classic&quot;}\">\n\t\t\t<div class=\"elementor-widget-wrap elementor-element-populated\">\n\t\t\t\t\t\t\t\t<div class=\"elementor-element elementor-element-5f5c76f overlinkfull elementor-widget elementor-widget-html\" data-id=\"5f5c76f\" data-element_type=\"widget\" data-widget_type=\"html.default\">\n\t\t\t\t<div class=\"elementor-widget-container\">\n\t\t\t<a href=\"https:\/\/www.epass24.com\/da\/handling-of-personal-data\/\"><\/a>\t\t<\/div>\n\t\t\t\t<\/div>\n\t\t\t\t\t<\/div>\n\t\t<\/div>\n\t\t\t\t\t\t\t<\/div>\n\t\t<\/section>\n\t\t\t\t<section class=\"elementor-section elementor-top-section elementor-element elementor-element-3695199 elementor-section-boxed elementor-section-height-default elementor-section-height-default\" data-id=\"3695199\" data-element_type=\"section\" data-settings=\"{&quot;background_background&quot;:&quot;classic&quot;}\">\n\t\t\t\t\t\t<div class=\"elementor-container elementor-column-gap-default\">\n\t\t\t\t\t<div class=\"elementor-column elementor-col-50 elementor-top-column elementor-element elementor-element-c6190b1 inner\" data-id=\"c6190b1\" data-element_type=\"column\">\n\t\t\t<div class=\"elementor-widget-wrap elementor-element-populated\">\n\t\t\t\t\t\t\t\t<div class=\"elementor-element elementor-element-3eb0e59 elementor-widget elementor-widget-heading\" data-id=\"3eb0e59\" data-element_type=\"widget\" data-widget_type=\"heading.default\">\n\t\t\t\t<div class=\"elementor-widget-container\">\n\t\t\t<h2 class=\"elementor-heading-title elementor-size-large\">Mener du stadig, der er noget galt?<\/h2>\t\t<\/div>\n\t\t\t\t<\/div>\n\t\t\t\t<div class=\"elementor-element elementor-element-e885b92 mb-0 elementor-widget elementor-widget-text-editor\" data-id=\"e885b92\" data-element_type=\"widget\" data-widget_type=\"text-editor.default\">\n\t\t\t\t<div class=\"elementor-widget-container\">\n\t\t\t\t\t\t\t\t\t\t\t\t\t<\/div>\n\t\t\t\t<\/div>\n\t\t\t\t<div class=\"elementor-element elementor-element-263b0f7 bottom elementor-widget elementor-widget-text-editor\" data-id=\"263b0f7\" data-element_type=\"widget\" data-widget_type=\"text-editor.default\">\n\t\t\t\t<div class=\"elementor-widget-container\">\n\t\t\t\t\t\t\t<p><a class=\"btn btn-primary\" href=\"https:\/\/www.epass24.com\/da\/appeal\/\"><strong>Anmodning om fornyet behandling<\/strong><\/a><\/p>\n\t\t\t\t\t\t<\/div>\n\t\t\t\t<\/div>\n\t\t\t\t\t<\/div>\n\t\t<\/div>\n\t\t\t\t<div class=\"elementor-column elementor-col-50 elementor-top-column elementor-element elementor-element-8ca24ce inner\" data-id=\"8ca24ce\" data-element_type=\"column\">\n\t\t\t<div class=\"elementor-widget-wrap elementor-element-populated\">\n\t\t\t\t\t\t\t\t<div class=\"elementor-element elementor-element-0075f70 elementor-widget elementor-widget-heading\" data-id=\"0075f70\" data-element_type=\"widget\" data-widget_type=\"heading.default\">\n\t\t\t\t<div class=\"elementor-widget-container\">\n\t\t\t<h2 class=\"elementor-heading-title elementor-size-large\">Kundesupport<\/h2>\t\t<\/div>\n\t\t\t\t<\/div>\n\t\t\t\t<div class=\"elementor-element elementor-element-7ea3dca elementor-widget elementor-widget-text-editor\" data-id=\"7ea3dca\" data-element_type=\"widget\" data-widget_type=\"text-editor.default\">\n\t\t\t\t<div class=\"elementor-widget-container\">\n\t\t\t\t\t\t\t<div class=\"d-md-flex justify-content-between\">\n<div class=\"flex-grow-1\">\n<p class=\"d-flex justify-content-between\" style=\"max-width: 350px;\">Mandag &#8211; torsdag <strong>09:00 &#8211; 17:00<\/strong><\/p>\n<p class=\"d-flex justify-content-between\" style=\"max-width: 350px;\">Fredag<strong>09:00 &#8211; 16:00<\/strong><\/p>\n<p class=\"d-flex justify-content-between\" style=\"max-width: 350px;\">L\u00f8rdag og s\u00f8ndag<strong>Lukket<\/strong><\/p>\n<p class=\"d-flex justify-content-between\" style=\"max-width: 350px;\">Helligdage<strong>Lukket<\/strong><\/p>\n<\/div>\n<div class=\"flex-grow-1 text-md-center\">\n<h5 class=\"mb-0\"><a style=\"color: var(--e-global-color-primary);\" href=\"+4578749650\"><strong>+45 78 74 96 50<br \/>\n<\/strong><\/a><\/h5>\n<h5 class=\"mb-3\"><a style=\"color: var(--e-global-color-primary);\" href=\"mailto:dk@epass24.com\"><strong>dk@epass24.com<\/strong><\/a><\/h5>\n<\/div>\n<\/div>\n\t\t\t\t\t\t<\/div>\n\t\t\t\t<\/div>\n\t\t\t\t\t<\/div>\n\t\t<\/div>\n\t\t\t\t\t\t\t<\/div>\n\t\t<\/section>\n\t\t\t\t\t\t\t<\/div>\n\t\t","protected":false},"excerpt":{"rendered":"<p>Velkommen til kundesupport, hvordan kan vi hj\u00e6lpe dig? Forkert gebyr? Da vejafgiftssystemet er fuldt automatiseret, og dets anvendelse registreres via kameraer, kan k\u00f8ret\u00f8jerne registreres forkert. Det kan v\u00e6re, at landekoden eller registreringsnummeret ikke bliver rigtigt. Anmodning om fornyet behandling Ikke mit k\u00f8ret\u00f8j N\u00e5r vi sender k\u00f8ret\u00f8jsejere meddelelse om betaling af vejafgiften, henter vi data fra [&hellip;]<\/p>\n","protected":false},"author":1,"featured_media":0,"parent":0,"menu_order":0,"comment_status":"closed","ping_status":"closed","template":"","meta":{"inline_featured_image":false},"acf":[],"_links":{"self":[{"href":"https:\/\/wordpress-epass24-test.azurewebsites.net\/da\/wp-json\/wp\/v2\/pages\/2768"}],"collection":[{"href":"https:\/\/wordpress-epass24-test.azurewebsites.net\/da\/wp-json\/wp\/v2\/pages"}],"about":[{"href":"https:\/\/wordpress-epass24-test.azurewebsites.net\/da\/wp-json\/wp\/v2\/types\/page"}],"author":[{"embeddable":true,"href":"https:\/\/wordpress-epass24-test.azurewebsites.net\/da\/wp-json\/wp\/v2\/users\/1"}],"replies":[{"embeddable":true,"href":"https:\/\/wordpress-epass24-test.azurewebsites.net\/da\/wp-json\/wp\/v2\/comments?post=2768"}],"version-history":[{"count":12,"href":"https:\/\/wordpress-epass24-test.azurewebsites.net\/da\/wp-json\/wp\/v2\/pages\/2768\/revisions"}],"predecessor-version":[{"id":5065,"href":"https:\/\/wordpress-epass24-test.azurewebsites.net\/da\/wp-json\/wp\/v2\/pages\/2768\/revisions\/5065"}],"wp:attachment":[{"href":"https:\/\/wordpress-epass24-test.azurewebsites.net\/da\/wp-json\/wp\/v2\/media?parent=2768"}],"curies":[{"name":"wp","href":"https:\/\/api.w.org\/{rel}","templated":true}]}}